{"id":738828,"date":"2025-03-03T17:53:47","date_gmt":"2025-03-03T16:53:47","guid":{"rendered":"https:\/\/stoic-curie.212-227-153-4.plesk.page\/producto\/dichtungsprofil-trim-lok-20-bis-70mm-x-15mt\/"},"modified":"2026-02-24T23:35:26","modified_gmt":"2026-02-24T23:35:26","slug":"dichtungsprofil-trim-lok-20-bis-70mm-x-15mt","status":"publish","type":"product","link":"https:\/\/stoic-curie.212-227-153-4.plesk.page\/de\/product\/dichtungsprofil-trim-lok-20-bis-70mm-x-15mt\/","title":{"rendered":"Dichtungsprofil Trim-lok 2,0 bis 7,0mm x 15mt"},"content":{"rendered":"<p>Dichtungsprofil Trim-lok 2,0 bis 7,0mm x 15mt &#8211; <\/p>\n<p>Co-extrudierte Trim-Lok-Dichtungen f\u00fcr T\u00fcren, Luken und Verschl\u00fcsse. Bestehend aus einem expandierten EPDM-Gummiring, der auf ein PVC-Profil extrudiert ist. Dank der Konstruktion mit einer in das Gummi eingegossenen Stahlfeder l\u00e4sst sich die Dichtung einfach montieren und passt sich m\u00fchelos an die abzudichtende Kante an. Mehrere Verriegelungsschnappen sorgen f\u00fcr eine perfekte Dichtung, auch ohne Klebstoff. 15 Meter Packung.<\/p>\n","protected":false},"excerpt":{"rendered":"<p>Dichtungsprofil Trim-lok 2,0 bis 7,0mm x 15mt &#8211; Co-extrudierte Trim-Lok-Dichtungen f\u00fcr T\u00fcren, Luken und Verschl\u00fcsse. Bestehend aus einem expandierten EPDM-Gummiring,<\/p>\n","protected":false},"featured_media":5948823,"comment_status":"open","ping_status":"closed","template":"","meta":[],"product_brand":[3480],"product_cat":[1415],"product_tag":[],"class_list":{"0":"post-738828","1":"product","2":"type-product","3":"status-publish","4":"has-post-thumbnail","6":"product_brand-tessilmare-de","7":"product_cat-bootsluken","9":"first","10":"instock","11":"shipping-taxable","12":"purchasable","13":"product-type-simple"},"_links":{"self":[{"href":"https:\/\/stoic-curie.212-227-153-4.plesk.page\/de\/wp-json\/wp\/v2\/product\/738828","targetHints":{"allow":["GET"]}}],"collection":[{"href":"https:\/\/stoic-curie.212-227-153-4.plesk.page\/de\/wp-json\/wp\/v2\/product"}],"about":[{"href":"https:\/\/stoic-curie.212-227-153-4.plesk.page\/de\/wp-json\/wp\/v2\/types\/product"}],"replies":[{"embeddable":true,"href":"https:\/\/stoic-curie.212-227-153-4.plesk.page\/de\/wp-json\/wp\/v2\/comments?post=738828"}],"version-history":[{"count":0,"href":"https:\/\/stoic-curie.212-227-153-4.plesk.page\/de\/wp-json\/wp\/v2\/product\/738828\/revisions"}],"wp:featuredmedia":[{"embeddable":true,"href":"https:\/\/stoic-curie.212-227-153-4.plesk.page\/de\/wp-json\/wp\/v2\/media\/5948823"}],"wp:attachment":[{"href":"https:\/\/stoic-curie.212-227-153-4.plesk.page\/de\/wp-json\/wp\/v2\/media?parent=738828"}],"wp:term":[{"taxonomy":"product_brand","embeddable":true,"href":"https:\/\/stoic-curie.212-227-153-4.plesk.page\/de\/wp-json\/wp\/v2\/product_brand?post=738828"},{"taxonomy":"product_cat","embeddable":true,"href":"https:\/\/stoic-curie.212-227-153-4.plesk.page\/de\/wp-json\/wp\/v2\/product_cat?post=738828"},{"taxonomy":"product_tag","embeddable":true,"href":"https:\/\/stoic-curie.212-227-153-4.plesk.page\/de\/wp-json\/wp\/v2\/product_tag?post=738828"}],"curies":[{"name":"wp","href":"https:\/\/api.w.org\/{rel}","templated":true}]}}