{"id":738829,"date":"2025-03-03T17:53:48","date_gmt":"2025-03-03T16:53:48","guid":{"rendered":"https:\/\/stoic-curie.212-227-153-4.plesk.page\/producto\/abschlussprofil-trim-lok-schwarz-230-x-125mm-x-15-meter\/"},"modified":"2026-02-24T23:35:26","modified_gmt":"2026-02-24T23:35:26","slug":"abschlussprofil-trim-lok-schwarz-230-x-125mm-x-15-meter","status":"publish","type":"product","link":"https:\/\/stoic-curie.212-227-153-4.plesk.page\/de\/product\/abschlussprofil-trim-lok-schwarz-230-x-125mm-x-15-meter\/","title":{"rendered":"Abschlussprofil Trim-lok Schwarz 23,0 x 12,5mm x 15 Meter"},"content":{"rendered":"<p>Abschlussprofil Trim-lok Schwarz 23,0 x 12,5mm x 15 Meter &#8211; <\/p>\n<p>Trim-Lok Tropfenprofil f\u00fcr den Ablauf von Wasser und Tropfen, die sich an der Oberkante von \u00d6ffnungen, Fenstern und T\u00fcren bilden. Bei Anwendung auf \u00dcberbauten verhindert sie das Ausf\u00fcllen von Cockpits und Bilgen. Komplett mit starkem 3M-Kleber, der speziell f\u00fcr den Au\u00dfeneinsatz geeignet ist, l\u00e4sst sie sich dank der flexiblen PVC-Struktur, die sich an die Form der Kante anpasst, leicht montieren. Verpackung mit 15 Metern.<\/p>\n","protected":false},"excerpt":{"rendered":"<p>Abschlussprofil Trim-lok Schwarz 23,0 x 12,5mm x 15 Meter &#8211; Trim-Lok Tropfenprofil f\u00fcr den Ablauf von Wasser und Tropfen, die<\/p>\n","protected":false},"featured_media":5948826,"comment_status":"open","ping_status":"closed","template":"","meta":[],"product_brand":[3480],"product_cat":[1565],"product_tag":[],"class_list":{"0":"post-738829","1":"product","2":"type-product","3":"status-publish","4":"has-post-thumbnail","6":"product_brand-tessilmare-de","7":"product_cat-fender-profile","9":"first","10":"instock","11":"shipping-taxable","12":"purchasable","13":"product-type-simple"},"_links":{"self":[{"href":"https:\/\/stoic-curie.212-227-153-4.plesk.page\/de\/wp-json\/wp\/v2\/product\/738829","targetHints":{"allow":["GET"]}}],"collection":[{"href":"https:\/\/stoic-curie.212-227-153-4.plesk.page\/de\/wp-json\/wp\/v2\/product"}],"about":[{"href":"https:\/\/stoic-curie.212-227-153-4.plesk.page\/de\/wp-json\/wp\/v2\/types\/product"}],"replies":[{"embeddable":true,"href":"https:\/\/stoic-curie.212-227-153-4.plesk.page\/de\/wp-json\/wp\/v2\/comments?post=738829"}],"version-history":[{"count":0,"href":"https:\/\/stoic-curie.212-227-153-4.plesk.page\/de\/wp-json\/wp\/v2\/product\/738829\/revisions"}],"wp:featuredmedia":[{"embeddable":true,"href":"https:\/\/stoic-curie.212-227-153-4.plesk.page\/de\/wp-json\/wp\/v2\/media\/5948826"}],"wp:attachment":[{"href":"https:\/\/stoic-curie.212-227-153-4.plesk.page\/de\/wp-json\/wp\/v2\/media?parent=738829"}],"wp:term":[{"taxonomy":"product_brand","embeddable":true,"href":"https:\/\/stoic-curie.212-227-153-4.plesk.page\/de\/wp-json\/wp\/v2\/product_brand?post=738829"},{"taxonomy":"product_cat","embeddable":true,"href":"https:\/\/stoic-curie.212-227-153-4.plesk.page\/de\/wp-json\/wp\/v2\/product_cat?post=738829"},{"taxonomy":"product_tag","embeddable":true,"href":"https:\/\/stoic-curie.212-227-153-4.plesk.page\/de\/wp-json\/wp\/v2\/product_tag?post=738829"}],"curies":[{"name":"wp","href":"https:\/\/api.w.org\/{rel}","templated":true}]}}