{"id":738831,"date":"2025-03-03T17:53:48","date_gmt":"2025-03-03T16:53:48","guid":{"rendered":"https:\/\/stoic-curie.212-227-153-4.plesk.page\/producto\/johnson-aqua-void-bilgenpumpe-ref-800-v-12\/"},"modified":"2026-02-24T23:35:26","modified_gmt":"2026-02-24T23:35:26","slug":"johnson-aqua-void-bilgenpumpe-ref-800-v-12","status":"publish","type":"product","link":"https:\/\/stoic-curie.212-227-153-4.plesk.page\/de\/product\/johnson-aqua-void-bilgenpumpe-ref-800-v-12\/","title":{"rendered":"Johnson aqua void Bilgenpumpe ref 800 v 12"},"content":{"rendered":"<p>Johnson aqua void Bilgenpumpe ref 800 v 12  &#8211; <\/p>\n<p>Hochwertige und langlebige Johnson Aqua Void Tauchbilgepumpe mit abnehmbarem Boden und Kopf zur einfachen Reinigung. Mit wasserdichtem Kabelverschluss, Ersatzsicherungen und Deutsch-Stecker f\u00fcr eine schnelle Trennung vom Stromnetz w\u00e4hrend der Wartung. Thermoplastischer K\u00f6rper mit wassergek\u00fchltem, geschlossenen Motor und Edelstahlwelle. 3\/4&#8243;-Gewindeport mit 20 mm geraden und winkelverstellbaren Schlauchanschl\u00fcssen einschlie\u00dflich Dichtung und R\u00fcckschlagventil. Pumpenabmessungen 70 x 133 x H119 mm.<\/p>\n","protected":false},"excerpt":{"rendered":"<p>Johnson aqua void Bilgenpumpe ref 800 v 12 &#8211; Hochwertige und langlebige Johnson Aqua Void Tauchbilgepumpe mit abnehmbarem Boden und<\/p>\n","protected":false},"featured_media":5948842,"comment_status":"open","ping_status":"closed","template":"","meta":[],"product_brand":[3045],"product_cat":[1372],"product_tag":[],"class_list":{"0":"post-738831","1":"product","2":"type-product","3":"status-publish","4":"has-post-thumbnail","6":"product_brand-johnson-marine-de","7":"product_cat-elektrische-bilgepumpen","9":"first","10":"instock","11":"shipping-taxable","12":"purchasable","13":"product-type-simple"},"_links":{"self":[{"href":"https:\/\/stoic-curie.212-227-153-4.plesk.page\/de\/wp-json\/wp\/v2\/product\/738831","targetHints":{"allow":["GET"]}}],"collection":[{"href":"https:\/\/stoic-curie.212-227-153-4.plesk.page\/de\/wp-json\/wp\/v2\/product"}],"about":[{"href":"https:\/\/stoic-curie.212-227-153-4.plesk.page\/de\/wp-json\/wp\/v2\/types\/product"}],"replies":[{"embeddable":true,"href":"https:\/\/stoic-curie.212-227-153-4.plesk.page\/de\/wp-json\/wp\/v2\/comments?post=738831"}],"version-history":[{"count":0,"href":"https:\/\/stoic-curie.212-227-153-4.plesk.page\/de\/wp-json\/wp\/v2\/product\/738831\/revisions"}],"wp:featuredmedia":[{"embeddable":true,"href":"https:\/\/stoic-curie.212-227-153-4.plesk.page\/de\/wp-json\/wp\/v2\/media\/5948842"}],"wp:attachment":[{"href":"https:\/\/stoic-curie.212-227-153-4.plesk.page\/de\/wp-json\/wp\/v2\/media?parent=738831"}],"wp:term":[{"taxonomy":"product_brand","embeddable":true,"href":"https:\/\/stoic-curie.212-227-153-4.plesk.page\/de\/wp-json\/wp\/v2\/product_brand?post=738831"},{"taxonomy":"product_cat","embeddable":true,"href":"https:\/\/stoic-curie.212-227-153-4.plesk.page\/de\/wp-json\/wp\/v2\/product_cat?post=738831"},{"taxonomy":"product_tag","embeddable":true,"href":"https:\/\/stoic-curie.212-227-153-4.plesk.page\/de\/wp-json\/wp\/v2\/product_tag?post=738831"}],"curies":[{"name":"wp","href":"https:\/\/api.w.org\/{rel}","templated":true}]}}