{"id":738834,"date":"2025-03-03T17:53:49","date_gmt":"2025-03-03T16:53:49","guid":{"rendered":"https:\/\/stoic-curie.212-227-153-4.plesk.page\/producto\/raymarine-i40-tiefe\/"},"modified":"2026-02-24T23:35:26","modified_gmt":"2026-02-24T23:35:26","slug":"raymarine-i40-tiefe","status":"publish","type":"product","link":"https:\/\/stoic-curie.212-227-153-4.plesk.page\/de\/product\/raymarine-i40-tiefe\/","title":{"rendered":"Raymarine I40 Tiefe"},"content":{"rendered":"<p>Raymarine I40 Tiefe &#8211; <\/p>\n<p>Kompaktes und funktionsf\u00e4higes Raymarine i40 Tiefenmessger\u00e4t mit einem leicht abzulesenden LCD-Display mit 28 mm gro\u00dfen Ziffern. Vollst\u00e4ndig kompatibel mit allen Raymarine-Navigationsger\u00e4ten. Zeigt die Tiefe mit verschiedenen Alarm-Einstellungen f\u00fcr das Boot und den Anker an. Komplett mit einem durch den Rumpf montierten P7-Kunststoff-Sender.<\/p>\n","protected":false},"excerpt":{"rendered":"<p>Raymarine I40 Tiefe &#8211; Kompaktes und funktionsf\u00e4higes Raymarine i40 Tiefenmessger\u00e4t mit einem leicht abzulesenden LCD-Display mit 28 mm gro\u00dfen Ziffern.<\/p>\n","protected":false},"featured_media":5948852,"comment_status":"open","ping_status":"closed","template":"","meta":[],"product_brand":[3300],"product_cat":[1457],"product_tag":[],"class_list":{"0":"post-738834","1":"product","2":"type-product","3":"status-publish","4":"has-post-thumbnail","6":"product_brand-raymarine-de","7":"product_cat-bootelektronik","9":"first","10":"instock","11":"shipping-taxable","12":"purchasable","13":"product-type-simple"},"_links":{"self":[{"href":"https:\/\/stoic-curie.212-227-153-4.plesk.page\/de\/wp-json\/wp\/v2\/product\/738834","targetHints":{"allow":["GET"]}}],"collection":[{"href":"https:\/\/stoic-curie.212-227-153-4.plesk.page\/de\/wp-json\/wp\/v2\/product"}],"about":[{"href":"https:\/\/stoic-curie.212-227-153-4.plesk.page\/de\/wp-json\/wp\/v2\/types\/product"}],"replies":[{"embeddable":true,"href":"https:\/\/stoic-curie.212-227-153-4.plesk.page\/de\/wp-json\/wp\/v2\/comments?post=738834"}],"version-history":[{"count":0,"href":"https:\/\/stoic-curie.212-227-153-4.plesk.page\/de\/wp-json\/wp\/v2\/product\/738834\/revisions"}],"wp:featuredmedia":[{"embeddable":true,"href":"https:\/\/stoic-curie.212-227-153-4.plesk.page\/de\/wp-json\/wp\/v2\/media\/5948852"}],"wp:attachment":[{"href":"https:\/\/stoic-curie.212-227-153-4.plesk.page\/de\/wp-json\/wp\/v2\/media?parent=738834"}],"wp:term":[{"taxonomy":"product_brand","embeddable":true,"href":"https:\/\/stoic-curie.212-227-153-4.plesk.page\/de\/wp-json\/wp\/v2\/product_brand?post=738834"},{"taxonomy":"product_cat","embeddable":true,"href":"https:\/\/stoic-curie.212-227-153-4.plesk.page\/de\/wp-json\/wp\/v2\/product_cat?post=738834"},{"taxonomy":"product_tag","embeddable":true,"href":"https:\/\/stoic-curie.212-227-153-4.plesk.page\/de\/wp-json\/wp\/v2\/product_tag?post=738834"}],"curies":[{"name":"wp","href":"https:\/\/api.w.org\/{rel}","templated":true}]}}