{"id":738835,"date":"2025-03-03T17:53:49","date_gmt":"2025-03-03T16:53:49","guid":{"rendered":"https:\/\/stoic-curie.212-227-153-4.plesk.page\/producto\/pack-raymarine-i50-speed\/"},"modified":"2026-02-24T23:35:26","modified_gmt":"2026-02-24T23:35:26","slug":"pack-raymarine-i50-speed","status":"publish","type":"product","link":"https:\/\/stoic-curie.212-227-153-4.plesk.page\/de\/product\/pack-raymarine-i50-speed\/","title":{"rendered":"Pack Raymarine I50 speed"},"content":{"rendered":"<p>Pack Raymarine I50 speed &#8211; <\/p>\n<p>Kompaktes und funktionales Raymarine i50 Speed Pack Instrument mit LCD-Display, mit SeaTalk- und NMEA2000-Schnittstelle, bietet vollst\u00e4ndige Integration mit Raymarine-Navigationsger\u00e4ten. Es zeigt die Geschwindigkeit \u00fcber Wasser oder die Geschwindigkeit \u00fcber Grund (mit GPS), die Wassertemperatur und einen Teil- sowie Gesamtkilometerz\u00e4hler an. Komplett mit herausziehbarem Kunststoff-Durchbruch-ST900\/P120 Geschwindigkeits-\/Temperaturf\u00fchler. Mit integriertem F\u00fchlerinterface.<\/p>\n","protected":false},"excerpt":{"rendered":"<p>Pack Raymarine I50 speed &#8211; Kompaktes und funktionales Raymarine i50 Speed Pack Instrument mit LCD-Display, mit SeaTalk- und NMEA2000-Schnittstelle, bietet<\/p>\n","protected":false},"featured_media":5948854,"comment_status":"open","ping_status":"closed","template":"","meta":[],"product_brand":[3300],"product_cat":[1457],"product_tag":[],"class_list":{"0":"post-738835","1":"product","2":"type-product","3":"status-publish","4":"has-post-thumbnail","6":"product_brand-raymarine-de","7":"product_cat-bootelektronik","9":"first","10":"outofstock","11":"shipping-taxable","12":"purchasable","13":"product-type-simple"},"_links":{"self":[{"href":"https:\/\/stoic-curie.212-227-153-4.plesk.page\/de\/wp-json\/wp\/v2\/product\/738835","targetHints":{"allow":["GET"]}}],"collection":[{"href":"https:\/\/stoic-curie.212-227-153-4.plesk.page\/de\/wp-json\/wp\/v2\/product"}],"about":[{"href":"https:\/\/stoic-curie.212-227-153-4.plesk.page\/de\/wp-json\/wp\/v2\/types\/product"}],"replies":[{"embeddable":true,"href":"https:\/\/stoic-curie.212-227-153-4.plesk.page\/de\/wp-json\/wp\/v2\/comments?post=738835"}],"version-history":[{"count":0,"href":"https:\/\/stoic-curie.212-227-153-4.plesk.page\/de\/wp-json\/wp\/v2\/product\/738835\/revisions"}],"wp:featuredmedia":[{"embeddable":true,"href":"https:\/\/stoic-curie.212-227-153-4.plesk.page\/de\/wp-json\/wp\/v2\/media\/5948854"}],"wp:attachment":[{"href":"https:\/\/stoic-curie.212-227-153-4.plesk.page\/de\/wp-json\/wp\/v2\/media?parent=738835"}],"wp:term":[{"taxonomy":"product_brand","embeddable":true,"href":"https:\/\/stoic-curie.212-227-153-4.plesk.page\/de\/wp-json\/wp\/v2\/product_brand?post=738835"},{"taxonomy":"product_cat","embeddable":true,"href":"https:\/\/stoic-curie.212-227-153-4.plesk.page\/de\/wp-json\/wp\/v2\/product_cat?post=738835"},{"taxonomy":"product_tag","embeddable":true,"href":"https:\/\/stoic-curie.212-227-153-4.plesk.page\/de\/wp-json\/wp\/v2\/product_tag?post=738835"}],"curies":[{"name":"wp","href":"https:\/\/api.w.org\/{rel}","templated":true}]}}