{"id":738844,"date":"2025-03-03T17:53:51","date_gmt":"2025-03-03T16:53:51","guid":{"rendered":"https:\/\/stoic-curie.212-227-153-4.plesk.page\/producto\/garmin-215i\/"},"modified":"2026-02-24T23:35:26","modified_gmt":"2026-02-24T23:35:26","slug":"garmin-215i","status":"publish","type":"product","link":"https:\/\/stoic-curie.212-227-153-4.plesk.page\/de\/product\/garmin-215i\/","title":{"rendered":"Garmin 215i"},"content":{"rendered":"<p>Garmin 215i &#8211; <\/p>\n<p>IPX7 wasserdichtes und kompaktes DSC Klasse D Garmin VHF mit integriertem GPS-Empf\u00e4nger. Perfekt integriert mit anderen Ger\u00e4ten dank der NMEA2000-Konnektivit\u00e4t. Erm\u00f6glicht den Anschluss einer zweiten Station \u00fcber das GHS11i-Handset. Der 215i AIS-Typ ist mit integriertem AIS (Automatisches Identifikationssystem) ausgestattet, das es erm\u00f6glicht, Ziele der Klassen A und B auf dem Kartenplotter zu \u00fcberwachen. Mit Megafonfunktion, 12V Stromversorgung, Sendeleistung 25W. Komplett mit Stromkabel, Montagehalterung, Schutzabdeckung, Einbaukit und Mikrofonhalter. Abmessungen: 197 x 149 x H98 mm<\/p>\n","protected":false},"excerpt":{"rendered":"<p>Garmin 215i &#8211; IPX7 wasserdichtes und kompaktes DSC Klasse D Garmin VHF mit integriertem GPS-Empf\u00e4nger. Perfekt integriert mit anderen Ger\u00e4ten<\/p>\n","protected":false},"featured_media":5948062,"comment_status":"open","ping_status":"closed","template":"","meta":[],"product_brand":[2970],"product_cat":[1457],"product_tag":[],"class_list":{"0":"post-738844","1":"product","2":"type-product","3":"status-publish","4":"has-post-thumbnail","6":"product_brand-garmin-de","7":"product_cat-bootelektronik","9":"first","10":"outofstock","11":"shipping-taxable","12":"purchasable","13":"product-type-simple"},"_links":{"self":[{"href":"https:\/\/stoic-curie.212-227-153-4.plesk.page\/de\/wp-json\/wp\/v2\/product\/738844","targetHints":{"allow":["GET"]}}],"collection":[{"href":"https:\/\/stoic-curie.212-227-153-4.plesk.page\/de\/wp-json\/wp\/v2\/product"}],"about":[{"href":"https:\/\/stoic-curie.212-227-153-4.plesk.page\/de\/wp-json\/wp\/v2\/types\/product"}],"replies":[{"embeddable":true,"href":"https:\/\/stoic-curie.212-227-153-4.plesk.page\/de\/wp-json\/wp\/v2\/comments?post=738844"}],"version-history":[{"count":0,"href":"https:\/\/stoic-curie.212-227-153-4.plesk.page\/de\/wp-json\/wp\/v2\/product\/738844\/revisions"}],"wp:featuredmedia":[{"embeddable":true,"href":"https:\/\/stoic-curie.212-227-153-4.plesk.page\/de\/wp-json\/wp\/v2\/media\/5948062"}],"wp:attachment":[{"href":"https:\/\/stoic-curie.212-227-153-4.plesk.page\/de\/wp-json\/wp\/v2\/media?parent=738844"}],"wp:term":[{"taxonomy":"product_brand","embeddable":true,"href":"https:\/\/stoic-curie.212-227-153-4.plesk.page\/de\/wp-json\/wp\/v2\/product_brand?post=738844"},{"taxonomy":"product_cat","embeddable":true,"href":"https:\/\/stoic-curie.212-227-153-4.plesk.page\/de\/wp-json\/wp\/v2\/product_cat?post=738844"},{"taxonomy":"product_tag","embeddable":true,"href":"https:\/\/stoic-curie.212-227-153-4.plesk.page\/de\/wp-json\/wp\/v2\/product_tag?post=738844"}],"curies":[{"name":"wp","href":"https:\/\/api.w.org\/{rel}","templated":true}]}}