{"id":738846,"date":"2025-03-03T17:53:52","date_gmt":"2025-03-03T16:53:52","guid":{"rendered":"https:\/\/stoic-curie.212-227-153-4.plesk.page\/producto\/jobe-chaser-gruen-3p\/"},"modified":"2026-02-24T23:35:26","modified_gmt":"2026-02-24T23:35:26","slug":"jobe-chaser-gruen-3p","status":"publish","type":"product","link":"https:\/\/stoic-curie.212-227-153-4.plesk.page\/de\/product\/jobe-chaser-gruen-3p\/","title":{"rendered":"Jobe Chaser Gr\u00fcn 3p"},"content":{"rendered":"<p>Jobe Chaser Gr\u00fcn 3p &#8211; <\/p>\n<p>Klassisches Banana-Towable aus strapazierf\u00e4higem 28G PVC mit sch\u00fctzender Abdeckung aus 840D Nylon. Verst\u00e4rkter Abschleppring, Boston-Ventil, schaumgef\u00fcllte Griffe und Neopren-Sitzpolster. Mit 3 Jahren Garantie nach Registrierung auf der Jobe-Website.<\/p>\n","protected":false},"excerpt":{"rendered":"<p>Jobe Chaser Gr\u00fcn 3p &#8211; Klassisches Banana-Towable aus strapazierf\u00e4higem 28G PVC mit sch\u00fctzender Abdeckung aus 840D Nylon. Verst\u00e4rkter Abschleppring, Boston-Ventil,<\/p>\n","protected":false},"featured_media":5948872,"comment_status":"open","ping_status":"closed","template":"","meta":[],"product_brand":[3040],"product_cat":[1559],"product_tag":[],"class_list":{"0":"post-738846","1":"product","2":"type-product","3":"status-publish","4":"has-post-thumbnail","6":"product_brand-jobe-sports-de","7":"product_cat-wasserski-zubehoer","9":"first","10":"instock","11":"shipping-taxable","12":"purchasable","13":"product-type-simple"},"_links":{"self":[{"href":"https:\/\/stoic-curie.212-227-153-4.plesk.page\/de\/wp-json\/wp\/v2\/product\/738846","targetHints":{"allow":["GET"]}}],"collection":[{"href":"https:\/\/stoic-curie.212-227-153-4.plesk.page\/de\/wp-json\/wp\/v2\/product"}],"about":[{"href":"https:\/\/stoic-curie.212-227-153-4.plesk.page\/de\/wp-json\/wp\/v2\/types\/product"}],"replies":[{"embeddable":true,"href":"https:\/\/stoic-curie.212-227-153-4.plesk.page\/de\/wp-json\/wp\/v2\/comments?post=738846"}],"version-history":[{"count":0,"href":"https:\/\/stoic-curie.212-227-153-4.plesk.page\/de\/wp-json\/wp\/v2\/product\/738846\/revisions"}],"wp:featuredmedia":[{"embeddable":true,"href":"https:\/\/stoic-curie.212-227-153-4.plesk.page\/de\/wp-json\/wp\/v2\/media\/5948872"}],"wp:attachment":[{"href":"https:\/\/stoic-curie.212-227-153-4.plesk.page\/de\/wp-json\/wp\/v2\/media?parent=738846"}],"wp:term":[{"taxonomy":"product_brand","embeddable":true,"href":"https:\/\/stoic-curie.212-227-153-4.plesk.page\/de\/wp-json\/wp\/v2\/product_brand?post=738846"},{"taxonomy":"product_cat","embeddable":true,"href":"https:\/\/stoic-curie.212-227-153-4.plesk.page\/de\/wp-json\/wp\/v2\/product_cat?post=738846"},{"taxonomy":"product_tag","embeddable":true,"href":"https:\/\/stoic-curie.212-227-153-4.plesk.page\/de\/wp-json\/wp\/v2\/product_tag?post=738846"}],"curies":[{"name":"wp","href":"https:\/\/api.w.org\/{rel}","templated":true}]}}