{"id":738847,"date":"2025-03-03T17:53:52","date_gmt":"2025-03-03T16:53:52","guid":{"rendered":"https:\/\/stoic-curie.212-227-153-4.plesk.page\/producto\/wasserski-jobe-allegre-blau-170\/"},"modified":"2026-02-24T23:35:26","modified_gmt":"2026-02-24T23:35:26","slug":"wasserski-jobe-allegre-blau-170","status":"publish","type":"product","link":"https:\/\/stoic-curie.212-227-153-4.plesk.page\/de\/product\/wasserski-jobe-allegre-blau-170\/","title":{"rendered":"Wasserski Jobe Allegre Blau 170"},"content":{"rendered":"<p>Wasserski Jobe Allegre Blau 170 &#8211; <\/p>\n<p>Jobe Wasserski wurden mit der besten Kombination aus Leistung und Man\u00f6vrierf\u00e4higkeit entwickelt. Die Konstruktion mit injizierten Fiberglas-R\u00e4ndern und zus\u00e4tzlichen Metallstangen sorgt f\u00fcr erh\u00f6hte Steifigkeit und eine gl\u00e4nzende, sch\u00fctzende Oberfl\u00e4chenbeschichtung. Das Paket enth\u00e4lt verst\u00e4rkte Bindungen, die von Gr\u00f6\u00dfe 36 bis 47 verstellbar sind, sowie eine hochsichtbare Finne. Zus\u00e4tzlich beinhaltet das Skipaket eine Tasche zur Aufbewahrung der Skier, ein 18 m langes Ziehseil, eine universelle Schwimmweste und eine Signalflagge f\u00fcr Wassersport.<\/p>\n","protected":false},"excerpt":{"rendered":"<p>Wasserski Jobe Allegre Blau 170 &#8211; Jobe Wasserski wurden mit der besten Kombination aus Leistung und Man\u00f6vrierf\u00e4higkeit entwickelt. Die Konstruktion<\/p>\n","protected":false},"featured_media":5948877,"comment_status":"open","ping_status":"closed","template":"","meta":[],"product_brand":[3040],"product_cat":[1559],"product_tag":[],"class_list":{"0":"post-738847","1":"product","2":"type-product","3":"status-publish","4":"has-post-thumbnail","6":"product_brand-jobe-sports-de","7":"product_cat-wasserski-zubehoer","9":"first","10":"instock","11":"shipping-taxable","12":"purchasable","13":"product-type-simple"},"_links":{"self":[{"href":"https:\/\/stoic-curie.212-227-153-4.plesk.page\/de\/wp-json\/wp\/v2\/product\/738847","targetHints":{"allow":["GET"]}}],"collection":[{"href":"https:\/\/stoic-curie.212-227-153-4.plesk.page\/de\/wp-json\/wp\/v2\/product"}],"about":[{"href":"https:\/\/stoic-curie.212-227-153-4.plesk.page\/de\/wp-json\/wp\/v2\/types\/product"}],"replies":[{"embeddable":true,"href":"https:\/\/stoic-curie.212-227-153-4.plesk.page\/de\/wp-json\/wp\/v2\/comments?post=738847"}],"version-history":[{"count":0,"href":"https:\/\/stoic-curie.212-227-153-4.plesk.page\/de\/wp-json\/wp\/v2\/product\/738847\/revisions"}],"wp:featuredmedia":[{"embeddable":true,"href":"https:\/\/stoic-curie.212-227-153-4.plesk.page\/de\/wp-json\/wp\/v2\/media\/5948877"}],"wp:attachment":[{"href":"https:\/\/stoic-curie.212-227-153-4.plesk.page\/de\/wp-json\/wp\/v2\/media?parent=738847"}],"wp:term":[{"taxonomy":"product_brand","embeddable":true,"href":"https:\/\/stoic-curie.212-227-153-4.plesk.page\/de\/wp-json\/wp\/v2\/product_brand?post=738847"},{"taxonomy":"product_cat","embeddable":true,"href":"https:\/\/stoic-curie.212-227-153-4.plesk.page\/de\/wp-json\/wp\/v2\/product_cat?post=738847"},{"taxonomy":"product_tag","embeddable":true,"href":"https:\/\/stoic-curie.212-227-153-4.plesk.page\/de\/wp-json\/wp\/v2\/product_tag?post=738847"}],"curies":[{"name":"wp","href":"https:\/\/api.w.org\/{rel}","templated":true}]}}