{"id":738848,"date":"2025-03-03T17:54:35","date_gmt":"2025-03-03T16:54:35","guid":{"rendered":"https:\/\/stoic-curie.212-227-153-4.plesk.page\/producto\/wasserski-jobe-allegre-rot-170\/"},"modified":"2026-02-24T23:35:26","modified_gmt":"2026-02-24T23:35:26","slug":"wasserski-jobe-allegre-rot-170","status":"publish","type":"product","link":"https:\/\/stoic-curie.212-227-153-4.plesk.page\/de\/product\/wasserski-jobe-allegre-rot-170\/","title":{"rendered":"Wasserski Jobe Allegre Rot 170"},"content":{"rendered":"<p>Wasserski Jobe Allegre Rot 170 &#8211; <\/p>\n<p>Jobe Wasserski, entworfen mit der besten Kombination aus Leistung und Wendigkeit. Die Konstruktion mit einem spritzgegossenem Fiberglasrahmen und zus\u00e4tzlichen Metallst\u00e4ben sorgt f\u00fcr h\u00f6here Steifigkeit und eine gl\u00e4nzende, sch\u00fctzende Oberfl\u00e4chenbeschichtung. Komplett mit verst\u00e4rkten Bindungen, die von Gr\u00f6\u00dfe 36 bis 47 verstellbar sind, und einer hochsichtbaren Finne. Das Skipaket beinhaltet dar\u00fcber hinaus eine Tasche zur Aufbewahrung der Skier, ein 18 m langes Zugseil, eine universelle Schwimmweste und eine Wassersportsignalflagge.<\/p>\n","protected":false},"excerpt":{"rendered":"<p>Wasserski Jobe Allegre Rot 170 &#8211; Jobe Wasserski, entworfen mit der besten Kombination aus Leistung und Wendigkeit. Die Konstruktion mit<\/p>\n","protected":false},"featured_media":5948879,"comment_status":"open","ping_status":"closed","template":"","meta":[],"product_brand":[3040],"product_cat":[1559],"product_tag":[],"class_list":{"0":"post-738848","1":"product","2":"type-product","3":"status-publish","4":"has-post-thumbnail","6":"product_brand-jobe-sports-de","7":"product_cat-wasserski-zubehoer","9":"first","10":"instock","11":"shipping-taxable","12":"purchasable","13":"product-type-simple"},"_links":{"self":[{"href":"https:\/\/stoic-curie.212-227-153-4.plesk.page\/de\/wp-json\/wp\/v2\/product\/738848","targetHints":{"allow":["GET"]}}],"collection":[{"href":"https:\/\/stoic-curie.212-227-153-4.plesk.page\/de\/wp-json\/wp\/v2\/product"}],"about":[{"href":"https:\/\/stoic-curie.212-227-153-4.plesk.page\/de\/wp-json\/wp\/v2\/types\/product"}],"replies":[{"embeddable":true,"href":"https:\/\/stoic-curie.212-227-153-4.plesk.page\/de\/wp-json\/wp\/v2\/comments?post=738848"}],"version-history":[{"count":0,"href":"https:\/\/stoic-curie.212-227-153-4.plesk.page\/de\/wp-json\/wp\/v2\/product\/738848\/revisions"}],"wp:featuredmedia":[{"embeddable":true,"href":"https:\/\/stoic-curie.212-227-153-4.plesk.page\/de\/wp-json\/wp\/v2\/media\/5948879"}],"wp:attachment":[{"href":"https:\/\/stoic-curie.212-227-153-4.plesk.page\/de\/wp-json\/wp\/v2\/media?parent=738848"}],"wp:term":[{"taxonomy":"product_brand","embeddable":true,"href":"https:\/\/stoic-curie.212-227-153-4.plesk.page\/de\/wp-json\/wp\/v2\/product_brand?post=738848"},{"taxonomy":"product_cat","embeddable":true,"href":"https:\/\/stoic-curie.212-227-153-4.plesk.page\/de\/wp-json\/wp\/v2\/product_cat?post=738848"},{"taxonomy":"product_tag","embeddable":true,"href":"https:\/\/stoic-curie.212-227-153-4.plesk.page\/de\/wp-json\/wp\/v2\/product_tag?post=738848"}],"curies":[{"name":"wp","href":"https:\/\/api.w.org\/{rel}","templated":true}]}}