{"id":738850,"date":"2025-03-03T17:54:43","date_gmt":"2025-03-03T16:54:43","guid":{"rendered":"https:\/\/stoic-curie.212-227-153-4.plesk.page\/producto\/jobe-boat-rack\/"},"modified":"2026-02-24T23:35:26","modified_gmt":"2026-02-24T23:35:26","slug":"jobe-boat-rack","status":"publish","type":"product","link":"https:\/\/stoic-curie.212-227-153-4.plesk.page\/de\/product\/jobe-boat-rack\/","title":{"rendered":"Jobe boat rack"},"content":{"rendered":"<p>Jobe boat rack &#8211; <\/p>\n<p>Jobe Aluminiumlegierungs-SUP-Bootstr\u00e4ger mit starken Gummib\u00e4ndern, um das Board an Ort und Stelle zu halten. Weiche EVA-Schaumeins\u00e4tze sch\u00fctzen die Seiten, und verstellbare Klemmen passen zu jeder Gel\u00e4nderh\u00f6he und -dicke. Geeignet f\u00fcr jedes Boot mit geraden Gel\u00e4ndern an den Seiten des Decks mit einem Durchmesser von 7\/8&#8243;, 1&#8243; und 1-1\/4&#8243;.<\/p>\n","protected":false},"excerpt":{"rendered":"<p>Jobe boat rack &#8211; Jobe Aluminiumlegierungs-SUP-Bootstr\u00e4ger mit starken Gummib\u00e4ndern, um das Board an Ort und Stelle zu halten. Weiche EVA-Schaumeins\u00e4tze<\/p>\n","protected":false},"featured_media":5948882,"comment_status":"open","ping_status":"closed","template":"","meta":[],"product_brand":[3040],"product_cat":[1558],"product_tag":[],"class_list":{"0":"post-738850","1":"product","2":"type-product","3":"status-publish","4":"has-post-thumbnail","6":"product_brand-jobe-sports-de","7":"product_cat-stand-up-paddle","9":"first","10":"instock","11":"shipping-taxable","12":"purchasable","13":"product-type-simple"},"_links":{"self":[{"href":"https:\/\/stoic-curie.212-227-153-4.plesk.page\/de\/wp-json\/wp\/v2\/product\/738850","targetHints":{"allow":["GET"]}}],"collection":[{"href":"https:\/\/stoic-curie.212-227-153-4.plesk.page\/de\/wp-json\/wp\/v2\/product"}],"about":[{"href":"https:\/\/stoic-curie.212-227-153-4.plesk.page\/de\/wp-json\/wp\/v2\/types\/product"}],"replies":[{"embeddable":true,"href":"https:\/\/stoic-curie.212-227-153-4.plesk.page\/de\/wp-json\/wp\/v2\/comments?post=738850"}],"version-history":[{"count":0,"href":"https:\/\/stoic-curie.212-227-153-4.plesk.page\/de\/wp-json\/wp\/v2\/product\/738850\/revisions"}],"wp:featuredmedia":[{"embeddable":true,"href":"https:\/\/stoic-curie.212-227-153-4.plesk.page\/de\/wp-json\/wp\/v2\/media\/5948882"}],"wp:attachment":[{"href":"https:\/\/stoic-curie.212-227-153-4.plesk.page\/de\/wp-json\/wp\/v2\/media?parent=738850"}],"wp:term":[{"taxonomy":"product_brand","embeddable":true,"href":"https:\/\/stoic-curie.212-227-153-4.plesk.page\/de\/wp-json\/wp\/v2\/product_brand?post=738850"},{"taxonomy":"product_cat","embeddable":true,"href":"https:\/\/stoic-curie.212-227-153-4.plesk.page\/de\/wp-json\/wp\/v2\/product_cat?post=738850"},{"taxonomy":"product_tag","embeddable":true,"href":"https:\/\/stoic-curie.212-227-153-4.plesk.page\/de\/wp-json\/wp\/v2\/product_tag?post=738850"}],"curies":[{"name":"wp","href":"https:\/\/api.w.org\/{rel}","templated":true}]}}