{"id":738852,"date":"2025-03-03T17:54:43","date_gmt":"2025-03-03T16:54:43","guid":{"rendered":"https:\/\/stoic-curie.212-227-153-4.plesk.page\/producto\/segelstiefel-helly-hansen-nordvik-blau-42\/"},"modified":"2026-02-24T23:35:26","modified_gmt":"2026-02-24T23:35:26","slug":"segelstiefel-helly-hansen-nordvik-blau-42","status":"publish","type":"product","link":"https:\/\/stoic-curie.212-227-153-4.plesk.page\/de\/product\/segelstiefel-helly-hansen-nordvik-blau-42\/","title":{"rendered":"Segelstiefel Helly Hansen Nordvik Blau 42"},"content":{"rendered":"<p>Segelstiefel Helly Hansen Nordvik Blau 42 &#8211; <\/p>\n<p>Leichter, kn\u00f6chelfreier HH Nordvik-Stiefel, ideal f\u00fcr nautische Aktivit\u00e4ten. Er vereint Stil und Komfort auf einfache Weise. Flache Sohle mit Rillen, die eine au\u00dfergew\u00f6hnliche Haftung gew\u00e4hrleisten.<\/p>\n","protected":false},"excerpt":{"rendered":"<p>Segelstiefel Helly Hansen Nordvik Blau 42 &#8211; Leichter, kn\u00f6chelfreier HH Nordvik-Stiefel, ideal f\u00fcr nautische Aktivit\u00e4ten. Er vereint Stil und Komfort<\/p>\n","protected":false},"featured_media":5945652,"comment_status":"open","ping_status":"closed","template":"","meta":[],"product_brand":[3000],"product_cat":[1572],"product_tag":[],"class_list":{"0":"post-738852","1":"product","2":"type-product","3":"status-publish","4":"has-post-thumbnail","6":"product_brand-helly-hansen-de","7":"product_cat-segelstiefel","9":"first","10":"instock","11":"shipping-taxable","12":"purchasable","13":"product-type-simple"},"_links":{"self":[{"href":"https:\/\/stoic-curie.212-227-153-4.plesk.page\/de\/wp-json\/wp\/v2\/product\/738852","targetHints":{"allow":["GET"]}}],"collection":[{"href":"https:\/\/stoic-curie.212-227-153-4.plesk.page\/de\/wp-json\/wp\/v2\/product"}],"about":[{"href":"https:\/\/stoic-curie.212-227-153-4.plesk.page\/de\/wp-json\/wp\/v2\/types\/product"}],"replies":[{"embeddable":true,"href":"https:\/\/stoic-curie.212-227-153-4.plesk.page\/de\/wp-json\/wp\/v2\/comments?post=738852"}],"version-history":[{"count":0,"href":"https:\/\/stoic-curie.212-227-153-4.plesk.page\/de\/wp-json\/wp\/v2\/product\/738852\/revisions"}],"wp:featuredmedia":[{"embeddable":true,"href":"https:\/\/stoic-curie.212-227-153-4.plesk.page\/de\/wp-json\/wp\/v2\/media\/5945652"}],"wp:attachment":[{"href":"https:\/\/stoic-curie.212-227-153-4.plesk.page\/de\/wp-json\/wp\/v2\/media?parent=738852"}],"wp:term":[{"taxonomy":"product_brand","embeddable":true,"href":"https:\/\/stoic-curie.212-227-153-4.plesk.page\/de\/wp-json\/wp\/v2\/product_brand?post=738852"},{"taxonomy":"product_cat","embeddable":true,"href":"https:\/\/stoic-curie.212-227-153-4.plesk.page\/de\/wp-json\/wp\/v2\/product_cat?post=738852"},{"taxonomy":"product_tag","embeddable":true,"href":"https:\/\/stoic-curie.212-227-153-4.plesk.page\/de\/wp-json\/wp\/v2\/product_tag?post=738852"}],"curies":[{"name":"wp","href":"https:\/\/api.w.org\/{rel}","templated":true}]}}