{"id":738856,"date":"2025-03-03T17:54:44","date_gmt":"2025-03-03T16:54:44","guid":{"rendered":"https:\/\/stoic-curie.212-227-153-4.plesk.page\/producto\/rostfreie-platten-uflex-304-x-304mm\/"},"modified":"2026-02-24T23:35:26","modified_gmt":"2026-02-24T23:35:26","slug":"rostfreie-platten-uflex-304-x-304mm","status":"publish","type":"product","link":"https:\/\/stoic-curie.212-227-153-4.plesk.page\/de\/product\/rostfreie-platten-uflex-304-x-304mm\/","title":{"rendered":"Rostfreie Platten Uflex 304 x 304mm"},"content":{"rendered":"<p>Rostfreie Platten Uflex 304 x 304mm &#8211; <\/p>\n<p>Wartungsfreies und einfach zu installierendes elektromechanisches 12V Uflex-Trimm-Kit. Es ben\u00f6tigt keine elektrische oder hydraulische Steuereinheit und keine Schl\u00e4uche. Das Steuerpanel mit Joystick erm\u00f6glicht es, die Tabs auszurichten, um die Roll- und Nicklage anzupassen. Das Steuerger\u00e4t umfasst auch die Auto-Ausrichtungsfunktion f\u00fcr die automatische Ausrichtung der Klappen im deaktivierten Zustand und kann auch als Schalter f\u00fcr einen m\u00f6glichen zweiten Joystick-Station verwendet werden. Das Kit enth\u00e4lt zwei AT-Aktoren und das Steuerger\u00e4t mit verchromtem Joystick. Die Edelstahl-Fl\u00e4chen m\u00fcssen separat erworben werden; sie k\u00f6nnen standardisiert oder mit einem spiegelpolierten Hochleistungsprofil sein. <br \/> &#8211; Verbessern Sie die Kraftstoffwirtschaftlichkeit und den Komfort der Passagiere <br \/> &#8211; Tabs, die f\u00fcr die anspruchsvollsten Seebedingungen gebaut sind <br \/> &#8211; Installation mit nur einem kleinen Loch pro Tab durch den Spiegel.<\/p>\n","protected":false},"excerpt":{"rendered":"<p>Rostfreie Platten Uflex 304 x 304mm &#8211; Wartungsfreies und einfach zu installierendes elektromechanisches 12V Uflex-Trimm-Kit. Es ben\u00f6tigt keine elektrische oder<\/p>\n","protected":false},"featured_media":5948740,"comment_status":"open","ping_status":"closed","template":"","meta":[],"product_brand":[3500],"product_cat":[1519],"product_tag":[],"class_list":{"0":"post-738856","1":"product","2":"type-product","3":"status-publish","4":"has-post-thumbnail","6":"product_brand-ultraflex-uflex-de","7":"product_cat-trimklappen","9":"first","10":"instock","11":"shipping-taxable","12":"purchasable","13":"product-type-simple"},"_links":{"self":[{"href":"https:\/\/stoic-curie.212-227-153-4.plesk.page\/de\/wp-json\/wp\/v2\/product\/738856","targetHints":{"allow":["GET"]}}],"collection":[{"href":"https:\/\/stoic-curie.212-227-153-4.plesk.page\/de\/wp-json\/wp\/v2\/product"}],"about":[{"href":"https:\/\/stoic-curie.212-227-153-4.plesk.page\/de\/wp-json\/wp\/v2\/types\/product"}],"replies":[{"embeddable":true,"href":"https:\/\/stoic-curie.212-227-153-4.plesk.page\/de\/wp-json\/wp\/v2\/comments?post=738856"}],"version-history":[{"count":0,"href":"https:\/\/stoic-curie.212-227-153-4.plesk.page\/de\/wp-json\/wp\/v2\/product\/738856\/revisions"}],"wp:featuredmedia":[{"embeddable":true,"href":"https:\/\/stoic-curie.212-227-153-4.plesk.page\/de\/wp-json\/wp\/v2\/media\/5948740"}],"wp:attachment":[{"href":"https:\/\/stoic-curie.212-227-153-4.plesk.page\/de\/wp-json\/wp\/v2\/media?parent=738856"}],"wp:term":[{"taxonomy":"product_brand","embeddable":true,"href":"https:\/\/stoic-curie.212-227-153-4.plesk.page\/de\/wp-json\/wp\/v2\/product_brand?post=738856"},{"taxonomy":"product_cat","embeddable":true,"href":"https:\/\/stoic-curie.212-227-153-4.plesk.page\/de\/wp-json\/wp\/v2\/product_cat?post=738856"},{"taxonomy":"product_tag","embeddable":true,"href":"https:\/\/stoic-curie.212-227-153-4.plesk.page\/de\/wp-json\/wp\/v2\/product_tag?post=738856"}],"curies":[{"name":"wp","href":"https:\/\/api.w.org\/{rel}","templated":true}]}}