{"id":738859,"date":"2025-03-03T17:54:45","date_gmt":"2025-03-03T16:54:45","guid":{"rendered":"https:\/\/stoic-curie.212-227-153-4.plesk.page\/producto\/kit-hydraulikschlaeuche-ultraflex-nautech-7-5mt\/"},"modified":"2026-02-24T23:35:26","modified_gmt":"2026-02-24T23:35:26","slug":"kit-hydraulikschlaeuche-ultraflex-nautech-7-5mt","status":"publish","type":"product","link":"https:\/\/stoic-curie.212-227-153-4.plesk.page\/de\/product\/kit-hydraulikschlaeuche-ultraflex-nautech-7-5mt\/","title":{"rendered":"Kit Hydraulikschl\u00e4uche Ultraflex Nautech 7.5mt"},"content":{"rendered":"<p>Kit Hydraulikschl\u00e4uche Ultraflex Nautech 7.5mt &#8211; <\/p>\n<p>Nautech1 Steuerungssystem-Kit f\u00fcr Au\u00dfenbordmotoren: Mercury 2 und 4ST von 100 bis 300 PS &#8211; Yamaha 4ST von F70 bis F150 und von F200 bis F300 &#8211; Honda 4ST 75\/90\/115A und von 135 bis 250 PS &#8211; Suzuki 4ST von 100 bis 175 PS &#8211; Tohatsu 4ST von 70 bis 115 PS &#8211; Selva 2ST von 80 bis 150 und 4ST 150 PS &#8211; Johnson 4ST von 90 bis 140 PS.<br \/>Praktisch und einfach zu installieren, umfasst:<br \/>1 UP28F Helm-Pumpe (Cod MTM 4656601), 4,3 Lenkungen von Anschlag zu Anschlag<br \/>1 UC128-OBF\/1 Zylinder (Cod MTM 4655014)<br \/>2 Liter Ultraflex Hydraulik\u00f6l.<br \/>Durchf\u00fchrungen werden verwendet, um die 2 Hydraulikschl\u00e4uche am Heck zu verlegen.<\/p>\n","protected":false},"excerpt":{"rendered":"<p>Kit Hydraulikschl\u00e4uche Ultraflex Nautech 7.5mt &#8211; Nautech1 Steuerungssystem-Kit f\u00fcr Au\u00dfenbordmotoren: Mercury 2 und 4ST von 100 bis 300 PS &#8211;<\/p>\n","protected":false},"featured_media":5948895,"comment_status":"open","ping_status":"closed","template":"","meta":[],"product_brand":[3500],"product_cat":[1536],"product_tag":[],"class_list":{"0":"post-738859","1":"product","2":"type-product","3":"status-publish","4":"has-post-thumbnail","6":"product_brand-ultraflex-uflex-de","7":"product_cat-hydraulische-lenkung","9":"first","10":"instock","11":"shipping-taxable","12":"purchasable","13":"product-type-simple"},"_links":{"self":[{"href":"https:\/\/stoic-curie.212-227-153-4.plesk.page\/de\/wp-json\/wp\/v2\/product\/738859","targetHints":{"allow":["GET"]}}],"collection":[{"href":"https:\/\/stoic-curie.212-227-153-4.plesk.page\/de\/wp-json\/wp\/v2\/product"}],"about":[{"href":"https:\/\/stoic-curie.212-227-153-4.plesk.page\/de\/wp-json\/wp\/v2\/types\/product"}],"replies":[{"embeddable":true,"href":"https:\/\/stoic-curie.212-227-153-4.plesk.page\/de\/wp-json\/wp\/v2\/comments?post=738859"}],"version-history":[{"count":0,"href":"https:\/\/stoic-curie.212-227-153-4.plesk.page\/de\/wp-json\/wp\/v2\/product\/738859\/revisions"}],"wp:featuredmedia":[{"embeddable":true,"href":"https:\/\/stoic-curie.212-227-153-4.plesk.page\/de\/wp-json\/wp\/v2\/media\/5948895"}],"wp:attachment":[{"href":"https:\/\/stoic-curie.212-227-153-4.plesk.page\/de\/wp-json\/wp\/v2\/media?parent=738859"}],"wp:term":[{"taxonomy":"product_brand","embeddable":true,"href":"https:\/\/stoic-curie.212-227-153-4.plesk.page\/de\/wp-json\/wp\/v2\/product_brand?post=738859"},{"taxonomy":"product_cat","embeddable":true,"href":"https:\/\/stoic-curie.212-227-153-4.plesk.page\/de\/wp-json\/wp\/v2\/product_cat?post=738859"},{"taxonomy":"product_tag","embeddable":true,"href":"https:\/\/stoic-curie.212-227-153-4.plesk.page\/de\/wp-json\/wp\/v2\/product_tag?post=738859"}],"curies":[{"name":"wp","href":"https:\/\/api.w.org\/{rel}","templated":true}]}}