{"id":738860,"date":"2025-03-03T17:54:45","date_gmt":"2025-03-03T16:54:45","guid":{"rendered":"https:\/\/stoic-curie.212-227-153-4.plesk.page\/producto\/ultraflex-x64\/"},"modified":"2026-02-24T23:35:26","modified_gmt":"2026-02-24T23:35:26","slug":"ultraflex-x64","status":"publish","type":"product","link":"https:\/\/stoic-curie.212-227-153-4.plesk.page\/de\/product\/ultraflex-x64\/","title":{"rendered":"Ultraflex X64"},"content":{"rendered":"<p>Ultraflex X64 &#8211; <\/p>\n<p>Ersatzteile und Zubeh\u00f6r f\u00fcr Nautech-Steuerungssysteme. Ersatzteile: Zylinder und Pumpen. Zubeh\u00f6r: X64 Flush-Helm-Pumpenflansch, X72 Lenkradwinkelverstellung, Dual-Au\u00dfenbordanschluss A94 Bindebar. Das Lenkradpositionierungssystem X72 (Cod MTM 4655530) f\u00fcr Nautech-Steuerpumpen und SilverSteer-Steuerpumpen erm\u00f6glicht 5 verschiedene Fahrpositionen mit einem Gesamtwinkel von 60\u00b0. Die Dual-Au\u00dfenbordverbindung A96 Bindebar wird mit einem einzelnen Zylinder UC128-OBF und 2 Motoren mit einem Radstand von 66-73 cm (4655055) oder 73-87 cm (4655057) verwendet.<\/p>\n","protected":false},"excerpt":{"rendered":"<p>Ultraflex X64 &#8211; Ersatzteile und Zubeh\u00f6r f\u00fcr Nautech-Steuerungssysteme. Ersatzteile: Zylinder und Pumpen. Zubeh\u00f6r: X64 Flush-Helm-Pumpenflansch, X72 Lenkradwinkelverstellung, Dual-Au\u00dfenbordanschluss A94 Bindebar.<\/p>\n","protected":false},"featured_media":5948898,"comment_status":"open","ping_status":"closed","template":"","meta":[],"product_brand":[3500],"product_cat":[1536],"product_tag":[],"class_list":{"0":"post-738860","1":"product","2":"type-product","3":"status-publish","4":"has-post-thumbnail","6":"product_brand-ultraflex-uflex-de","7":"product_cat-hydraulische-lenkung","9":"first","10":"instock","11":"shipping-taxable","12":"purchasable","13":"product-type-simple"},"_links":{"self":[{"href":"https:\/\/stoic-curie.212-227-153-4.plesk.page\/de\/wp-json\/wp\/v2\/product\/738860","targetHints":{"allow":["GET"]}}],"collection":[{"href":"https:\/\/stoic-curie.212-227-153-4.plesk.page\/de\/wp-json\/wp\/v2\/product"}],"about":[{"href":"https:\/\/stoic-curie.212-227-153-4.plesk.page\/de\/wp-json\/wp\/v2\/types\/product"}],"replies":[{"embeddable":true,"href":"https:\/\/stoic-curie.212-227-153-4.plesk.page\/de\/wp-json\/wp\/v2\/comments?post=738860"}],"version-history":[{"count":0,"href":"https:\/\/stoic-curie.212-227-153-4.plesk.page\/de\/wp-json\/wp\/v2\/product\/738860\/revisions"}],"wp:featuredmedia":[{"embeddable":true,"href":"https:\/\/stoic-curie.212-227-153-4.plesk.page\/de\/wp-json\/wp\/v2\/media\/5948898"}],"wp:attachment":[{"href":"https:\/\/stoic-curie.212-227-153-4.plesk.page\/de\/wp-json\/wp\/v2\/media?parent=738860"}],"wp:term":[{"taxonomy":"product_brand","embeddable":true,"href":"https:\/\/stoic-curie.212-227-153-4.plesk.page\/de\/wp-json\/wp\/v2\/product_brand?post=738860"},{"taxonomy":"product_cat","embeddable":true,"href":"https:\/\/stoic-curie.212-227-153-4.plesk.page\/de\/wp-json\/wp\/v2\/product_cat?post=738860"},{"taxonomy":"product_tag","embeddable":true,"href":"https:\/\/stoic-curie.212-227-153-4.plesk.page\/de\/wp-json\/wp\/v2\/product_tag?post=738860"}],"curies":[{"name":"wp","href":"https:\/\/api.w.org\/{rel}","templated":true}]}}