{"id":738862,"date":"2025-03-03T17:54:45","date_gmt":"2025-03-03T16:54:45","guid":{"rendered":"https:\/\/stoic-curie.212-227-153-4.plesk.page\/producto\/handfernbedienung-quick-8-funktionen\/"},"modified":"2026-02-24T23:35:26","modified_gmt":"2026-02-24T23:35:26","slug":"handfernbedienung-quick-8-funktionen","status":"publish","type":"product","link":"https:\/\/stoic-curie.212-227-153-4.plesk.page\/de\/product\/handfernbedienung-quick-8-funktionen\/","title":{"rendered":"Handfernbedienung Quick 8 Funktionen"},"content":{"rendered":"<p>Handfernbedienung Quick 8 Funktionen &#8211; <\/p>\n<p>Handheld- und Taschenradiosender f\u00fcr schnelle Bugstrahlruder. Schwimmf\u00e4hig, mit IP67-Schutz und LED-Anzeige. Der Handsender ist mit einer sto\u00dffesten Gummih\u00fclle und einer silikonbeschichteten, hintergrundbeleuchteten Tastatur ausgestattet. Er kann mit wiederaufladbaren Batterien betrieben werden. Kann mit einem 4- oder 6-kanaligen Empf\u00e4nger entsprechend der Tasten des Senders erg\u00e4nzt werden.<\/p>\n","protected":false},"excerpt":{"rendered":"<p>Handfernbedienung Quick 8 Funktionen &#8211; Handheld- und Taschenradiosender f\u00fcr schnelle Bugstrahlruder. Schwimmf\u00e4hig, mit IP67-Schutz und LED-Anzeige. Der Handsender ist mit<\/p>\n","protected":false},"featured_media":5948900,"comment_status":"open","ping_status":"closed","template":"","meta":[],"product_brand":[3280],"product_cat":[1324,1323],"product_tag":[],"class_list":{"0":"post-738862","1":"product","2":"type-product","3":"status-publish","4":"has-post-thumbnail","6":"product_brand-quick-de","7":"product_cat-ankerwinden-quick","8":"product_cat-bugstrahlruder-quick","10":"first","11":"instock","12":"shipping-taxable","13":"purchasable","14":"product-type-simple"},"_links":{"self":[{"href":"https:\/\/stoic-curie.212-227-153-4.plesk.page\/de\/wp-json\/wp\/v2\/product\/738862","targetHints":{"allow":["GET"]}}],"collection":[{"href":"https:\/\/stoic-curie.212-227-153-4.plesk.page\/de\/wp-json\/wp\/v2\/product"}],"about":[{"href":"https:\/\/stoic-curie.212-227-153-4.plesk.page\/de\/wp-json\/wp\/v2\/types\/product"}],"replies":[{"embeddable":true,"href":"https:\/\/stoic-curie.212-227-153-4.plesk.page\/de\/wp-json\/wp\/v2\/comments?post=738862"}],"version-history":[{"count":0,"href":"https:\/\/stoic-curie.212-227-153-4.plesk.page\/de\/wp-json\/wp\/v2\/product\/738862\/revisions"}],"wp:featuredmedia":[{"embeddable":true,"href":"https:\/\/stoic-curie.212-227-153-4.plesk.page\/de\/wp-json\/wp\/v2\/media\/5948900"}],"wp:attachment":[{"href":"https:\/\/stoic-curie.212-227-153-4.plesk.page\/de\/wp-json\/wp\/v2\/media?parent=738862"}],"wp:term":[{"taxonomy":"product_brand","embeddable":true,"href":"https:\/\/stoic-curie.212-227-153-4.plesk.page\/de\/wp-json\/wp\/v2\/product_brand?post=738862"},{"taxonomy":"product_cat","embeddable":true,"href":"https:\/\/stoic-curie.212-227-153-4.plesk.page\/de\/wp-json\/wp\/v2\/product_cat?post=738862"},{"taxonomy":"product_tag","embeddable":true,"href":"https:\/\/stoic-curie.212-227-153-4.plesk.page\/de\/wp-json\/wp\/v2\/product_tag?post=738862"}],"curies":[{"name":"wp","href":"https:\/\/api.w.org\/{rel}","templated":true}]}}