{"id":738866,"date":"2025-03-03T17:54:46","date_gmt":"2025-03-03T16:54:46","guid":{"rendered":"https:\/\/stoic-curie.212-227-153-4.plesk.page\/producto\/joystick-uflex-low-profile\/"},"modified":"2026-02-24T23:35:26","modified_gmt":"2026-02-24T23:35:26","slug":"joystick-uflex-low-profile","status":"publish","type":"product","link":"https:\/\/stoic-curie.212-227-153-4.plesk.page\/de\/product\/joystick-uflex-low-profile\/","title":{"rendered":"Joystick Uflex Low Profile"},"content":{"rendered":"<p>Joystick Uflex Low Profile &#8211; <\/p>\n<p>Wartungsfreies und einfach zu installierendes elektromechanisches 12V Uflex Trim-Kit. Es sind keine elektrischen oder hydraulischen Steuerger\u00e4te und Schl\u00e4uche erforderlich. Das Steuerpult mit Joystick erm\u00f6glicht es, die Tabs auszurichten, um die Roll- und Nickhaltung anzupassen. Die Steuereinheit umfasst auch die automatische Ausrichtungsfunktion f\u00fcr die automatische Ausrichtung der Klappen, wenn sie deaktiviert ist, und kann auch als Schalter f\u00fcr einen m\u00f6glichen zweiten Station-Joystick verwendet werden. Das Kit enth\u00e4lt zwei AT-Aktoren und die Steuereinheit mit verchromtem Joystick. Die Edelstahlebene m\u00fcssen separat erworben werden, sie k\u00f6nnen standardm\u00e4\u00dfig oder mit einem spiegelpolierten Hochleistungsprofil erh\u00e4ltlich sein.<br \/>&#8211; Verbesserung der Kraftstoffwirtschaftlichkeit und des Passagierkomforts<br \/>&#8211; Tabs, die unter den anspruchsvollsten Seebedingungen halten<br \/>-Installation mit nur einem kleinen Loch pro Tab durch den Spiegel<\/p>\n","protected":false},"excerpt":{"rendered":"<p>Joystick Uflex Low Profile &#8211; Wartungsfreies und einfach zu installierendes elektromechanisches 12V Uflex Trim-Kit. Es sind keine elektrischen oder hydraulischen<\/p>\n","protected":false},"featured_media":5948924,"comment_status":"open","ping_status":"closed","template":"","meta":[],"product_brand":[3500],"product_cat":[1519],"product_tag":[],"class_list":{"0":"post-738866","1":"product","2":"type-product","3":"status-publish","4":"has-post-thumbnail","6":"product_brand-ultraflex-uflex-de","7":"product_cat-trimklappen","9":"first","10":"instock","11":"shipping-taxable","12":"purchasable","13":"product-type-simple"},"_links":{"self":[{"href":"https:\/\/stoic-curie.212-227-153-4.plesk.page\/de\/wp-json\/wp\/v2\/product\/738866","targetHints":{"allow":["GET"]}}],"collection":[{"href":"https:\/\/stoic-curie.212-227-153-4.plesk.page\/de\/wp-json\/wp\/v2\/product"}],"about":[{"href":"https:\/\/stoic-curie.212-227-153-4.plesk.page\/de\/wp-json\/wp\/v2\/types\/product"}],"replies":[{"embeddable":true,"href":"https:\/\/stoic-curie.212-227-153-4.plesk.page\/de\/wp-json\/wp\/v2\/comments?post=738866"}],"version-history":[{"count":0,"href":"https:\/\/stoic-curie.212-227-153-4.plesk.page\/de\/wp-json\/wp\/v2\/product\/738866\/revisions"}],"wp:featuredmedia":[{"embeddable":true,"href":"https:\/\/stoic-curie.212-227-153-4.plesk.page\/de\/wp-json\/wp\/v2\/media\/5948924"}],"wp:attachment":[{"href":"https:\/\/stoic-curie.212-227-153-4.plesk.page\/de\/wp-json\/wp\/v2\/media?parent=738866"}],"wp:term":[{"taxonomy":"product_brand","embeddable":true,"href":"https:\/\/stoic-curie.212-227-153-4.plesk.page\/de\/wp-json\/wp\/v2\/product_brand?post=738866"},{"taxonomy":"product_cat","embeddable":true,"href":"https:\/\/stoic-curie.212-227-153-4.plesk.page\/de\/wp-json\/wp\/v2\/product_cat?post=738866"},{"taxonomy":"product_tag","embeddable":true,"href":"https:\/\/stoic-curie.212-227-153-4.plesk.page\/de\/wp-json\/wp\/v2\/product_tag?post=738866"}],"curies":[{"name":"wp","href":"https:\/\/api.w.org\/{rel}","templated":true}]}}