{"id":738868,"date":"2025-03-03T17:54:47","date_gmt":"2025-03-03T16:54:47","guid":{"rendered":"https:\/\/stoic-curie.212-227-153-4.plesk.page\/producto\/kit-2-hydraulikschlaeuche-ultraflex-nautech-7mt\/"},"modified":"2026-02-24T23:35:26","modified_gmt":"2026-02-24T23:35:26","slug":"kit-2-hydraulikschlaeuche-ultraflex-nautech-7mt","status":"publish","type":"product","link":"https:\/\/stoic-curie.212-227-153-4.plesk.page\/de\/product\/kit-2-hydraulikschlaeuche-ultraflex-nautech-7mt\/","title":{"rendered":"Kit 2 Hydraulikschl\u00e4uche Ultraflex Nautech 7mt"},"content":{"rendered":"<p>Kit 2 Hydraulikschl\u00e4uche Ultraflex Nautech 7mt &#8211; <\/p>\n<p>Nautech1 Steuersystem-Kit f\u00fcr Au\u00dfenbordmotoren: Mercury 2 und 4ST von 100 bis 300 PS &#8211; Yamaha 4ST von F70 bis F150 und von F200 bis F300 &#8211; Honda 4ST 75\/90\/115A und von 135 bis 250 PS &#8211; Suzuki 4ST von 100 bis 175 PS &#8211; Tohatsu 4ST von 70 bis 115 PS &#8211; Selva 2ST von 80 bis 150 und 4ST 150 PS &#8211; Johnson 4ST von 90 bis 140 PS. Praktisch und einfach zu installieren, umfasst: 1 UP28F Helm-Pumpe (Cod MTM 4656601), 4,3 Umdrehungen von Anschlag zu Anschlag am Steuer, 1 UC128-OBF\/1 Zylinder (Cod MTM 4655014), 2 Liter Ultraflex-Hydraulik\u00f6l. Durchbr\u00fcche werden verwendet, um die 2 Hydraulikschl\u00e4uche am Heck zu f\u00fchren.<\/p>\n","protected":false},"excerpt":{"rendered":"<p>Kit 2 Hydraulikschl\u00e4uche Ultraflex Nautech 7mt &#8211; Nautech1 Steuersystem-Kit f\u00fcr Au\u00dfenbordmotoren: Mercury 2 und 4ST von 100 bis 300 PS<\/p>\n","protected":false},"featured_media":5944076,"comment_status":"open","ping_status":"closed","template":"","meta":[],"product_brand":[3500],"product_cat":[1536],"product_tag":[],"class_list":{"0":"post-738868","1":"product","2":"type-product","3":"status-publish","4":"has-post-thumbnail","6":"product_brand-ultraflex-uflex-de","7":"product_cat-hydraulische-lenkung","9":"first","10":"instock","11":"shipping-taxable","12":"purchasable","13":"product-type-simple"},"_links":{"self":[{"href":"https:\/\/stoic-curie.212-227-153-4.plesk.page\/de\/wp-json\/wp\/v2\/product\/738868","targetHints":{"allow":["GET"]}}],"collection":[{"href":"https:\/\/stoic-curie.212-227-153-4.plesk.page\/de\/wp-json\/wp\/v2\/product"}],"about":[{"href":"https:\/\/stoic-curie.212-227-153-4.plesk.page\/de\/wp-json\/wp\/v2\/types\/product"}],"replies":[{"embeddable":true,"href":"https:\/\/stoic-curie.212-227-153-4.plesk.page\/de\/wp-json\/wp\/v2\/comments?post=738868"}],"version-history":[{"count":0,"href":"https:\/\/stoic-curie.212-227-153-4.plesk.page\/de\/wp-json\/wp\/v2\/product\/738868\/revisions"}],"wp:featuredmedia":[{"embeddable":true,"href":"https:\/\/stoic-curie.212-227-153-4.plesk.page\/de\/wp-json\/wp\/v2\/media\/5944076"}],"wp:attachment":[{"href":"https:\/\/stoic-curie.212-227-153-4.plesk.page\/de\/wp-json\/wp\/v2\/media?parent=738868"}],"wp:term":[{"taxonomy":"product_brand","embeddable":true,"href":"https:\/\/stoic-curie.212-227-153-4.plesk.page\/de\/wp-json\/wp\/v2\/product_brand?post=738868"},{"taxonomy":"product_cat","embeddable":true,"href":"https:\/\/stoic-curie.212-227-153-4.plesk.page\/de\/wp-json\/wp\/v2\/product_cat?post=738868"},{"taxonomy":"product_tag","embeddable":true,"href":"https:\/\/stoic-curie.212-227-153-4.plesk.page\/de\/wp-json\/wp\/v2\/product_tag?post=738868"}],"curies":[{"name":"wp","href":"https:\/\/api.w.org\/{rel}","templated":true}]}}