{"id":738890,"date":"2025-03-03T17:54:52","date_gmt":"2025-03-03T16:54:52","guid":{"rendered":"https:\/\/stoic-curie.212-227-153-4.plesk.page\/producto\/schwimmseil-20mm-x-150mt-fluo\/"},"modified":"2026-02-24T23:35:26","modified_gmt":"2026-02-24T23:35:26","slug":"schwimmseil-20mm-x-150mt-fluo","status":"publish","type":"product","link":"https:\/\/stoic-curie.212-227-153-4.plesk.page\/de\/product\/schwimmseil-20mm-x-150mt-fluo\/","title":{"rendered":"Schwimmseil 20mm x 150mt Fluo"},"content":{"rendered":"<p>Schwimmseil 20mm x 150mt Fluo &#8211; <\/p>\n<p><span style=\"color: rgb(34, 34, 34); font-family: Arial, Helvetica, sans-serif; font-size: small;\">Dieses hochsichtbare fluoreszierende gelbe schwimmende Seil ist eine hervorragende Wahl zum Markieren von Liegepl\u00e4tzen in verschiedenen Bereichen, einschlie\u00dflich Buchten und Docks. Seine lebendige Farbe garantiert gute Sichtbarkeit und erh\u00f6ht die Sicherheit sowohl f\u00fcr Bootsfahrer als auch f\u00fcr Personen an Land. Das Seil ist leicht und dennoch bemerkenswert stabil, was es einfach macht, es bei Bedarf ans Ufer zu bringen. Hergestellt aus einem robusten 16-fach geflochtenen Hochleistungs-Polypropylen, ist dieses Seil darauf ausgelegt, die Herausforderungen maritimer Umgebungen zu \u00fcberstehen und bietet Zuverl\u00e4ssigkeit und Langlebigkeit f\u00fcr all Ihre Bootsanforderungen.<\/span><\/p>\n","protected":false},"excerpt":{"rendered":"<p>Schwimmseil 20mm x 150mt Fluo &#8211; Dieses hochsichtbare fluoreszierende gelbe schwimmende Seil ist eine hervorragende Wahl zum Markieren von Liegepl\u00e4tzen<\/p>\n","protected":false},"featured_media":5948963,"comment_status":"open","ping_status":"closed","template":"","meta":[],"product_brand":[3100],"product_cat":[1334],"product_tag":[],"class_list":{"0":"post-738890","1":"product","2":"type-product","3":"status-publish","4":"has-post-thumbnail","6":"product_brand-marco-benvenuti-de","7":"product_cat-schwimmendes-seil","9":"first","10":"instock","11":"shipping-taxable","12":"purchasable","13":"product-type-simple"},"_links":{"self":[{"href":"https:\/\/stoic-curie.212-227-153-4.plesk.page\/de\/wp-json\/wp\/v2\/product\/738890","targetHints":{"allow":["GET"]}}],"collection":[{"href":"https:\/\/stoic-curie.212-227-153-4.plesk.page\/de\/wp-json\/wp\/v2\/product"}],"about":[{"href":"https:\/\/stoic-curie.212-227-153-4.plesk.page\/de\/wp-json\/wp\/v2\/types\/product"}],"replies":[{"embeddable":true,"href":"https:\/\/stoic-curie.212-227-153-4.plesk.page\/de\/wp-json\/wp\/v2\/comments?post=738890"}],"version-history":[{"count":0,"href":"https:\/\/stoic-curie.212-227-153-4.plesk.page\/de\/wp-json\/wp\/v2\/product\/738890\/revisions"}],"wp:featuredmedia":[{"embeddable":true,"href":"https:\/\/stoic-curie.212-227-153-4.plesk.page\/de\/wp-json\/wp\/v2\/media\/5948963"}],"wp:attachment":[{"href":"https:\/\/stoic-curie.212-227-153-4.plesk.page\/de\/wp-json\/wp\/v2\/media?parent=738890"}],"wp:term":[{"taxonomy":"product_brand","embeddable":true,"href":"https:\/\/stoic-curie.212-227-153-4.plesk.page\/de\/wp-json\/wp\/v2\/product_brand?post=738890"},{"taxonomy":"product_cat","embeddable":true,"href":"https:\/\/stoic-curie.212-227-153-4.plesk.page\/de\/wp-json\/wp\/v2\/product_cat?post=738890"},{"taxonomy":"product_tag","embeddable":true,"href":"https:\/\/stoic-curie.212-227-153-4.plesk.page\/de\/wp-json\/wp\/v2\/product_tag?post=738890"}],"curies":[{"name":"wp","href":"https:\/\/api.w.org\/{rel}","templated":true}]}}