{"id":738891,"date":"2025-03-03T17:54:52","date_gmt":"2025-03-03T16:54:52","guid":{"rendered":"https:\/\/stoic-curie.212-227-153-4.plesk.page\/producto\/schwimmseil-24mm-x-150mt-fluo\/"},"modified":"2026-02-24T23:35:26","modified_gmt":"2026-02-24T23:35:26","slug":"schwimmseil-24mm-x-150mt-fluo","status":"publish","type":"product","link":"https:\/\/stoic-curie.212-227-153-4.plesk.page\/de\/product\/schwimmseil-24mm-x-150mt-fluo\/","title":{"rendered":"Schwimmseil 24mm x 150mt Fluo"},"content":{"rendered":"<p>Schwimmseil 24mm x 150mt Fluo &#8211; <\/p>\n<p><span style=\"color: rgb(34, 34, 34); font-family: Arial, Helvetica, sans-serif; font-size: small;\">Dieses hochsichtbare fluoreszierende gelbe Schwimmseil ist eine hervorragende Wahl zur Kennzeichnung von Liegepl\u00e4tzen an verschiedenen Orten, wie Buchten und Anlegestellen. Seine leuchtende Farbe stellt sicher, dass es leicht zu erkennen ist und erh\u00f6ht somit die Sicherheit sowohl f\u00fcr Bootsfahrer als auch f\u00fcr Personen am Ufer. Das Seil ist nicht nur leicht, sondern auch \u00e4u\u00dferst robust, was es praktisch macht, es bei Bedarf an Land zu transportieren. Hergestellt aus einem strapazierf\u00e4higen 16-fach geflochtenen, hochfesten Polypropylen, ist dieses Seil so konzipiert, dass es den Anforderungen der maritimen Umgebung standh\u00e4lt und Zuverl\u00e4ssigkeit sowie Langlebigkeit f\u00fcr all Ihre Bootsbed\u00fcrfnisse gew\u00e4hrleistet.<\/span><\/p>\n","protected":false},"excerpt":{"rendered":"<p>Schwimmseil 24mm x 150mt Fluo &#8211; Dieses hochsichtbare fluoreszierende gelbe Schwimmseil ist eine hervorragende Wahl zur Kennzeichnung von Liegepl\u00e4tzen an<\/p>\n","protected":false},"featured_media":5948963,"comment_status":"open","ping_status":"closed","template":"","meta":[],"product_brand":[3100],"product_cat":[1334],"product_tag":[],"class_list":{"0":"post-738891","1":"product","2":"type-product","3":"status-publish","4":"has-post-thumbnail","6":"product_brand-marco-benvenuti-de","7":"product_cat-schwimmendes-seil","9":"first","10":"instock","11":"shipping-taxable","12":"purchasable","13":"product-type-simple"},"_links":{"self":[{"href":"https:\/\/stoic-curie.212-227-153-4.plesk.page\/de\/wp-json\/wp\/v2\/product\/738891","targetHints":{"allow":["GET"]}}],"collection":[{"href":"https:\/\/stoic-curie.212-227-153-4.plesk.page\/de\/wp-json\/wp\/v2\/product"}],"about":[{"href":"https:\/\/stoic-curie.212-227-153-4.plesk.page\/de\/wp-json\/wp\/v2\/types\/product"}],"replies":[{"embeddable":true,"href":"https:\/\/stoic-curie.212-227-153-4.plesk.page\/de\/wp-json\/wp\/v2\/comments?post=738891"}],"version-history":[{"count":0,"href":"https:\/\/stoic-curie.212-227-153-4.plesk.page\/de\/wp-json\/wp\/v2\/product\/738891\/revisions"}],"wp:featuredmedia":[{"embeddable":true,"href":"https:\/\/stoic-curie.212-227-153-4.plesk.page\/de\/wp-json\/wp\/v2\/media\/5948963"}],"wp:attachment":[{"href":"https:\/\/stoic-curie.212-227-153-4.plesk.page\/de\/wp-json\/wp\/v2\/media?parent=738891"}],"wp:term":[{"taxonomy":"product_brand","embeddable":true,"href":"https:\/\/stoic-curie.212-227-153-4.plesk.page\/de\/wp-json\/wp\/v2\/product_brand?post=738891"},{"taxonomy":"product_cat","embeddable":true,"href":"https:\/\/stoic-curie.212-227-153-4.plesk.page\/de\/wp-json\/wp\/v2\/product_cat?post=738891"},{"taxonomy":"product_tag","embeddable":true,"href":"https:\/\/stoic-curie.212-227-153-4.plesk.page\/de\/wp-json\/wp\/v2\/product_tag?post=738891"}],"curies":[{"name":"wp","href":"https:\/\/api.w.org\/{rel}","templated":true}]}}