{"id":738892,"date":"2025-03-03T17:54:52","date_gmt":"2025-03-03T16:54:52","guid":{"rendered":"https:\/\/stoic-curie.212-227-153-4.plesk.page\/producto\/hydraulische-gangway-smeraldo-200-x-43cm-12v\/"},"modified":"2026-02-24T23:35:26","modified_gmt":"2026-02-24T23:35:26","slug":"hydraulische-gangway-smeraldo-200-x-43cm-12v","status":"publish","type":"product","link":"https:\/\/stoic-curie.212-227-153-4.plesk.page\/de\/product\/hydraulische-gangway-smeraldo-200-x-43cm-12v\/","title":{"rendered":"Hydraulische Gangway Smeraldo 200 x 43cm 12v"},"content":{"rendered":"<p>Hydraulische Gangway Smeraldo 200 x 43cm 12v &#8211; <\/p>\n<p>Hydraulische teleskopische Gangway mit kreisf\u00f6rmigem, rohrf\u00f6rmigem, spiegelpoliertem 316L Edelstahl-Gestell. Rutschfester Teak-Oberbereich mit LED-Weglichtern. Komplett mit 800W hydraulischer Steuereinheit und 3\/8 Schl\u00e4uchen f\u00fcr ein System von 3,5 Metern. Sie kann mit einer Fernbedienung und einer 10-Kanal-Wired-Elektroniksteuerung oder mit einem wandmontierten Kontrollpanel (127 x 87 mm) betrieben werden. Auch geeignet zum Heben von Tendern bis zu 120 kg.<\/p>\n<p style=\"color: rgb(34, 34, 34); font-family: Arial, Helvetica, sans-serif; font-size: small;\"><strong>Hydraulische Gangway Smeraldo 200 x 43cm 12V<\/strong><\/p>\n<p style=\"color: rgb(34, 34, 34); font-family: Arial, Helvetica, sans-serif; font-size: small;\">Wir freuen uns, Ihnen unsere teleskopische hydraulische Gangway vorzustellen, die mit einer kreisf\u00f6rmigen Struktur aus AISI 316 Edelstahl und einer polierten Oberfl\u00e4che sorgf\u00e4ltig gestaltet wurde. Diese Gangway umfasst Gel\u00e4nder mit einem automatischen Absenkmechanismus, der nahtlose \u00dcberg\u00e4nge zwischen linker und rechter Konfiguration erm\u00f6glicht, und wird durch ein robustes Teak-Bodenbrett erg\u00e4nzt.<\/p>\n<p style=\"color: rgb(34, 34, 34); font-family: Arial, Helvetica, sans-serif; font-size: small;\">Das hydraulische System funktioniert mit elektrischen Ventilen und ist kompatibel mit einer Stromversorgung von 12\/24V, wie w\u00e4hrend des Bestellvorgangs angegeben. Zu Ihrer Bequemlichkeit wird es mit einem wandmontierten Kontrollpanel und einer kompakten Fernbedienung geliefert. Sie haben auch die M\u00f6glichkeit, entweder eine Standard- oder eine ma\u00dfgeschneiderte Frontplatte auszuw\u00e4hlen, die Ihren W\u00fcnschen entspricht.<\/p>\n<p style=\"color: rgb(34, 34, 34); font-family: Arial, Helvetica, sans-serif; font-size: small;\"><strong>Optionale Funktionen:<\/strong><\/p>\n<ul style=\"color: rgb(34, 34, 34); font-family: Arial, Helvetica, sans-serif; font-size: small;\">\n<li>Handpumpe<\/li>\n<li>Zus\u00e4tzliche tragbare Fernbedienung<\/li>\n<li>Metallic-Gestell lackiert in RAL 9010 Wei\u00df<\/li>\n<li>Mit lackiertem Sperrholz-Bodenbrett<\/li>\n<li>L\u00e4ngsf\u00fchrungslichter<\/li>\n<li>Nautisches Seilset<\/li>\n<li>Metallbefestigungsplatte<\/li>\n<\/ul>\n<p style=\"color: rgb(34, 34, 34); font-family: Arial, Helvetica, sans-serif; font-size: small;\"><strong>Spezifikationen:<\/strong><\/p>\n<ul style=\"color: rgb(34, 34, 34); font-family: Arial, Helvetica, sans-serif; font-size: small;\">\n<li><strong>Anwendungsbereich:<\/strong> Entworfen f\u00fcr Yachten<\/li>\n<li><strong>Typ:<\/strong> Teleskopisch<\/li>\n<li><strong>Betrieb:<\/strong> Hydraulisch<\/li>\n<li><strong>Strukturmaterialien:<\/strong> Edelstahl<\/li>\n<li><strong>Oberfl\u00e4chenmaterial:<\/strong> Teak<\/li>\n<li><strong>Zus\u00e4tzliche Funktionen:<\/strong> Enth\u00e4lt Handl\u00e4ufe<\/li>\n<\/ul>\n<p style=\"color: rgb(34, 34, 34); font-family: Arial, Helvetica, sans-serif; font-size: small;\"><strong>Maximale L\u00e4ngenoptionen:<\/strong><\/p>\n<ul style=\"color: rgb(34, 34, 34); font-family: Arial, Helvetica, sans-serif; font-size: small;\">\n<li>2 m (6&#8217;06&#8221;)<\/li>\n<li>2.3 m (7&#8217;06&#8221;)<\/li>\n<li>2.7 m (8&#8217;10&#8221;)<\/li>\n<li>3 m (9&#8217;10&#8221;)<\/li>\n<\/ul>\n<p style=\"color: rgb(34, 34, 34); font-family: Arial, Helvetica, sans-serif; font-size: small;\"><strong>Maximale Tragf\u00e4higkeit:<\/strong><\/p>\n<ul style=\"color: rgb(34, 34, 34); font-family: Arial, Helvetica, sans-serif; font-size: small;\">\n<li>150 kg (331 lb)<\/li>\n<li>200 kg (441 lb)<\/li>\n<\/ul>\n<p style=\"color: rgb(34, 34, 34); font-family: Arial, Helvetica, sans-serif; font-size: small;\">Diese teleskopische hydraulische Gangway vereint Funktionalit\u00e4t und Eleganz und ist eine unverzichtbare Erg\u00e4nzung f\u00fcr Ihr Bootserlebnis.<\/p>\n","protected":false},"excerpt":{"rendered":"<p>Hydraulische Gangway Smeraldo 200 x 43cm 12v &#8211; Hydraulische teleskopische Gangway mit kreisf\u00f6rmigem, rohrf\u00f6rmigem, spiegelpoliertem 316L Edelstahl-Gestell. Rutschfester Teak-Oberbereich mit<\/p>\n","protected":false},"featured_media":5948965,"comment_status":"open","ping_status":"closed","template":"","meta":[],"product_brand":[3490],"product_cat":[1325],"product_tag":[],"class_list":{"0":"post-738892","1":"product","2":"type-product","3":"status-publish","4":"has-post-thumbnail","6":"product_brand-trem-de","7":"product_cat-gangways-festmachen-und-ankern","9":"first","10":"instock","11":"shipping-taxable","12":"purchasable","13":"product-type-simple"},"_links":{"self":[{"href":"https:\/\/stoic-curie.212-227-153-4.plesk.page\/de\/wp-json\/wp\/v2\/product\/738892","targetHints":{"allow":["GET"]}}],"collection":[{"href":"https:\/\/stoic-curie.212-227-153-4.plesk.page\/de\/wp-json\/wp\/v2\/product"}],"about":[{"href":"https:\/\/stoic-curie.212-227-153-4.plesk.page\/de\/wp-json\/wp\/v2\/types\/product"}],"replies":[{"embeddable":true,"href":"https:\/\/stoic-curie.212-227-153-4.plesk.page\/de\/wp-json\/wp\/v2\/comments?post=738892"}],"version-history":[{"count":0,"href":"https:\/\/stoic-curie.212-227-153-4.plesk.page\/de\/wp-json\/wp\/v2\/product\/738892\/revisions"}],"wp:featuredmedia":[{"embeddable":true,"href":"https:\/\/stoic-curie.212-227-153-4.plesk.page\/de\/wp-json\/wp\/v2\/media\/5948965"}],"wp:attachment":[{"href":"https:\/\/stoic-curie.212-227-153-4.plesk.page\/de\/wp-json\/wp\/v2\/media?parent=738892"}],"wp:term":[{"taxonomy":"product_brand","embeddable":true,"href":"https:\/\/stoic-curie.212-227-153-4.plesk.page\/de\/wp-json\/wp\/v2\/product_brand?post=738892"},{"taxonomy":"product_cat","embeddable":true,"href":"https:\/\/stoic-curie.212-227-153-4.plesk.page\/de\/wp-json\/wp\/v2\/product_cat?post=738892"},{"taxonomy":"product_tag","embeddable":true,"href":"https:\/\/stoic-curie.212-227-153-4.plesk.page\/de\/wp-json\/wp\/v2\/product_tag?post=738892"}],"curies":[{"name":"wp","href":"https:\/\/api.w.org\/{rel}","templated":true}]}}