{"id":738896,"date":"2025-03-03T17:54:53","date_gmt":"2025-03-03T16:54:53","guid":{"rendered":"https:\/\/stoic-curie.212-227-153-4.plesk.page\/producto\/hydraulische-gangway-smeraldo-270-x-43cm-12v\/"},"modified":"2026-02-24T23:35:26","modified_gmt":"2026-02-24T23:35:26","slug":"hydraulische-gangway-smeraldo-270-x-43cm-12v","status":"publish","type":"product","link":"https:\/\/stoic-curie.212-227-153-4.plesk.page\/de\/product\/hydraulische-gangway-smeraldo-270-x-43cm-12v\/","title":{"rendered":"Hydraulische Gangway Smeraldo 270 x 43cm 12v"},"content":{"rendered":"<p>Hydraulische Gangway Smeraldo 270 x 43cm 12v &#8211; <\/p>\n<p>Hydraulische teleskopische Gangway mit spiegelpolierter 316L Edelstahlstruktur in runder Form. Rutschfester Teakoberfl\u00e4che mit LED-Beleuchtung. Komplett mit hydraulischer Steuereinheit von 800 W und 3\/8-Schl\u00e4uchen f\u00fcr ein System von 3,5 Metern. Die Bedienung erfolgt entweder mit einer Fernbedienung und einem 10-Kanal-Wired-Steuerger\u00e4t oder \u00fcber ein montiertes Steuerpanel mit den Ma\u00dfen 127 x 87 mm. Auch geeignet f\u00fcr das Anheben von Beiboote bis zu 120 kg.<\/p>\n<p style=\"color: rgb(34, 34, 34); font-family: Arial, Helvetica, sans-serif; font-size: small;\"><strong>Smeraldo Hydraulische Gangway<\/strong><\/p>\n<p style=\"color: rgb(34, 34, 34); font-family: Arial, Helvetica, sans-serif; font-size: small;\">Wir freuen uns, die Smeraldo Hydraulische Gangway vorzustellen, eine innovative hydraulische Teleskopl\u00f6sung, die mit beeindruckenden 270 x 43 cm misst und mit einem robusten 12V-System betrieben wird. Diese au\u00dfergew\u00f6hnliche Gangway ist in einer rundlichen Form gestaltet und aus hochwertigem AISI 316 Edelstahl gefertigt. Dieses erstklassige Material ist f\u00fcr seine au\u00dfergew\u00f6hnliche Haltbarkeit und bemerkenswerte Korrosionsbest\u00e4ndigkeit bekannt, was es zu einer idealen Wahl f\u00fcr die herausfordernden Bedingungen in maritimen Umgebungen macht. Der elegante, gl\u00e4nzende Finish der Gangway steigert nicht nur ihre visuelle Attraktivit\u00e4t, sondern sorgt auch daf\u00fcr, dass sie harmonisch mit der Gesamt\u00e4sthetik Ihres Bootes harmoniert und Ihrem Bootsvergn\u00fcgen einen Hauch von Eleganz verleiht.<\/p>\n<p style=\"color: rgb(34, 34, 34); font-family: Arial, Helvetica, sans-serif; font-size: small;\">Zu den Hauptmerkmalen der Smeraldo Hydraulischen Gangway geh\u00f6ren die Gel\u00e4nder, die mit einem automatischen Absenkmechanismus ausgestattet sind. Dieses durchdachte Design erm\u00f6glicht einen nahtlosen Wechsel zwischen rechts- und linksseitigen Konfigurationen und passt sich so verschiedenen Anlegem\u00f6glichkeiten und Benutzerpr\u00e4ferenzen an. Diese Flexibilit\u00e4t ist besonders vorteilhaft f\u00fcr Bootseigent\u00fcmer, die h\u00e4ufig unterschiedliche Anlegema\u00dfnahmen navigieren. Dar\u00fcber hinaus ist die Gangway mit exquisiten Teak-Dielen ausgestattet, die nicht nur ihre Haltbarkeit erh\u00f6hen, sondern auch einen Hauch von Raffinesse und W\u00e4rme in ihr Gesamt-Design bringen, was sie zu einer stilvollen Erg\u00e4nzung jedes Bootes macht.<\/p>\n<p style=\"color: rgb(34, 34, 34); font-family: Arial, Helvetica, sans-serif; font-size: small;\">Die hydraulische Einheit der Gangway ist so konstruiert, dass sie mit elektrischen Ventilen arbeitet, um einen reibungslosen und zuverl\u00e4ssigen Betrieb w\u00e4hrend der Nutzung zu gew\u00e4hrleisten. Sie ist speziell daf\u00fcr ausgelegt, mit 12V-Stromversorgung, wie bei der Bestellung angegeben, kompatibel zu sein, was Ihnen die erforderliche Flexibilit\u00e4t f\u00fcr die Installation bietet. Um den Benutzerkomfort weiter zu erh\u00f6hen, ist ein Wandsteuerpanel in der Gangway enthalten, welches eine einfache Bedienung von einem festen Standort auf Ihrem Boot aus erm\u00f6glicht. Dieses Feature ist besonders vorteilhaft f\u00fcr diejenigen, die eine unkomplizierte und zug\u00e4ngliche Steuerung der Gangway bevorzugen.<\/p>\n<p style=\"color: rgb(34, 34, 34); font-family: Arial, Helvetica, sans-serif; font-size: small;\">Dar\u00fcber hinaus ist eine kompakte Fernbedienung ebenfalls enthalten, die eine m\u00fchelose Bedienung aus der Ferne erm\u00f6glicht. So k\u00f6nnen Sie die Gangway leicht ausfahren oder einfahren, ohne am Steuerpanel anwesend sein zu m\u00fcssen, was f\u00fcr Bootseigent\u00fcmer eine zus\u00e4tzliche Komfortschicht bietet. Die Smeraldo Hydraulische Gangway 270 x 43 cm 12V ist somit nicht nur ein funktionales Zubeh\u00f6r; sie ist eine wirklich benutzerfreundliche L\u00f6sung, die das Gesamterlebnis beim Boot fahren verbessert. Mit ihrer Kombination aus hochwertigen Materialien, durchdachten Designelementen und einfacher Handhabung ist diese Gangway eine ausgezeichnete Investition f\u00fcr jeden Bootseigent\u00fcmer, der die Zug\u00e4nglichkeit und Funktionalit\u00e4t auf seinem Boot verbessern m\u00f6chte.<\/p>\n","protected":false},"excerpt":{"rendered":"<p>Hydraulische Gangway Smeraldo 270 x 43cm 12v &#8211; Hydraulische teleskopische Gangway mit spiegelpolierter 316L Edelstahlstruktur in runder Form. Rutschfester Teakoberfl\u00e4che<\/p>\n","protected":false},"featured_media":5948965,"comment_status":"open","ping_status":"closed","template":"","meta":[],"product_brand":[3490],"product_cat":[1325],"product_tag":[],"class_list":{"0":"post-738896","1":"product","2":"type-product","3":"status-publish","4":"has-post-thumbnail","6":"product_brand-trem-de","7":"product_cat-gangways-festmachen-und-ankern","9":"first","10":"outofstock","11":"shipping-taxable","12":"purchasable","13":"product-type-simple"},"_links":{"self":[{"href":"https:\/\/stoic-curie.212-227-153-4.plesk.page\/de\/wp-json\/wp\/v2\/product\/738896","targetHints":{"allow":["GET"]}}],"collection":[{"href":"https:\/\/stoic-curie.212-227-153-4.plesk.page\/de\/wp-json\/wp\/v2\/product"}],"about":[{"href":"https:\/\/stoic-curie.212-227-153-4.plesk.page\/de\/wp-json\/wp\/v2\/types\/product"}],"replies":[{"embeddable":true,"href":"https:\/\/stoic-curie.212-227-153-4.plesk.page\/de\/wp-json\/wp\/v2\/comments?post=738896"}],"version-history":[{"count":0,"href":"https:\/\/stoic-curie.212-227-153-4.plesk.page\/de\/wp-json\/wp\/v2\/product\/738896\/revisions"}],"wp:featuredmedia":[{"embeddable":true,"href":"https:\/\/stoic-curie.212-227-153-4.plesk.page\/de\/wp-json\/wp\/v2\/media\/5948965"}],"wp:attachment":[{"href":"https:\/\/stoic-curie.212-227-153-4.plesk.page\/de\/wp-json\/wp\/v2\/media?parent=738896"}],"wp:term":[{"taxonomy":"product_brand","embeddable":true,"href":"https:\/\/stoic-curie.212-227-153-4.plesk.page\/de\/wp-json\/wp\/v2\/product_brand?post=738896"},{"taxonomy":"product_cat","embeddable":true,"href":"https:\/\/stoic-curie.212-227-153-4.plesk.page\/de\/wp-json\/wp\/v2\/product_cat?post=738896"},{"taxonomy":"product_tag","embeddable":true,"href":"https:\/\/stoic-curie.212-227-153-4.plesk.page\/de\/wp-json\/wp\/v2\/product_tag?post=738896"}],"curies":[{"name":"wp","href":"https:\/\/api.w.org\/{rel}","templated":true}]}}