{"id":738897,"date":"2025-03-03T17:54:53","date_gmt":"2025-03-03T16:54:53","guid":{"rendered":"https:\/\/stoic-curie.212-227-153-4.plesk.page\/producto\/hydraulische-gangway-smeraldo-270-x-43cm-24v\/"},"modified":"2026-02-24T23:35:26","modified_gmt":"2026-02-24T23:35:26","slug":"hydraulische-gangway-smeraldo-270-x-43cm-24v","status":"publish","type":"product","link":"https:\/\/stoic-curie.212-227-153-4.plesk.page\/de\/product\/hydraulische-gangway-smeraldo-270-x-43cm-24v\/","title":{"rendered":"Hydraulische Gangway Smeraldo 270 x 43cm 24v"},"content":{"rendered":"<p>Hydraulische Gangway Smeraldo 270 x 43cm 24v &#8211; <\/p>\n<p>Hydraulische teleskopische Gangway mit runder Bauform, aus spiegelpoliertem 316L Edelstahl. Rutschfester Teak-Oberfl\u00e4che mit LED-Beleuchtung. Komplett mit 800W hydraulischer Steuereinheit und 3\/8 Schl\u00e4uchen f\u00fcr 3,5 Meter System. Kann per Fernbedienung sowie \u00fcber eine kabelgebundene elektronische Steuereinheit mit 10 Kan\u00e4len oder \u00fcber ein wandmontiertes Bedienfeld (127 x 87 mm) betrieben werden. Auch geeignet zum Heben von Tendern bis zu 120 kg.\u00a0<\/p>\n<p><strong style=\"color: rgb(34, 34, 34); font-family: Arial, Helvetica, sans-serif; font-size: small;\">Smeraldo Hydraulische Gangway<\/strong><\/p>\n<p style=\"color: rgb(34, 34, 34); font-family: Arial, Helvetica, sans-serif; font-size: small;\">Wir freuen uns, Ihnen die Smeraldo Hydraulische Gangway vorzustellen, eine innovative teleskopische hydraulische L\u00f6sung, die sorgf\u00e4ltig mit einer runden Struktur aus hochwertigem AISI 316 Edelstahl entworfen wurde. Dieses Premium-Material gew\u00e4hrleistet nicht nur au\u00dfergew\u00f6hnliche Haltbarkeit, sondern bietet auch Korrosionsbest\u00e4ndigkeit, was es ideal f\u00fcr maritime Umgebungen macht. Die Gangway besticht durch eine elegante, glatte Oberfl\u00e4che, die ihre \u00e4sthetische Anziehungskraft erheblich erh\u00f6ht und sicherstellt, dass sie das Gesamtbild Ihres Schiffes erg\u00e4nzt.<\/p>\n<p style=\"color: rgb(34, 34, 34); font-family: Arial, Helvetica, sans-serif; font-size: small;\">Zu den Hauptmerkmalen geh\u00f6rt, dass die Gangway mit einem Gel\u00e4nder ausgestattet ist, das einen automatischen Absenkmechanismus integriert. Dieses durchdachte Design erm\u00f6glicht einen nahtlosen Wechsel zwischen links- und rechtskonfigurierten Anordnungen, um verschiedenen Anlegem\u00f6glichkeiten und Benutzerpr\u00e4ferenzen gerecht zu werden. Dar\u00fcber hinaus ist die Gangway mit eleganten Teak-Dielen ausgestattet, die nicht nur zur Langlebigkeit beitragen, sondern auch einen Hauch von Raffinesse und W\u00e4rme im Gesamtdesign hinzuf\u00fcgen.<\/p>\n<p style=\"color: rgb(34, 34, 34); font-family: Arial, Helvetica, sans-serif; font-size: small;\">Die hydraulische Einheit ist f\u00fcr den Betrieb mit elektrischen Ventilen konstruiert, was eine reibungslose und zuverl\u00e4ssige Funktionalit\u00e4t gew\u00e4hrleistet. Sie ist kompatibel mit Stromversorgungen von 12\/24V, wie w\u00e4hrend des Bestellvorgangs angegeben, und bietet somit Flexibilit\u00e4t bei der Installation. Um den Bedienkomfort zu erh\u00f6hen, ist ein Wandsteuerpanel enthalten, das eine einfache Bedienung von einem festen Ort aus erm\u00f6glicht. Au\u00dferdem wird eine handliche Fernbedienung bereitgestellt, die eine m\u00fchelose Bedienung aus der Ferne erm\u00f6glicht und die Smeraldo Hydraulische Gangway zu einer benutzerfreundlichen L\u00f6sung f\u00fcr Bootseigner macht.<\/p>\n","protected":false},"excerpt":{"rendered":"<p>Hydraulische Gangway Smeraldo 270 x 43cm 24v &#8211; Hydraulische teleskopische Gangway mit runder Bauform, aus spiegelpoliertem 316L Edelstahl. Rutschfester Teak-Oberfl\u00e4che<\/p>\n","protected":false},"featured_media":5948965,"comment_status":"open","ping_status":"closed","template":"","meta":[],"product_brand":[3490],"product_cat":[1325],"product_tag":[],"class_list":{"0":"post-738897","1":"product","2":"type-product","3":"status-publish","4":"has-post-thumbnail","6":"product_brand-trem-de","7":"product_cat-gangways-festmachen-und-ankern","9":"first","10":"instock","11":"shipping-taxable","12":"purchasable","13":"product-type-simple"},"_links":{"self":[{"href":"https:\/\/stoic-curie.212-227-153-4.plesk.page\/de\/wp-json\/wp\/v2\/product\/738897","targetHints":{"allow":["GET"]}}],"collection":[{"href":"https:\/\/stoic-curie.212-227-153-4.plesk.page\/de\/wp-json\/wp\/v2\/product"}],"about":[{"href":"https:\/\/stoic-curie.212-227-153-4.plesk.page\/de\/wp-json\/wp\/v2\/types\/product"}],"replies":[{"embeddable":true,"href":"https:\/\/stoic-curie.212-227-153-4.plesk.page\/de\/wp-json\/wp\/v2\/comments?post=738897"}],"version-history":[{"count":0,"href":"https:\/\/stoic-curie.212-227-153-4.plesk.page\/de\/wp-json\/wp\/v2\/product\/738897\/revisions"}],"wp:featuredmedia":[{"embeddable":true,"href":"https:\/\/stoic-curie.212-227-153-4.plesk.page\/de\/wp-json\/wp\/v2\/media\/5948965"}],"wp:attachment":[{"href":"https:\/\/stoic-curie.212-227-153-4.plesk.page\/de\/wp-json\/wp\/v2\/media?parent=738897"}],"wp:term":[{"taxonomy":"product_brand","embeddable":true,"href":"https:\/\/stoic-curie.212-227-153-4.plesk.page\/de\/wp-json\/wp\/v2\/product_brand?post=738897"},{"taxonomy":"product_cat","embeddable":true,"href":"https:\/\/stoic-curie.212-227-153-4.plesk.page\/de\/wp-json\/wp\/v2\/product_cat?post=738897"},{"taxonomy":"product_tag","embeddable":true,"href":"https:\/\/stoic-curie.212-227-153-4.plesk.page\/de\/wp-json\/wp\/v2\/product_tag?post=738897"}],"curies":[{"name":"wp","href":"https:\/\/api.w.org\/{rel}","templated":true}]}}