{"id":738904,"date":"2025-03-03T17:54:55","date_gmt":"2025-03-03T16:54:55","guid":{"rendered":"https:\/\/stoic-curie.212-227-153-4.plesk.page\/producto\/ersatzflansch-fuer-dometic-nrx80\/"},"modified":"2026-02-24T23:35:26","modified_gmt":"2026-02-24T23:35:26","slug":"ersatzflansch-fuer-dometic-nrx80","status":"publish","type":"product","link":"https:\/\/stoic-curie.212-227-153-4.plesk.page\/de\/product\/ersatzflansch-fuer-dometic-nrx80\/","title":{"rendered":"Ersatzflansch f\u00fcr Dometic NRX80"},"content":{"rendered":"<p>Ersatzflansch f\u00fcr Dometic NRX80 &#8211; <\/p>\n<p>Dometic K\u00fchlschrank-Rahmen f\u00fcr die Montage von K\u00fchlschr\u00e4nken mit b\u00fcndiger T\u00fcr oder Standardt\u00fcr. Die NRX-Modellrahmen in dunkel-silberner Lackierung erm\u00f6glichen sowohl die Installation von b\u00fcndigen als auch von Standard-K\u00fchlschrankt\u00fcren.<\/p>\n","protected":false},"excerpt":{"rendered":"<p>Ersatzflansch f\u00fcr Dometic NRX80 &#8211; Dometic K\u00fchlschrank-Rahmen f\u00fcr die Montage von K\u00fchlschr\u00e4nken mit b\u00fcndiger T\u00fcr oder Standardt\u00fcr. Die NRX-Modellrahmen in<\/p>\n","protected":false},"featured_media":5948974,"comment_status":"open","ping_status":"closed","template":"","meta":[],"product_brand":[2895],"product_cat":[1464],"product_tag":[],"class_list":{"0":"post-738904","1":"product","2":"type-product","3":"status-publish","4":"has-post-thumbnail","6":"product_brand-dometic-de","7":"product_cat-kuehlschraenke-und-gefriertruhen","9":"first","10":"instock","11":"shipping-taxable","12":"purchasable","13":"product-type-simple"},"_links":{"self":[{"href":"https:\/\/stoic-curie.212-227-153-4.plesk.page\/de\/wp-json\/wp\/v2\/product\/738904","targetHints":{"allow":["GET"]}}],"collection":[{"href":"https:\/\/stoic-curie.212-227-153-4.plesk.page\/de\/wp-json\/wp\/v2\/product"}],"about":[{"href":"https:\/\/stoic-curie.212-227-153-4.plesk.page\/de\/wp-json\/wp\/v2\/types\/product"}],"replies":[{"embeddable":true,"href":"https:\/\/stoic-curie.212-227-153-4.plesk.page\/de\/wp-json\/wp\/v2\/comments?post=738904"}],"version-history":[{"count":0,"href":"https:\/\/stoic-curie.212-227-153-4.plesk.page\/de\/wp-json\/wp\/v2\/product\/738904\/revisions"}],"wp:featuredmedia":[{"embeddable":true,"href":"https:\/\/stoic-curie.212-227-153-4.plesk.page\/de\/wp-json\/wp\/v2\/media\/5948974"}],"wp:attachment":[{"href":"https:\/\/stoic-curie.212-227-153-4.plesk.page\/de\/wp-json\/wp\/v2\/media?parent=738904"}],"wp:term":[{"taxonomy":"product_brand","embeddable":true,"href":"https:\/\/stoic-curie.212-227-153-4.plesk.page\/de\/wp-json\/wp\/v2\/product_brand?post=738904"},{"taxonomy":"product_cat","embeddable":true,"href":"https:\/\/stoic-curie.212-227-153-4.plesk.page\/de\/wp-json\/wp\/v2\/product_cat?post=738904"},{"taxonomy":"product_tag","embeddable":true,"href":"https:\/\/stoic-curie.212-227-153-4.plesk.page\/de\/wp-json\/wp\/v2\/product_tag?post=738904"}],"curies":[{"name":"wp","href":"https:\/\/api.w.org\/{rel}","templated":true}]}}