{"id":738905,"date":"2025-03-03T17:54:55","date_gmt":"2025-03-03T16:54:55","guid":{"rendered":"https:\/\/stoic-curie.212-227-153-4.plesk.page\/producto\/abwassertank-iso-8099-53lt-12v\/"},"modified":"2026-02-24T23:35:26","modified_gmt":"2026-02-24T23:35:26","slug":"abwassertank-iso-8099-53lt-12v","status":"publish","type":"product","link":"https:\/\/stoic-curie.212-227-153-4.plesk.page\/de\/product\/abwassertank-iso-8099-53lt-12v\/","title":{"rendered":"Abwassertank ISO 8099 53lt 12v"},"content":{"rendered":"<p>Abwassertank ISO 8099 53lt 12v &#8211; <\/p>\n<p>Polyethylen-Abwasser-\/Abfalltank gem\u00e4\u00df ISO8099-Norm mit Zerkleinerungspumpe zum Entleeren. Komplett mit 10-Loch-Inspektionsklappe mit drei 1&#8243;1\/2 gewindeverbindungen, einer 1\/2&#8243; gewindeverbindung, Tauchr\u00f6hre, Kappe, zwei 38 mm drehbaren Anschl\u00fcssen mit 1&#8243;1\/2 Ringmutter, 20 mm Schlauchanschluss 1\/2&#8243; gewindeverbindung, 1&#8243; gewindel\u00fcfter mit 16\/18 mm Schlauchanschluss, Aktivkohlefilter mit 16\/19\/25 mm Anschl\u00fcssen, dreipunkt VDO-Typ F\u00fcllstandssensor fast voll\/voll mit 5 L\u00f6chern und LED-F\u00fcllstandskontrollpanel mit 2,4 m Kabel. Pumpenh\u00f6he \u00fcber dem Tank 100 mm.<\/p>\n","protected":false},"excerpt":{"rendered":"<p>Abwassertank ISO 8099 53lt 12v &#8211; Polyethylen-Abwasser-\/Abfalltank gem\u00e4\u00df ISO8099-Norm mit Zerkleinerungspumpe zum Entleeren. Komplett mit 10-Loch-Inspektionsklappe mit drei 1&#8243;1\/2 gewindeverbindungen,<\/p>\n","protected":false},"featured_media":5947401,"comment_status":"open","ping_status":"closed","template":"","meta":[],"product_brand":[3140],"product_cat":[1362],"product_tag":[],"class_list":{"0":"post-738905","1":"product","2":"type-product","3":"status-publish","4":"has-post-thumbnail","6":"product_brand-matromarine-de","7":"product_cat-abwassertanks","9":"first","10":"instock","11":"shipping-taxable","12":"purchasable","13":"product-type-simple"},"_links":{"self":[{"href":"https:\/\/stoic-curie.212-227-153-4.plesk.page\/de\/wp-json\/wp\/v2\/product\/738905","targetHints":{"allow":["GET"]}}],"collection":[{"href":"https:\/\/stoic-curie.212-227-153-4.plesk.page\/de\/wp-json\/wp\/v2\/product"}],"about":[{"href":"https:\/\/stoic-curie.212-227-153-4.plesk.page\/de\/wp-json\/wp\/v2\/types\/product"}],"replies":[{"embeddable":true,"href":"https:\/\/stoic-curie.212-227-153-4.plesk.page\/de\/wp-json\/wp\/v2\/comments?post=738905"}],"version-history":[{"count":0,"href":"https:\/\/stoic-curie.212-227-153-4.plesk.page\/de\/wp-json\/wp\/v2\/product\/738905\/revisions"}],"wp:featuredmedia":[{"embeddable":true,"href":"https:\/\/stoic-curie.212-227-153-4.plesk.page\/de\/wp-json\/wp\/v2\/media\/5947401"}],"wp:attachment":[{"href":"https:\/\/stoic-curie.212-227-153-4.plesk.page\/de\/wp-json\/wp\/v2\/media?parent=738905"}],"wp:term":[{"taxonomy":"product_brand","embeddable":true,"href":"https:\/\/stoic-curie.212-227-153-4.plesk.page\/de\/wp-json\/wp\/v2\/product_brand?post=738905"},{"taxonomy":"product_cat","embeddable":true,"href":"https:\/\/stoic-curie.212-227-153-4.plesk.page\/de\/wp-json\/wp\/v2\/product_cat?post=738905"},{"taxonomy":"product_tag","embeddable":true,"href":"https:\/\/stoic-curie.212-227-153-4.plesk.page\/de\/wp-json\/wp\/v2\/product_tag?post=738905"}],"curies":[{"name":"wp","href":"https:\/\/api.w.org\/{rel}","templated":true}]}}