{"id":738909,"date":"2025-03-03T17:54:56","date_gmt":"2025-03-03T16:54:56","guid":{"rendered":"https:\/\/stoic-curie.212-227-153-4.plesk.page\/producto\/ersatz-luftverdichter-marco-24v\/"},"modified":"2026-02-24T23:35:26","modified_gmt":"2026-02-24T23:35:26","slug":"ersatz-luftverdichter-marco-24v","status":"publish","type":"product","link":"https:\/\/stoic-curie.212-227-153-4.plesk.page\/de\/product\/ersatz-luftverdichter-marco-24v\/","title":{"rendered":"Luftkompressor Marco M3 24V"},"content":{"rendered":"<p>Luftkompressor Marco M3 24V &#8211; <\/p>\n<p>Wir freuen uns, den M3 Luftkompressor AISI 304 pr\u00e4sentieren zu k\u00f6nnen. Dieser kompakte elektrische Kompressor verf\u00fcgt \u00fcber einen 8-Liter-Tank aus hochwertigem AISI 304 Edelstahl. Der zuverl\u00e4ssige Kompressor arbeitet mit einem Betriebsdruck von 8 bar und bietet eine F\u00f6rdermenge von 47 Litern pro Minute.<\/p>\n<p>Dieser Luftkompressor eignet sich perfekt f\u00fcr den Betrieb zugelassener H\u00f6rner auf Booten mit einer L\u00e4nge von 20 bis 75 Metern, insbesondere f\u00fcr die Modelle K341 und K348, w\u00e4hrend er gleichzeitig verschiedene Luftbedarfe an Bord erf\u00fcllt.<\/p>\n<p><strong>Technische Spezifikationen:<\/strong><\/p>\n<ul>\n<li><strong>Druck:<\/strong> 8 bar<\/li>\n<li><strong>Durchflussrate:<\/strong> 47 Liter\/Minute<\/li>\n<li><strong>Tankvolumen:<\/strong> 8 Liter<\/li>\n<li><strong>Leistung:<\/strong> 380 Watt<\/li>\n<li><strong>Abmessungen:<\/strong> 390 x 230 x 380 mm<\/li>\n<li><strong>Gewicht:<\/strong> 9 kg<\/li>\n<li><strong>Schutzart:<\/strong> IP54<\/li>\n<li><strong>Schlauchdurchmesser:<\/strong> 8\/6 mm<\/li>\n<li><strong>Sicherung erforderlich:<\/strong> 10A<\/li>\n<\/ul>\n<p>Der M3 Kompressor wurde entwickelt, um kompakt und leicht zu sein, und arbeitet dank seiner vier Gummif\u00fc\u00dfe, die f\u00fcr Stabilit\u00e4t sorgen, leise. Er verf\u00fcgt au\u00dferdem \u00fcber einen praktischen Tragegriff f\u00fcr den einfachen Transport. Zus\u00e4tzlich wird der Kompressor mit einem Manometer und einem Kondensatableitungsventil geliefert, was ihn ideal f\u00fcr akustische Signalsysteme und andere Druckluftnutzungen an Bord macht.<\/p>\n<p>Dieses Modell ist sowohl f\u00fcr 12V- als auch f\u00fcr 24V-Stromversorgung an Bord erh\u00e4ltlich. Die Motorleistung betr\u00e4gt 240 Watt, und er kann einen Betriebsdruck von bis zu 8 bar erreichen, mit einer F\u00fcllkapazit\u00e4t von etwa 47 Litern Luft pro Minute.<\/p>\n","protected":false},"excerpt":{"rendered":"<p>Luftkompressor Marco M3 24V &#8211; Wir freuen uns, den M3 Luftkompressor AISI 304 pr\u00e4sentieren zu k\u00f6nnen. Dieser kompakte elektrische Kompressor<\/p>\n","protected":false},"featured_media":5948979,"comment_status":"open","ping_status":"closed","template":"","meta":[],"product_brand":[3095],"product_cat":[1460],"product_tag":[],"class_list":{"0":"post-738909","1":"product","2":"type-product","3":"status-publish","4":"has-post-thumbnail","6":"product_brand-marco-de","7":"product_cat-bootshoerner","9":"first","10":"instock","11":"shipping-taxable","12":"purchasable","13":"product-type-simple"},"_links":{"self":[{"href":"https:\/\/stoic-curie.212-227-153-4.plesk.page\/de\/wp-json\/wp\/v2\/product\/738909","targetHints":{"allow":["GET"]}}],"collection":[{"href":"https:\/\/stoic-curie.212-227-153-4.plesk.page\/de\/wp-json\/wp\/v2\/product"}],"about":[{"href":"https:\/\/stoic-curie.212-227-153-4.plesk.page\/de\/wp-json\/wp\/v2\/types\/product"}],"replies":[{"embeddable":true,"href":"https:\/\/stoic-curie.212-227-153-4.plesk.page\/de\/wp-json\/wp\/v2\/comments?post=738909"}],"version-history":[{"count":0,"href":"https:\/\/stoic-curie.212-227-153-4.plesk.page\/de\/wp-json\/wp\/v2\/product\/738909\/revisions"}],"wp:featuredmedia":[{"embeddable":true,"href":"https:\/\/stoic-curie.212-227-153-4.plesk.page\/de\/wp-json\/wp\/v2\/media\/5948979"}],"wp:attachment":[{"href":"https:\/\/stoic-curie.212-227-153-4.plesk.page\/de\/wp-json\/wp\/v2\/media?parent=738909"}],"wp:term":[{"taxonomy":"product_brand","embeddable":true,"href":"https:\/\/stoic-curie.212-227-153-4.plesk.page\/de\/wp-json\/wp\/v2\/product_brand?post=738909"},{"taxonomy":"product_cat","embeddable":true,"href":"https:\/\/stoic-curie.212-227-153-4.plesk.page\/de\/wp-json\/wp\/v2\/product_cat?post=738909"},{"taxonomy":"product_tag","embeddable":true,"href":"https:\/\/stoic-curie.212-227-153-4.plesk.page\/de\/wp-json\/wp\/v2\/product_tag?post=738909"}],"curies":[{"name":"wp","href":"https:\/\/api.w.org\/{rel}","templated":true}]}}