{"id":738912,"date":"2025-03-03T17:54:57","date_gmt":"2025-03-03T16:54:57","guid":{"rendered":"https:\/\/stoic-curie.212-227-153-4.plesk.page\/producto\/garmin-gpsmap-723xsv\/"},"modified":"2026-02-24T23:35:26","modified_gmt":"2026-02-24T23:35:26","slug":"garmin-gpsmap-723xsv","status":"publish","type":"product","link":"https:\/\/stoic-curie.212-227-153-4.plesk.page\/de\/product\/garmin-gpsmap-723xsv\/","title":{"rendered":"Garmin GPSMAP 723xsv"},"content":{"rendered":"<p>Garmin GPSMAP 723xsv &#8211; <\/p>\n<p>Die Garmin GPSMAP 723xsv Kartenplotter verf\u00fcgen \u00fcber ein 7-Zoll-Farb-Touchscreen-Display und beinhalten eine weltweite Basiskarte. Dieses Modell zeichnet sich durch ein internes Hochsensitivit\u00e4ts-GPS\/GLONASS-System mit 10 Hz aus, das Ihre Position und Richtung zehnmal pro Sekunde aktualisiert. Sie k\u00f6nnen auch Ihr Smartphone oder Tablet \u00fcber die ActiveCaptain-App und Wi-Fi verbinden.<\/p>\n<p>Nur das Modell Garmin GPSMAP 723xsv umfasst Garmin CHIRP SideVu, CHIRP ClearVu und CHIRP traditionellen Sonar. Um die Sonarfunktionen nutzen zu k\u00f6nnen, ben\u00f6tigen Sie das Modell 723xsv.<\/p>\n<p>Sowohl die Garmin GPSMAP 723 als auch 723xsv sind werksseitig mit einer weltweiten Basiskarte vorinstalliert. Sie k\u00f6nnen auch zus\u00e4tzliche detaillierte Garmin BlueChart g3 Seekarten auf einer vorprogrammierten microSD\/SD-Karte von ActiveGPS erwerben. Die neuesten Karten, bekannt als BlueChart g3 Vision, bieten Premium-Funktionen wie hochaufl\u00f6sende Satellitenbilder von H\u00e4fen und Anlegestellen, automatische Navigation, MarinerEye f\u00fcr 3D-Informationen \u00fcber der Wasserlinie und FishEye f\u00fcr 3D-Informationen unter der Wasserlinie.<\/p>\n<p>Die integrierten Sonarfunktionen sind nur im Garmin GPSMAP 723xsv Modell standardm\u00e4\u00dfig enthalten und umfassen Garmin CHIRP SideVu, CHIRP ClearVu und CHIRP traditionelles Sonar. Alle drei Garmin GPSMAP 723 Kartenplotter unterst\u00fctzen auch Panoptix All-Seeing Sonar, hochwertiges Garmin Sonar und eine Vielzahl von Transducern (separat erh\u00e4ltlich). Wenn Sie das Garmin GPSMAP 723 (ohne Sonar) kaufen, k\u00f6nnen Sie sp\u00e4ter Sonarfunktionen hinzuf\u00fcgen, indem Sie eine externe Garmin Black Box erwerben.<\/p>\n<p><strong>Ultra High-Definition Scanning Sonar (nur Garmin GPSMAP 723xsv Modell)<\/strong><\/p>\n<p>Das Modell Garmin GPSMAP 723xsv verf\u00fcgt \u00fcber integrierte Ultra High-Definition SideVu und ClearVu Scanning Sonar, die lebendige, kontrastreiche Farbschemata bieten, um Fische von Strukturen zu unterscheiden, wenn sie mit einem kompatiblen Garmin-Transducer kombiniert werden. Der GPSMAP 723xsv unterst\u00fctzt au\u00dferdem 1 kW CHIRP traditionelles Sonar.<\/p>\n<ul>\n<li>Dual-Frequenz (50\/200 kHz) Sonar f\u00e4hig<\/li>\n<li>Dual-Beam (77\/200 kHz) Sonar f\u00e4hig<\/li>\n<\/ul>\n<p>Die Garmin GPSMAP 723xsv Kartenplotter unterst\u00fctzen die folgenden Frequenzen:<\/p>\n<ul>\n<li>Traditionell: 50\/77\/83\/200 kHz<\/li>\n<li>CHIRP (niedrig, mittel, hoch)<\/li>\n<li>ClearVu (260\/455\/800 kHz)<\/li>\n<li>SideVu (260\/455\/800 kHz)<\/li>\n<li>UHD ClearVu\/SideVu (800\/1000\/1200 kHz) (abh\u00e4ngig vom Transducer)<\/li>\n<\/ul>\n<p>Um den richtigen Transducer f\u00fcr Ihren GPSMAP 723xsv und Ihr Boot zu finden, f\u00fcllen Sie bitte unser Online-Transducer-Formular aus. Wenn Sie bereits wissen, welchen Transducer Sie ben\u00f6tigen (obwohl wir empfehlen, unser Online-Formular f\u00fcr die beste \u00dcbereinstimmung zu verwenden), k\u00f6nnen Sie die gesamte Palette an Transducern einsehen, die von ActiveGPS erh\u00e4ltlich sind. Unten sehen Sie Beispiele f\u00fcr Transom-Montierte, Durchhull- und In-Hull-Transducer.<\/p>\n<p>Der Kartenplotter aktualisiert Ihre Richtung und Position auf dem Bildschirm zehnmal pro Sekunde, was eine fl\u00fcssige Anzeige der GPS-Position Ihres Bootes oder Yachts erm\u00f6glicht. Er verf\u00fcgt \u00fcber einen hochsensitiven, schnellen, reaktionsschnellen 10Hz GPS und GLONASS Empf\u00e4nger. Der GPSMAP 723 umfasst auch die NMEA 2000 und NMEA 0183 Konnektivit\u00e4t.<\/p>\n<p>Mit integriertem Wi-Fi k\u00f6nnen Sie den Garmin Kartenplotter \u00fcber die BlueChart Mobile 2.0 App oder die Garmin ActiveCaptain App steuern. Diese Konnektivit\u00e4t erm\u00f6glicht den Zugang zur OneChart-Funktion, intelligenten Benachrichtigungen, Software-Updates, Garmin Helm, Garmin Quickdraw Community-Daten und mehr.<\/p>\n<p>Die Garmin SailAssist Segelfunktionen erm\u00f6glichen es Ihnen, Laylines, Rennstartlinienf\u00fchrung, einen verbesserten Windrose, Heading und Course-over-Ground Linien, echte Winddatenfelder, Tide\/Strom\/Zeit-Schieberegler, Windwinkel, Set und Drift, Windgeschwindigkeit und mehr anzuzeigen.<\/p>\n<p>Die integrierte ANT-Konnektivit\u00e4t erm\u00f6glicht es Ihnen, einige Ihrer Lieblingsger\u00e4te anzuschlie\u00dfen, wie die Garmin quatix 5 Marineuhr, Garmin gWind Wireless 2 Transducer, Garmin GNX Wind Marineinstrumente und drahtlose Fernbedienungen wie das Garmin GRID 20 Remote Input Device.<\/p>\n<p>Die Modelle Garmin GPSMAP 723\/723xsv verf\u00fcgen \u00fcber eine J1939-Konnektivit\u00e4t, die es Ihnen erm\u00f6glicht, den Kartenplotter mit verschiedenen Motoren, einschlie\u00dflich Yamaha-Motoren, zu verbinden. Dar\u00fcber hinaus beinhalten die Garmin GPSMAP 723 Modelle OneHelm, eine exklusive Funktion, die die Operationen und F\u00e4higkeiten von Drittanbieter-Ger\u00e4ten, wie EmpirBus digitales Schalten, auf einem Bildschirm zusammenf\u00fchrt.<\/p>\n","protected":false},"excerpt":{"rendered":"<p>Garmin GPSMAP 723xsv &#8211; Die Garmin GPSMAP 723xsv Kartenplotter verf\u00fcgen \u00fcber ein 7-Zoll-Farb-Touchscreen-Display und beinhalten eine weltweite Basiskarte. Dieses Modell<\/p>\n","protected":false},"featured_media":5948991,"comment_status":"open","ping_status":"closed","template":"","meta":[],"product_brand":[2970],"product_cat":[1457],"product_tag":[],"class_list":{"0":"post-738912","1":"product","2":"type-product","3":"status-publish","4":"has-post-thumbnail","6":"product_brand-garmin-de","7":"product_cat-bootelektronik","9":"first","10":"instock","11":"shipping-taxable","12":"purchasable","13":"product-type-simple"},"_links":{"self":[{"href":"https:\/\/stoic-curie.212-227-153-4.plesk.page\/de\/wp-json\/wp\/v2\/product\/738912","targetHints":{"allow":["GET"]}}],"collection":[{"href":"https:\/\/stoic-curie.212-227-153-4.plesk.page\/de\/wp-json\/wp\/v2\/product"}],"about":[{"href":"https:\/\/stoic-curie.212-227-153-4.plesk.page\/de\/wp-json\/wp\/v2\/types\/product"}],"replies":[{"embeddable":true,"href":"https:\/\/stoic-curie.212-227-153-4.plesk.page\/de\/wp-json\/wp\/v2\/comments?post=738912"}],"version-history":[{"count":0,"href":"https:\/\/stoic-curie.212-227-153-4.plesk.page\/de\/wp-json\/wp\/v2\/product\/738912\/revisions"}],"wp:featuredmedia":[{"embeddable":true,"href":"https:\/\/stoic-curie.212-227-153-4.plesk.page\/de\/wp-json\/wp\/v2\/media\/5948991"}],"wp:attachment":[{"href":"https:\/\/stoic-curie.212-227-153-4.plesk.page\/de\/wp-json\/wp\/v2\/media?parent=738912"}],"wp:term":[{"taxonomy":"product_brand","embeddable":true,"href":"https:\/\/stoic-curie.212-227-153-4.plesk.page\/de\/wp-json\/wp\/v2\/product_brand?post=738912"},{"taxonomy":"product_cat","embeddable":true,"href":"https:\/\/stoic-curie.212-227-153-4.plesk.page\/de\/wp-json\/wp\/v2\/product_cat?post=738912"},{"taxonomy":"product_tag","embeddable":true,"href":"https:\/\/stoic-curie.212-227-153-4.plesk.page\/de\/wp-json\/wp\/v2\/product_tag?post=738912"}],"curies":[{"name":"wp","href":"https:\/\/api.w.org\/{rel}","templated":true}]}}