{"id":738913,"date":"2025-03-03T17:54:57","date_gmt":"2025-03-03T16:54:57","guid":{"rendered":"https:\/\/stoic-curie.212-227-153-4.plesk.page\/producto\/raymarine-axiom-7\/"},"modified":"2026-02-24T23:35:26","modified_gmt":"2026-02-24T23:35:26","slug":"raymarine-axiom-7","status":"publish","type":"product","link":"https:\/\/stoic-curie.212-227-153-4.plesk.page\/de\/product\/raymarine-axiom-7\/","title":{"rendered":"Raymarine Axiom+ 7"},"content":{"rendered":"<p>Raymarine Axiom+ 7 &#8211; <\/p>\n<p style=\"color: rgb(34, 34, 34); font-family: Arial, Helvetica, sans-serif; font-size: small;\">Der Raymarine Axiom 7 Plus ist ein 7-Zoll-Multifunktionsdisplay (MFD) Chartplotter, der mit einem leistungsstarken Quad-Core-Prozessor ausgestattet ist, der schnelle Reaktionszeiten und Geschwindigkeit gew\u00e4hrleistet. Dies erm\u00f6glicht Ihnen das einfache Neuzeichnen von Karten und die Navigation mit Augmented Reality. Das hochaufl\u00f6sende IPS-Display bietet 25 Prozent mehr Helligkeit, was die Sichtbarkeit bei verschiedenen Lichtverh\u00e4ltnissen verbessert. Bitte beachten Sie, dass keine Karten oder Sensoren mit diesem Ger\u00e4t geliefert werden.<\/p>\n<p style=\"color: rgb(34, 34, 34); font-family: Arial, Helvetica, sans-serif; font-size: small;\">Der Axiom+ Chartplotter verf\u00fcgt \u00fcber einen fortschrittlichen IPS-Glas-Touchscreen, der einen besseren Kontrast bietet und aus allen Winkeln, selbst bei hellem Sonnenlicht, deutlich sichtbar ist. Der neue Quad-Core-Prozessor, kombiniert mit der LightHouse 3-Benutzeroberfl\u00e4che, erh\u00f6ht die Geschwindigkeit und Leistung. Er enth\u00e4lt eine integrierte 10Hz GPS-Antenne, Wi-Fi, Bluetooth, NMEA2000-Konnektivit\u00e4t, einen Micro-USB-Port und einen Micro-SD-Slot. Dieses Ger\u00e4t ist mit Lighthouse-Karten, Navionics Gold, Platinum und C-MAP-Kartographie kompatibel. Zudem wird es mit einer Bildschirmschutzabdeckung, einem Power\/Data-Kabel und einem Halte- \/ Einfassungsset geliefert.<\/p>\n<p style=\"color: rgb(34, 34, 34); font-family: Arial, Helvetica, sans-serif; font-size: small;\">Der Raymarine Axiom Plus stellt die neueste Generation preisgekr\u00f6nter Multifunktionsdisplays dar. Es ist auf Geschwindigkeit optimiert und mit einem leistungsstarken Quad-Core-Prozessor ausgestattet, der nahtloses Neuzeichnen von Karten und Navigation mit Augmented Reality erm\u00f6glicht. Die verbesserte IPS-Display-Technologie bietet atemberaubende Farben und Klarheit, mit Tages-\/Nachtfarbpaletten f\u00fcr verbesserte Sichtbarkeit in allen Lichtverh\u00e4ltnissen. Der Axiom Plus bietet das benutzerfreundliche Betriebssystem LightHouse 3, das st\u00e4rkste und einfachste Raymarine MFD-Betriebssystem aller Zeiten.<\/p>\n<p style=\"color: rgb(34, 34, 34); font-family: Arial, Helvetica, sans-serif; font-size: small;\">Dieser Chartplotter ist erweiterbar und erm\u00f6glicht es Ihnen, seine Funktionen nach Bedarf zu erweitern. Er unterst\u00fctzt eine Vielzahl von Raymarine-Zubeh\u00f6r, darunter Quantum Radar, CHIRP-Sonar, FLIR-W\u00e4rmebildkameras, Audio-Integration, Instrumente, Kameras und den Evolution-Autopilot. Standardm\u00e4\u00dfige Wi-Fi- und Bluetooth-Konnektivit\u00e4t erm\u00f6glichen es Ihnen, sich mit den neuesten Raymarine-Apps f\u00fcr Tablets und Smartphones zu verbinden.<\/p>\n<p style=\"color: rgb(34, 34, 34); font-family: Arial, Helvetica, sans-serif; font-size: small;\"><strong>Leistungsmerkmale:<\/strong><\/p>\n<ul style=\"color: rgb(34, 34, 34); font-family: Arial, Helvetica, sans-serif; font-size: small;\">\n<li>Entwickelt f\u00fcr Geschwindigkeit, Reaktionsf\u00e4higkeit und k\u00fcnftige Erweiterungen.<\/li>\n<li>Leistungsstarker Quad-Core-Prozessor mit erh\u00f6htem Onboard-Speicher f\u00fcr pers\u00f6nliche Daten und Apps.<\/li>\n<li>Schnelles und fl\u00fcssiges Neuzeichnen von Karten f\u00fcr Raymarine LightHouse Charts sowie Navionics und C-MAP.<\/li>\n<li>ClearCruise\u2122 Augmented-Reality-F\u00e4higkeit f\u00fcr intelligentere Navigationsentscheidungen.<\/li>\n<li>Intuitive LightHouse 3-Betriebssoftware f\u00fcr einfache Navigation.<\/li>\n<\/ul>\n<p style=\"color: rgb(34, 34, 34); font-family: Arial, Helvetica, sans-serif; font-size: small;\"><strong>Maximale Sichtbarkeit:<\/strong><\/p>\n<ul style=\"color: rgb(34, 34, 34); font-family: Arial, Helvetica, sans-serif; font-size: small;\">\n<li>Das verbesserte IPS-Display pr\u00e4sentiert Karten, Sonar, Radar und Videos in lebendigen Farben.<\/li>\n<li>Breitere Betrachtungswinkel und scharfer Kontrast bei der doppelten Aufl\u00f6sung herk\u00f6mmlicher Displays.<\/li>\n<li>Verf\u00fcgbar in 7-, 9- und 12-Zoll-Allwetter-Displays, die 25 Prozent heller sind (bis zu 1.800 Nits).<\/li>\n<li>HydroTough\u2122 nano-beschichteter, sto\u00dffester Glasbildschirm weist Wasser, \u00d6l und Schmierflecken ab, was die Sicht verbessert und pr\u00e4zise Touch-Steuerungen erm\u00f6glicht.<\/li>\n<li>Erweiterte Anzeigeoptionen mit LightHouse 3-Farbthemes, einschlie\u00dflich Licht-, Dunkel- und Nachtmodi.<\/li>\n<\/ul>\n","protected":false},"excerpt":{"rendered":"<p>Raymarine Axiom+ 7 &#8211; Der Raymarine Axiom 7 Plus ist ein 7-Zoll-Multifunktionsdisplay (MFD) Chartplotter, der mit einem leistungsstarken Quad-Core-Prozessor ausgestattet<\/p>\n","protected":false},"featured_media":5948993,"comment_status":"open","ping_status":"closed","template":"","meta":[],"product_brand":[3300],"product_cat":[1457],"product_tag":[],"class_list":{"0":"post-738913","1":"product","2":"type-product","3":"status-publish","4":"has-post-thumbnail","6":"product_brand-raymarine-de","7":"product_cat-bootelektronik","9":"first","10":"instock","11":"shipping-taxable","12":"purchasable","13":"product-type-simple"},"_links":{"self":[{"href":"https:\/\/stoic-curie.212-227-153-4.plesk.page\/de\/wp-json\/wp\/v2\/product\/738913","targetHints":{"allow":["GET"]}}],"collection":[{"href":"https:\/\/stoic-curie.212-227-153-4.plesk.page\/de\/wp-json\/wp\/v2\/product"}],"about":[{"href":"https:\/\/stoic-curie.212-227-153-4.plesk.page\/de\/wp-json\/wp\/v2\/types\/product"}],"replies":[{"embeddable":true,"href":"https:\/\/stoic-curie.212-227-153-4.plesk.page\/de\/wp-json\/wp\/v2\/comments?post=738913"}],"version-history":[{"count":0,"href":"https:\/\/stoic-curie.212-227-153-4.plesk.page\/de\/wp-json\/wp\/v2\/product\/738913\/revisions"}],"wp:featuredmedia":[{"embeddable":true,"href":"https:\/\/stoic-curie.212-227-153-4.plesk.page\/de\/wp-json\/wp\/v2\/media\/5948993"}],"wp:attachment":[{"href":"https:\/\/stoic-curie.212-227-153-4.plesk.page\/de\/wp-json\/wp\/v2\/media?parent=738913"}],"wp:term":[{"taxonomy":"product_brand","embeddable":true,"href":"https:\/\/stoic-curie.212-227-153-4.plesk.page\/de\/wp-json\/wp\/v2\/product_brand?post=738913"},{"taxonomy":"product_cat","embeddable":true,"href":"https:\/\/stoic-curie.212-227-153-4.plesk.page\/de\/wp-json\/wp\/v2\/product_cat?post=738913"},{"taxonomy":"product_tag","embeddable":true,"href":"https:\/\/stoic-curie.212-227-153-4.plesk.page\/de\/wp-json\/wp\/v2\/product_tag?post=738913"}],"curies":[{"name":"wp","href":"https:\/\/api.w.org\/{rel}","templated":true}]}}