{"id":738915,"date":"2025-03-03T17:54:57","date_gmt":"2025-03-03T16:54:57","guid":{"rendered":"https:\/\/stoic-curie.212-227-153-4.plesk.page\/producto\/vsg-skipper-150-leichte-aufblasbare-rettungsweste-farbe-blau-navy\/"},"modified":"2026-02-24T23:35:26","modified_gmt":"2026-02-24T23:35:26","slug":"vsg-skipper-150-leichte-aufblasbare-rettungsweste-farbe-blau-navy","status":"publish","type":"product","link":"https:\/\/stoic-curie.212-227-153-4.plesk.page\/de\/product\/vsg-skipper-150-leichte-aufblasbare-rettungsweste-farbe-blau-navy\/","title":{"rendered":"Vsg Skipper 150 leichte aufblasbare Rettungsweste Farbe blau navy"},"content":{"rendered":"<p>Vsg Skipper 150 leichte aufblasbare Rettungsweste Farbe blau navy  &#8211; <\/p>\n<p>VSG Skipper 150 LIGHT aufblasbare Schwimmweste<br \/>\u2022 Automatische Aktivierung &#8211; EN ISO 12402-3 zertifiziert<br \/>\u2022 Auftriebswert: 150N<br \/>\u2022 Tats\u00e4chlicher Auftrieb: 150N<br \/>\u2022 Verschluss: Schnellverschluss mit verstellbarem Riemen<br \/>\u2022 Gr\u00f6\u00dfe: Einheitsgr\u00f6\u00dfe f\u00fcr Erwachsene \u00fcber 40 kg<br \/>\u2022 Brustumfang: 80\/125 cm<br \/>\u2022 Navigation: Sportboote innerhalb und au\u00dferhalb von 6 Seemeilen von der K\u00fcste<\/p>\n","protected":false},"excerpt":{"rendered":"<p>Vsg Skipper 150 leichte aufblasbare Rettungsweste Farbe blau navy &#8211; VSG Skipper 150 LIGHT aufblasbare Schwimmweste\u2022 Automatische Aktivierung &#8211; EN<\/p>\n","protected":false},"featured_media":5949001,"comment_status":"open","ping_status":"closed","template":"","meta":[],"product_brand":[3515],"product_cat":[1314],"product_tag":[],"class_list":{"0":"post-738915","1":"product","2":"type-product","3":"status-publish","4":"has-post-thumbnail","6":"product_brand-veleria-san-giorgio-de","7":"product_cat-zugelassene-rettungswesten","9":"first","10":"instock","11":"shipping-taxable","12":"purchasable","13":"product-type-simple"},"_links":{"self":[{"href":"https:\/\/stoic-curie.212-227-153-4.plesk.page\/de\/wp-json\/wp\/v2\/product\/738915","targetHints":{"allow":["GET"]}}],"collection":[{"href":"https:\/\/stoic-curie.212-227-153-4.plesk.page\/de\/wp-json\/wp\/v2\/product"}],"about":[{"href":"https:\/\/stoic-curie.212-227-153-4.plesk.page\/de\/wp-json\/wp\/v2\/types\/product"}],"replies":[{"embeddable":true,"href":"https:\/\/stoic-curie.212-227-153-4.plesk.page\/de\/wp-json\/wp\/v2\/comments?post=738915"}],"version-history":[{"count":0,"href":"https:\/\/stoic-curie.212-227-153-4.plesk.page\/de\/wp-json\/wp\/v2\/product\/738915\/revisions"}],"wp:featuredmedia":[{"embeddable":true,"href":"https:\/\/stoic-curie.212-227-153-4.plesk.page\/de\/wp-json\/wp\/v2\/media\/5949001"}],"wp:attachment":[{"href":"https:\/\/stoic-curie.212-227-153-4.plesk.page\/de\/wp-json\/wp\/v2\/media?parent=738915"}],"wp:term":[{"taxonomy":"product_brand","embeddable":true,"href":"https:\/\/stoic-curie.212-227-153-4.plesk.page\/de\/wp-json\/wp\/v2\/product_brand?post=738915"},{"taxonomy":"product_cat","embeddable":true,"href":"https:\/\/stoic-curie.212-227-153-4.plesk.page\/de\/wp-json\/wp\/v2\/product_cat?post=738915"},{"taxonomy":"product_tag","embeddable":true,"href":"https:\/\/stoic-curie.212-227-153-4.plesk.page\/de\/wp-json\/wp\/v2\/product_tag?post=738915"}],"curies":[{"name":"wp","href":"https:\/\/api.w.org\/{rel}","templated":true}]}}