{"id":739004,"date":"2025-03-03T17:55:53","date_gmt":"2025-03-03T16:55:53","guid":{"rendered":"https:\/\/stoic-curie.212-227-153-4.plesk.page\/producto\/propeller-yamaha-8-1-2-x-9-1-4-rh\/"},"modified":"2026-02-24T23:35:26","modified_gmt":"2026-02-24T23:35:26","slug":"propeller-yamaha-8-1-2-x-9-1-4-rh","status":"publish","type":"product","link":"https:\/\/stoic-curie.212-227-153-4.plesk.page\/de\/product\/propeller-yamaha-8-1-2-x-9-1-4-rh\/","title":{"rendered":"Propeller Yamaha 8 1\/2 x 9 1\/4 RH"},"content":{"rendered":"<p>Propeller Yamaha 8 1\/2 x 9 1\/4 RH &#8211; <\/p>\n<p>Alice Aluminium-Propeller f\u00fcr Yamaha Au\u00dfenbordmotoren. Hergestellt aus einer Aerospace-Aluminium-Titan-Legierung. 3D-Laserscanning f\u00fcr statische und dynamische Kontrolle. Robotergest\u00fctzte AkzoNobel-Pulverbeschichtung. Hohe Effizienz und reduzierter Verbrauch dank perfekt geformter Propellerbl\u00e4tter. Das Montageset muss separat bestellt werden, falls notwendig, um Schrauben, Unterlegscheiben und Abstandshalter zu ersetzen. F\u00fcr Yamaha Au\u00dfenbordmotoren: 6C (Zweizylinder) [19862000], F6A (Vierzylinder) [20012010], 8C (Zweizylinder) [19862009], F8C (Vierzylinder) [2001>], F9.9\/F9.9J (Vierzylinder) [2008>]<\/p>\n","protected":false},"excerpt":{"rendered":"<p>Propeller Yamaha 8 1\/2 x 9 1\/4 RH &#8211; Alice Aluminium-Propeller f\u00fcr Yamaha Au\u00dfenbordmotoren. Hergestellt aus einer Aerospace-Aluminium-Titan-Legierung. 3D-Laserscanning f\u00fcr<\/p>\n","protected":false},"featured_media":5949024,"comment_status":"open","ping_status":"closed","template":"","meta":[],"product_brand":[3390],"product_cat":[1544,1516],"product_tag":[],"class_list":{"0":"post-739004","1":"product","2":"type-product","3":"status-publish","4":"has-post-thumbnail","6":"product_brand-sierra-marine-de","7":"product_cat-marine-ersatzteile-fuer-yamaha","8":"product_cat-propeller-fuer-aussenbordmotoren","10":"first","11":"instock","12":"shipping-taxable","13":"purchasable","14":"product-type-simple"},"_links":{"self":[{"href":"https:\/\/stoic-curie.212-227-153-4.plesk.page\/de\/wp-json\/wp\/v2\/product\/739004","targetHints":{"allow":["GET"]}}],"collection":[{"href":"https:\/\/stoic-curie.212-227-153-4.plesk.page\/de\/wp-json\/wp\/v2\/product"}],"about":[{"href":"https:\/\/stoic-curie.212-227-153-4.plesk.page\/de\/wp-json\/wp\/v2\/types\/product"}],"replies":[{"embeddable":true,"href":"https:\/\/stoic-curie.212-227-153-4.plesk.page\/de\/wp-json\/wp\/v2\/comments?post=739004"}],"version-history":[{"count":0,"href":"https:\/\/stoic-curie.212-227-153-4.plesk.page\/de\/wp-json\/wp\/v2\/product\/739004\/revisions"}],"wp:featuredmedia":[{"embeddable":true,"href":"https:\/\/stoic-curie.212-227-153-4.plesk.page\/de\/wp-json\/wp\/v2\/media\/5949024"}],"wp:attachment":[{"href":"https:\/\/stoic-curie.212-227-153-4.plesk.page\/de\/wp-json\/wp\/v2\/media?parent=739004"}],"wp:term":[{"taxonomy":"product_brand","embeddable":true,"href":"https:\/\/stoic-curie.212-227-153-4.plesk.page\/de\/wp-json\/wp\/v2\/product_brand?post=739004"},{"taxonomy":"product_cat","embeddable":true,"href":"https:\/\/stoic-curie.212-227-153-4.plesk.page\/de\/wp-json\/wp\/v2\/product_cat?post=739004"},{"taxonomy":"product_tag","embeddable":true,"href":"https:\/\/stoic-curie.212-227-153-4.plesk.page\/de\/wp-json\/wp\/v2\/product_tag?post=739004"}],"curies":[{"name":"wp","href":"https:\/\/api.w.org\/{rel}","templated":true}]}}