{"id":739005,"date":"2025-03-03T17:55:53","date_gmt":"2025-03-03T16:55:53","guid":{"rendered":"https:\/\/stoic-curie.212-227-153-4.plesk.page\/producto\/propeller-yamaha-9-1-4-x-8-rh\/"},"modified":"2026-02-24T23:35:26","modified_gmt":"2026-02-24T23:35:26","slug":"propeller-yamaha-9-1-4-x-8-rh","status":"publish","type":"product","link":"https:\/\/stoic-curie.212-227-153-4.plesk.page\/de\/product\/propeller-yamaha-9-1-4-x-8-rh\/","title":{"rendered":"Propeller Yamaha 9 1\/4 x 8 RH"},"content":{"rendered":"<p>Propeller Yamaha 9 1\/4 x 8 RH &#8211; <\/p>\n<p>Alice Aluminium-Propeller f\u00fcr Yamaha Au\u00dfenbordmotoren. Hergestellt aus einer Aluminium-Titan-Legierung aus der Luft- und Raumfahrt. 3D-Laserscanning f\u00fcr statische und dynamische Kontrolle. Roboterm\u00e4\u00dfige AkzoNobel-Pulverbeschichtung. Hohe Effizienz und reduzierter Verbrauch dank der perfekt geformten Propellerbl\u00e4tter. Das Montage-Kit muss separat bestellt werden, falls n\u00f6tig, um Schrauben, Unterlegscheiben und Spacer zu ersetzen. F\u00fcr Yamaha Au\u00dfenbordmotoren: FT8\/FT9.9 [alle] 9.9D\/9.9F\/15D\/15F (2-Takt) [19842009] F8B\/F9.9B\/F9.9C (4-Takt) [20002007] F15A\/F15C\/F20B (4-Takt) [2007>]<\/p>\n","protected":false},"excerpt":{"rendered":"<p>Propeller Yamaha 9 1\/4 x 8 RH &#8211; Alice Aluminium-Propeller f\u00fcr Yamaha Au\u00dfenbordmotoren. Hergestellt aus einer Aluminium-Titan-Legierung aus der Luft-<\/p>\n","protected":false},"featured_media":5949026,"comment_status":"open","ping_status":"closed","template":"","meta":[],"product_brand":[3390],"product_cat":[1544,1516],"product_tag":[],"class_list":{"0":"post-739005","1":"product","2":"type-product","3":"status-publish","4":"has-post-thumbnail","6":"product_brand-sierra-marine-de","7":"product_cat-marine-ersatzteile-fuer-yamaha","8":"product_cat-propeller-fuer-aussenbordmotoren","10":"first","11":"instock","12":"shipping-taxable","13":"purchasable","14":"product-type-simple"},"_links":{"self":[{"href":"https:\/\/stoic-curie.212-227-153-4.plesk.page\/de\/wp-json\/wp\/v2\/product\/739005","targetHints":{"allow":["GET"]}}],"collection":[{"href":"https:\/\/stoic-curie.212-227-153-4.plesk.page\/de\/wp-json\/wp\/v2\/product"}],"about":[{"href":"https:\/\/stoic-curie.212-227-153-4.plesk.page\/de\/wp-json\/wp\/v2\/types\/product"}],"replies":[{"embeddable":true,"href":"https:\/\/stoic-curie.212-227-153-4.plesk.page\/de\/wp-json\/wp\/v2\/comments?post=739005"}],"version-history":[{"count":0,"href":"https:\/\/stoic-curie.212-227-153-4.plesk.page\/de\/wp-json\/wp\/v2\/product\/739005\/revisions"}],"wp:featuredmedia":[{"embeddable":true,"href":"https:\/\/stoic-curie.212-227-153-4.plesk.page\/de\/wp-json\/wp\/v2\/media\/5949026"}],"wp:attachment":[{"href":"https:\/\/stoic-curie.212-227-153-4.plesk.page\/de\/wp-json\/wp\/v2\/media?parent=739005"}],"wp:term":[{"taxonomy":"product_brand","embeddable":true,"href":"https:\/\/stoic-curie.212-227-153-4.plesk.page\/de\/wp-json\/wp\/v2\/product_brand?post=739005"},{"taxonomy":"product_cat","embeddable":true,"href":"https:\/\/stoic-curie.212-227-153-4.plesk.page\/de\/wp-json\/wp\/v2\/product_cat?post=739005"},{"taxonomy":"product_tag","embeddable":true,"href":"https:\/\/stoic-curie.212-227-153-4.plesk.page\/de\/wp-json\/wp\/v2\/product_tag?post=739005"}],"curies":[{"name":"wp","href":"https:\/\/api.w.org\/{rel}","templated":true}]}}