{"id":739010,"date":"2025-03-03T17:56:50","date_gmt":"2025-03-03T16:56:50","guid":{"rendered":"https:\/\/stoic-curie.212-227-153-4.plesk.page\/producto\/propeller-yamaha-9-1-4-x-11-rh\/"},"modified":"2026-02-24T23:35:26","modified_gmt":"2026-02-24T23:35:26","slug":"propeller-yamaha-9-1-4-x-11-rh","status":"publish","type":"product","link":"https:\/\/stoic-curie.212-227-153-4.plesk.page\/de\/product\/propeller-yamaha-9-1-4-x-11-rh\/","title":{"rendered":"Propeller Yamaha 9 1\/4 x 11 RH"},"content":{"rendered":"<p>Propeller Yamaha 9 1\/4 x 11 RH &#8211; <\/p>\n<p>Alice Aluminium-Propeller f\u00fcr Yamaha-Au\u00dfenbordmotoren. Hergestellt aus einer Aluminium-Titan-Legierung aus der Luft- und Raumfahrt. 3D-Lasermessung f\u00fcr statische und dynamische Kontrolle. Robotisierte AkzoNobel-Pulverbeschichtung. Hohe Effizienz und reduzierter Verbrauch dank perfekt geformter Schaufeln. Das Montageset muss separat bestellt werden, wenn es erforderlich ist, um Muttern, Unterlegscheiben und Abstandshalter zu ersetzen. F\u00fcr Yamaha-Au\u00dfenbordmotoren: FT8\/FT9.9 [alle] 9.9D\/9.9F\/15D\/15F (Zweizylinder) [19842009] F8B\/F9.9B\/F9.9C (Vierzylinder) [20002007] F15A\/F15C\/F20B (Vierzylinder) [2007>]<\/p>\n","protected":false},"excerpt":{"rendered":"<p>Propeller Yamaha 9 1\/4 x 11 RH &#8211; Alice Aluminium-Propeller f\u00fcr Yamaha-Au\u00dfenbordmotoren. Hergestellt aus einer Aluminium-Titan-Legierung aus der Luft- und<\/p>\n","protected":false},"featured_media":5949026,"comment_status":"open","ping_status":"closed","template":"","meta":[],"product_brand":[3390],"product_cat":[1544,1516],"product_tag":[],"class_list":{"0":"post-739010","1":"product","2":"type-product","3":"status-publish","4":"has-post-thumbnail","6":"product_brand-sierra-marine-de","7":"product_cat-marine-ersatzteile-fuer-yamaha","8":"product_cat-propeller-fuer-aussenbordmotoren","10":"first","11":"instock","12":"shipping-taxable","13":"purchasable","14":"product-type-simple"},"_links":{"self":[{"href":"https:\/\/stoic-curie.212-227-153-4.plesk.page\/de\/wp-json\/wp\/v2\/product\/739010","targetHints":{"allow":["GET"]}}],"collection":[{"href":"https:\/\/stoic-curie.212-227-153-4.plesk.page\/de\/wp-json\/wp\/v2\/product"}],"about":[{"href":"https:\/\/stoic-curie.212-227-153-4.plesk.page\/de\/wp-json\/wp\/v2\/types\/product"}],"replies":[{"embeddable":true,"href":"https:\/\/stoic-curie.212-227-153-4.plesk.page\/de\/wp-json\/wp\/v2\/comments?post=739010"}],"version-history":[{"count":0,"href":"https:\/\/stoic-curie.212-227-153-4.plesk.page\/de\/wp-json\/wp\/v2\/product\/739010\/revisions"}],"wp:featuredmedia":[{"embeddable":true,"href":"https:\/\/stoic-curie.212-227-153-4.plesk.page\/de\/wp-json\/wp\/v2\/media\/5949026"}],"wp:attachment":[{"href":"https:\/\/stoic-curie.212-227-153-4.plesk.page\/de\/wp-json\/wp\/v2\/media?parent=739010"}],"wp:term":[{"taxonomy":"product_brand","embeddable":true,"href":"https:\/\/stoic-curie.212-227-153-4.plesk.page\/de\/wp-json\/wp\/v2\/product_brand?post=739010"},{"taxonomy":"product_cat","embeddable":true,"href":"https:\/\/stoic-curie.212-227-153-4.plesk.page\/de\/wp-json\/wp\/v2\/product_cat?post=739010"},{"taxonomy":"product_tag","embeddable":true,"href":"https:\/\/stoic-curie.212-227-153-4.plesk.page\/de\/wp-json\/wp\/v2\/product_tag?post=739010"}],"curies":[{"name":"wp","href":"https:\/\/api.w.org\/{rel}","templated":true}]}}