{"id":739013,"date":"2025-03-03T17:56:50","date_gmt":"2025-03-03T16:56:50","guid":{"rendered":"https:\/\/stoic-curie.212-227-153-4.plesk.page\/producto\/propeller-fuer-yamaha-9-7-8-x-12-rh\/"},"modified":"2026-02-24T23:35:26","modified_gmt":"2026-02-24T23:35:26","slug":"propeller-fuer-yamaha-9-7-8-x-12-rh","status":"publish","type":"product","link":"https:\/\/stoic-curie.212-227-153-4.plesk.page\/de\/product\/propeller-fuer-yamaha-9-7-8-x-12-rh\/","title":{"rendered":"Propeller f\u00fcr Yamaha 9 7\/8 x 12 RH"},"content":{"rendered":"<p>Propeller f\u00fcr Yamaha 9 7\/8 x 12 RH &#8211; <\/p>\n<p>Alice Aluminium-Propeller f\u00fcr Yamaha Au\u00dfenbordmotoren.<br \/>Hergestellt aus einer Luftfahrt-Aluminium-Titan-Legierung.<br \/>3D-Laserscanning f\u00fcr statische und dynamische Kontrolle.<br \/>Robotergest\u00fctzte AkzoNobel-Pulverbeschichtung.<br \/>Hohe Effizienz und reduzierter Verbrauch dank perfekt gew\u00f6lbter Bl\u00e4tter.<br \/>Das Montageset muss bei Bedarf separat bestellt werden, um Muttern, Unterlegscheiben und Abstandshalter zu ersetzen.<br \/>F\u00fcr Yamaha Au\u00dfenbordmotoren:<br \/>20C\/D(2-Takt) [1996-1997]<br \/>25B\/D\/N\/V(2-Takt) [1980>]<br \/>F25A\/D\/G(4-Takt) [2010>]<br \/>30\/A\/D\/G(2-Takt) [1979-2002]<\/p>\n","protected":false},"excerpt":{"rendered":"<p>Propeller f\u00fcr Yamaha 9 7\/8 x 12 RH &#8211; Alice Aluminium-Propeller f\u00fcr Yamaha Au\u00dfenbordmotoren.Hergestellt aus einer Luftfahrt-Aluminium-Titan-Legierung.3D-Laserscanning f\u00fcr statische und<\/p>\n","protected":false},"featured_media":5949028,"comment_status":"open","ping_status":"closed","template":"","meta":[],"product_brand":[3390],"product_cat":[1544,1516],"product_tag":[],"class_list":{"0":"post-739013","1":"product","2":"type-product","3":"status-publish","4":"has-post-thumbnail","6":"product_brand-sierra-marine-de","7":"product_cat-marine-ersatzteile-fuer-yamaha","8":"product_cat-propeller-fuer-aussenbordmotoren","10":"first","11":"instock","12":"shipping-taxable","13":"purchasable","14":"product-type-simple"},"_links":{"self":[{"href":"https:\/\/stoic-curie.212-227-153-4.plesk.page\/de\/wp-json\/wp\/v2\/product\/739013","targetHints":{"allow":["GET"]}}],"collection":[{"href":"https:\/\/stoic-curie.212-227-153-4.plesk.page\/de\/wp-json\/wp\/v2\/product"}],"about":[{"href":"https:\/\/stoic-curie.212-227-153-4.plesk.page\/de\/wp-json\/wp\/v2\/types\/product"}],"replies":[{"embeddable":true,"href":"https:\/\/stoic-curie.212-227-153-4.plesk.page\/de\/wp-json\/wp\/v2\/comments?post=739013"}],"version-history":[{"count":0,"href":"https:\/\/stoic-curie.212-227-153-4.plesk.page\/de\/wp-json\/wp\/v2\/product\/739013\/revisions"}],"wp:featuredmedia":[{"embeddable":true,"href":"https:\/\/stoic-curie.212-227-153-4.plesk.page\/de\/wp-json\/wp\/v2\/media\/5949028"}],"wp:attachment":[{"href":"https:\/\/stoic-curie.212-227-153-4.plesk.page\/de\/wp-json\/wp\/v2\/media?parent=739013"}],"wp:term":[{"taxonomy":"product_brand","embeddable":true,"href":"https:\/\/stoic-curie.212-227-153-4.plesk.page\/de\/wp-json\/wp\/v2\/product_brand?post=739013"},{"taxonomy":"product_cat","embeddable":true,"href":"https:\/\/stoic-curie.212-227-153-4.plesk.page\/de\/wp-json\/wp\/v2\/product_cat?post=739013"},{"taxonomy":"product_tag","embeddable":true,"href":"https:\/\/stoic-curie.212-227-153-4.plesk.page\/de\/wp-json\/wp\/v2\/product_tag?post=739013"}],"curies":[{"name":"wp","href":"https:\/\/api.w.org\/{rel}","templated":true}]}}