{"id":739023,"date":"2025-03-03T17:56:53","date_gmt":"2025-03-03T16:56:53","guid":{"rendered":"https:\/\/stoic-curie.212-227-153-4.plesk.page\/producto\/bausatz-relingstuetzen-fuer-gangway\/"},"modified":"2026-02-24T23:35:26","modified_gmt":"2026-02-24T23:35:26","slug":"bausatz-relingstuetzen-fuer-gangway","status":"publish","type":"product","link":"https:\/\/stoic-curie.212-227-153-4.plesk.page\/de\/product\/bausatz-relingstuetzen-fuer-gangway\/","title":{"rendered":"Bausatz Relingst\u00fctzen f\u00fcr Gangway"},"content":{"rendered":"<p>Bausatz Relingst\u00fctzen f\u00fcr Gangway &#8211; <\/p>\n<p>Starker und leichter Gangway aus Carbonfaser und Polymerverbundstoffen. In einem St\u00fcck ohne Bonding gefertigt, komplett mit Stift und b\u00fcndigem Montageanschluss. Schwimmf\u00e4hig, rostfrei und UV-best\u00e4ndig. Mit rutschfester Oberfl\u00e4che und elastischem Schutzseitentape, um Kratzer zu vermeiden.<\/p>\n","protected":false},"excerpt":{"rendered":"<p>Bausatz Relingst\u00fctzen f\u00fcr Gangway &#8211; Starker und leichter Gangway aus Carbonfaser und Polymerverbundstoffen. In einem St\u00fcck ohne Bonding gefertigt, komplett<\/p>\n","protected":false},"featured_media":5949035,"comment_status":"open","ping_status":"closed","template":"","meta":[],"product_brand":[3490],"product_cat":[1325],"product_tag":[],"class_list":{"0":"post-739023","1":"product","2":"type-product","3":"status-publish","4":"has-post-thumbnail","6":"product_brand-trem-de","7":"product_cat-gangways-festmachen-und-ankern","9":"first","10":"instock","11":"shipping-taxable","12":"purchasable","13":"product-type-simple"},"_links":{"self":[{"href":"https:\/\/stoic-curie.212-227-153-4.plesk.page\/de\/wp-json\/wp\/v2\/product\/739023","targetHints":{"allow":["GET"]}}],"collection":[{"href":"https:\/\/stoic-curie.212-227-153-4.plesk.page\/de\/wp-json\/wp\/v2\/product"}],"about":[{"href":"https:\/\/stoic-curie.212-227-153-4.plesk.page\/de\/wp-json\/wp\/v2\/types\/product"}],"replies":[{"embeddable":true,"href":"https:\/\/stoic-curie.212-227-153-4.plesk.page\/de\/wp-json\/wp\/v2\/comments?post=739023"}],"version-history":[{"count":0,"href":"https:\/\/stoic-curie.212-227-153-4.plesk.page\/de\/wp-json\/wp\/v2\/product\/739023\/revisions"}],"wp:featuredmedia":[{"embeddable":true,"href":"https:\/\/stoic-curie.212-227-153-4.plesk.page\/de\/wp-json\/wp\/v2\/media\/5949035"}],"wp:attachment":[{"href":"https:\/\/stoic-curie.212-227-153-4.plesk.page\/de\/wp-json\/wp\/v2\/media?parent=739023"}],"wp:term":[{"taxonomy":"product_brand","embeddable":true,"href":"https:\/\/stoic-curie.212-227-153-4.plesk.page\/de\/wp-json\/wp\/v2\/product_brand?post=739023"},{"taxonomy":"product_cat","embeddable":true,"href":"https:\/\/stoic-curie.212-227-153-4.plesk.page\/de\/wp-json\/wp\/v2\/product_cat?post=739023"},{"taxonomy":"product_tag","embeddable":true,"href":"https:\/\/stoic-curie.212-227-153-4.plesk.page\/de\/wp-json\/wp\/v2\/product_tag?post=739023"}],"curies":[{"name":"wp","href":"https:\/\/api.w.org\/{rel}","templated":true}]}}