{"id":739025,"date":"2025-03-03T17:56:53","date_gmt":"2025-03-03T16:56:53","guid":{"rendered":"https:\/\/stoic-curie.212-227-153-4.plesk.page\/producto\/unterwasser-led-licht-astel-marine-rgbw-20wt\/"},"modified":"2026-02-24T23:35:26","modified_gmt":"2026-02-24T23:35:26","slug":"unterwasser-led-licht-astel-marine-rgbw-20wt","status":"publish","type":"product","link":"https:\/\/stoic-curie.212-227-153-4.plesk.page\/de\/product\/unterwasser-led-licht-astel-marine-rgbw-20wt\/","title":{"rendered":"Unterwasser-LED-Licht Astel Marine RGBW 20wt"},"content":{"rendered":"<p>Unterwasser-LED-Licht Astel Marine RGBW 20wt &#8211; <\/p>\n<p>Ultraflache LED-Unterwasserleuchte mit Geh\u00e4use aus SAE316L Edelstahl. Entspricht den RINa-Vorgaben und strahlt einen wei\u00dfen Lichtkegel mit 8000\u00c2\u00b0K und einem erweiterten Winkel von 60\u00c2\u00b0 aus. Die bruchsicheren Polycarbonat-Linsen sind mit vakuumisolierten LED-Reflektoren ausgestattet. Die Elektronik ist versiegelt und enth\u00e4lt einen integrierten Treiber sowie einen Kurzschlussschutz gegen Spannungsspitzen, Polarit\u00e4tsumkehr und \u00dcberhitzung. Die Installation unter der Wasserlinie erfolgt einfach \u00fcber ein 10 mm Kabelloch und 4 M6x80 mm Schrauben.<\/p>\n<p>Warnung: Die Lichter m\u00fcssen immer im Wasser betrieben werden, um Ausf\u00e4lle durch \u00fcberm\u00e4\u00dfige \u00dcberhitzung zu vermeiden. Ein angemessener kathodischer Schutz wird empfohlen, insbesondere wenn sie an Metallh\u00fcllen installiert sind.<\/p>\n","protected":false},"excerpt":{"rendered":"<p>Unterwasser-LED-Licht Astel Marine RGBW 20wt &#8211; Ultraflache LED-Unterwasserleuchte mit Geh\u00e4use aus SAE316L Edelstahl. Entspricht den RINa-Vorgaben und strahlt einen wei\u00dfen<\/p>\n","protected":false},"featured_media":5949040,"comment_status":"open","ping_status":"closed","template":"","meta":[],"product_brand":[2800],"product_cat":[1444],"product_tag":[],"class_list":{"0":"post-739025","1":"product","2":"type-product","3":"status-publish","4":"has-post-thumbnail","6":"product_brand-astel-marine-de","7":"product_cat-unterwasser-led-leuchten","9":"first","10":"instock","11":"shipping-taxable","12":"purchasable","13":"product-type-simple"},"_links":{"self":[{"href":"https:\/\/stoic-curie.212-227-153-4.plesk.page\/de\/wp-json\/wp\/v2\/product\/739025","targetHints":{"allow":["GET"]}}],"collection":[{"href":"https:\/\/stoic-curie.212-227-153-4.plesk.page\/de\/wp-json\/wp\/v2\/product"}],"about":[{"href":"https:\/\/stoic-curie.212-227-153-4.plesk.page\/de\/wp-json\/wp\/v2\/types\/product"}],"replies":[{"embeddable":true,"href":"https:\/\/stoic-curie.212-227-153-4.plesk.page\/de\/wp-json\/wp\/v2\/comments?post=739025"}],"version-history":[{"count":0,"href":"https:\/\/stoic-curie.212-227-153-4.plesk.page\/de\/wp-json\/wp\/v2\/product\/739025\/revisions"}],"wp:featuredmedia":[{"embeddable":true,"href":"https:\/\/stoic-curie.212-227-153-4.plesk.page\/de\/wp-json\/wp\/v2\/media\/5949040"}],"wp:attachment":[{"href":"https:\/\/stoic-curie.212-227-153-4.plesk.page\/de\/wp-json\/wp\/v2\/media?parent=739025"}],"wp:term":[{"taxonomy":"product_brand","embeddable":true,"href":"https:\/\/stoic-curie.212-227-153-4.plesk.page\/de\/wp-json\/wp\/v2\/product_brand?post=739025"},{"taxonomy":"product_cat","embeddable":true,"href":"https:\/\/stoic-curie.212-227-153-4.plesk.page\/de\/wp-json\/wp\/v2\/product_cat?post=739025"},{"taxonomy":"product_tag","embeddable":true,"href":"https:\/\/stoic-curie.212-227-153-4.plesk.page\/de\/wp-json\/wp\/v2\/product_tag?post=739025"}],"curies":[{"name":"wp","href":"https:\/\/api.w.org\/{rel}","templated":true}]}}