{"id":739026,"date":"2025-03-03T17:56:53","date_gmt":"2025-03-03T16:56:53","guid":{"rendered":"https:\/\/stoic-curie.212-227-153-4.plesk.page\/producto\/dimmer-astel-marine\/"},"modified":"2026-02-24T23:35:26","modified_gmt":"2026-02-24T23:35:26","slug":"dimmer-astel-marine","status":"publish","type":"product","link":"https:\/\/stoic-curie.212-227-153-4.plesk.page\/de\/product\/dimmer-astel-marine\/","title":{"rendered":"Dimmer Astel Marine"},"content":{"rendered":"<p>Dimmer Astel Marine &#8211; <\/p>\n<p>Ultra-flaches Unterwasser-LED-Licht mit Geh\u00e4use aus AB2-Bronze und Aluminiumlegierung, das f\u00fcr eine unschlagbare Best\u00e4ndigkeit gegen Korrosion und Oxidation formuliert ist. Nach RINa-Spezifikationen gebaut, mit 8000\u00c2\u00b0K wei\u00dfem Lichtkegel, der auf 60\u00c2\u00b0 erweitert ist, und bruchsicheren Polycarbonatlinsen mit Vakuum-LED-Reflektoren. Versiegelte Elektronik mit integriertem Treiber und Schaltung, die gegen Spannungsspitzen, Polarit\u00e4tsumkehr und \u00dcberhitzung gesch\u00fctzt ist. Einfache Installation unterhalb der Wasserlinie mit 10 mm Stromloch und 4 M6x80 mm Schrauben.<\/p>\n<p>Warnung: Die Lichter m\u00fcssen immer im Wasser eingetaucht sein, um Ausf\u00e4lle aufgrund von \u00dcberhitzung zu vermeiden. Ausreichender kathodischer Schutz wird empfohlen, insbesondere wenn sie auf Metallschalen installiert sind.<\/p>\n","protected":false},"excerpt":{"rendered":"<p>Dimmer Astel Marine &#8211; Ultra-flaches Unterwasser-LED-Licht mit Geh\u00e4use aus AB2-Bronze und Aluminiumlegierung, das f\u00fcr eine unschlagbare Best\u00e4ndigkeit gegen Korrosion und<\/p>\n","protected":false},"featured_media":5949047,"comment_status":"open","ping_status":"closed","template":"","meta":[],"product_brand":[2800],"product_cat":[1444],"product_tag":[],"class_list":{"0":"post-739026","1":"product","2":"type-product","3":"status-publish","4":"has-post-thumbnail","6":"product_brand-astel-marine-de","7":"product_cat-unterwasser-led-leuchten","9":"first","10":"outofstock","11":"shipping-taxable","12":"purchasable","13":"product-type-simple"},"_links":{"self":[{"href":"https:\/\/stoic-curie.212-227-153-4.plesk.page\/de\/wp-json\/wp\/v2\/product\/739026","targetHints":{"allow":["GET"]}}],"collection":[{"href":"https:\/\/stoic-curie.212-227-153-4.plesk.page\/de\/wp-json\/wp\/v2\/product"}],"about":[{"href":"https:\/\/stoic-curie.212-227-153-4.plesk.page\/de\/wp-json\/wp\/v2\/types\/product"}],"replies":[{"embeddable":true,"href":"https:\/\/stoic-curie.212-227-153-4.plesk.page\/de\/wp-json\/wp\/v2\/comments?post=739026"}],"version-history":[{"count":0,"href":"https:\/\/stoic-curie.212-227-153-4.plesk.page\/de\/wp-json\/wp\/v2\/product\/739026\/revisions"}],"wp:featuredmedia":[{"embeddable":true,"href":"https:\/\/stoic-curie.212-227-153-4.plesk.page\/de\/wp-json\/wp\/v2\/media\/5949047"}],"wp:attachment":[{"href":"https:\/\/stoic-curie.212-227-153-4.plesk.page\/de\/wp-json\/wp\/v2\/media?parent=739026"}],"wp:term":[{"taxonomy":"product_brand","embeddable":true,"href":"https:\/\/stoic-curie.212-227-153-4.plesk.page\/de\/wp-json\/wp\/v2\/product_brand?post=739026"},{"taxonomy":"product_cat","embeddable":true,"href":"https:\/\/stoic-curie.212-227-153-4.plesk.page\/de\/wp-json\/wp\/v2\/product_cat?post=739026"},{"taxonomy":"product_tag","embeddable":true,"href":"https:\/\/stoic-curie.212-227-153-4.plesk.page\/de\/wp-json\/wp\/v2\/product_tag?post=739026"}],"curies":[{"name":"wp","href":"https:\/\/api.w.org\/{rel}","templated":true}]}}