{"id":739032,"date":"2025-03-03T17:56:55","date_gmt":"2025-03-03T16:56:55","guid":{"rendered":"https:\/\/stoic-curie.212-227-153-4.plesk.page\/producto\/unterwasser-led-licht-astel-marine-bronze-rgbw-20wt\/"},"modified":"2026-02-24T23:35:26","modified_gmt":"2026-02-24T23:35:26","slug":"unterwasser-led-licht-astel-marine-bronze-rgbw-20wt","status":"publish","type":"product","link":"https:\/\/stoic-curie.212-227-153-4.plesk.page\/de\/product\/unterwasser-led-licht-astel-marine-bronze-rgbw-20wt\/","title":{"rendered":"Unterwasser-LED-Licht Astel Marine Bronze RGBW 20wt"},"content":{"rendered":"<p>Unterwasser-LED-Licht Astel Marine Bronze RGBW 20wt &#8211; <\/p>\n<p>Ultra-flacher Unterwasser-LED-Scheinwerfer mit einem Geh\u00e4use aus AB2-Bronze und Aluminiumlegierung, das f\u00fcr unvergleichlichen Widerstand gegen Korrosion und Oxidation formuliert wurde. Entspricht den RINa-Spezifikationen und bietet einen wei\u00dfen Lichtkegel mit 8000 \u00b0K, der auf 60 \u00b0 erweitert ist. Schlagfeste Polycarbonatlinsen mit vakuumf\u00f6rmigen LED-Reflektoren. Versiegelte Elektronik mit integriertem Treiber und Schaltung, die vor Spannungsspitzen, Polarit\u00e4tsumkehr und \u00dcberhitzung gesch\u00fctzt ist. Einfache Installation unterhalb der Wasserlinie mit einem 10-mm-Stromanschluss und 4 M6x80 mm Schrauben.<\/p>\n<p>Warnung: Die Lichter m\u00fcssen immer im Wasser eingetaucht sein, um Ausf\u00e4lle durch \u00fcberm\u00e4\u00dfige \u00dcberhitzung zu vermeiden. Eine angemessene kathodische Schutzma\u00dfnahme wird empfohlen, insbesondere wenn sie an Metallrumpfen installiert sind.<\/p>\n","protected":false},"excerpt":{"rendered":"<p>Unterwasser-LED-Licht Astel Marine Bronze RGBW 20wt &#8211; Ultra-flacher Unterwasser-LED-Scheinwerfer mit einem Geh\u00e4use aus AB2-Bronze und Aluminiumlegierung, das f\u00fcr unvergleichlichen Widerstand<\/p>\n","protected":false},"featured_media":5949054,"comment_status":"open","ping_status":"closed","template":"","meta":[],"product_brand":[2800],"product_cat":[1444],"product_tag":[],"class_list":{"0":"post-739032","1":"product","2":"type-product","3":"status-publish","4":"has-post-thumbnail","6":"product_brand-astel-marine-de","7":"product_cat-unterwasser-led-leuchten","9":"first","10":"outofstock","11":"shipping-taxable","12":"purchasable","13":"product-type-simple"},"_links":{"self":[{"href":"https:\/\/stoic-curie.212-227-153-4.plesk.page\/de\/wp-json\/wp\/v2\/product\/739032","targetHints":{"allow":["GET"]}}],"collection":[{"href":"https:\/\/stoic-curie.212-227-153-4.plesk.page\/de\/wp-json\/wp\/v2\/product"}],"about":[{"href":"https:\/\/stoic-curie.212-227-153-4.plesk.page\/de\/wp-json\/wp\/v2\/types\/product"}],"replies":[{"embeddable":true,"href":"https:\/\/stoic-curie.212-227-153-4.plesk.page\/de\/wp-json\/wp\/v2\/comments?post=739032"}],"version-history":[{"count":0,"href":"https:\/\/stoic-curie.212-227-153-4.plesk.page\/de\/wp-json\/wp\/v2\/product\/739032\/revisions"}],"wp:featuredmedia":[{"embeddable":true,"href":"https:\/\/stoic-curie.212-227-153-4.plesk.page\/de\/wp-json\/wp\/v2\/media\/5949054"}],"wp:attachment":[{"href":"https:\/\/stoic-curie.212-227-153-4.plesk.page\/de\/wp-json\/wp\/v2\/media?parent=739032"}],"wp:term":[{"taxonomy":"product_brand","embeddable":true,"href":"https:\/\/stoic-curie.212-227-153-4.plesk.page\/de\/wp-json\/wp\/v2\/product_brand?post=739032"},{"taxonomy":"product_cat","embeddable":true,"href":"https:\/\/stoic-curie.212-227-153-4.plesk.page\/de\/wp-json\/wp\/v2\/product_cat?post=739032"},{"taxonomy":"product_tag","embeddable":true,"href":"https:\/\/stoic-curie.212-227-153-4.plesk.page\/de\/wp-json\/wp\/v2\/product_tag?post=739032"}],"curies":[{"name":"wp","href":"https:\/\/api.w.org\/{rel}","templated":true}]}}