{"id":739035,"date":"2025-03-03T17:56:55","date_gmt":"2025-03-03T16:56:55","guid":{"rendered":"https:\/\/stoic-curie.212-227-153-4.plesk.page\/producto\/abwassertank-iso-8099-103lt-12v\/"},"modified":"2026-02-24T23:35:26","modified_gmt":"2026-02-24T23:35:26","slug":"abwassertank-iso-8099-103lt-12v","status":"publish","type":"product","link":"https:\/\/stoic-curie.212-227-153-4.plesk.page\/de\/product\/abwassertank-iso-8099-103lt-12v\/","title":{"rendered":"Abwassertank ISO 8099 103lt 12v"},"content":{"rendered":"<p>Abwassertank ISO 8099 103lt 12v &#8211; <\/p>\n<p>Polyethylen-Abwasser-\/Abfalltank gem\u00e4\u00df ISO8099-Standards mit Macerator-Pumpe zur Entleerung. Vollst\u00e4ndige Ausstattung mit einem 10-Loch-Inspektionsdeckel, drei 1&#8243;1\/2 Gewindeverbindungen, einer 1\/2&#8243; Gewindeverbindung, Tauchrohr, Verschluss, zwei 38 mm Drehverbindungen mit 1&#8243;1\/2 Ringmutter, 20 mm Schlauchanschluss mit 1\/2&#8243; Gewinde, 1&#8243; Gewindeentl\u00fcftung mit 16\/18 mm Schlauchanschluss, Aktivkohlefilter mit 16\/19\/25 mm Anschl\u00fcssen, dreipunktigem VDO-Niveausensor nahezu voll\/voll mit 5 L\u00f6chern und LED-Niveauanzeige mit 2,4 m Kabel. Pumpenh\u00f6he \u00fcber dem Tank 100 mm.<\/p>\n","protected":false},"excerpt":{"rendered":"<p>Abwassertank ISO 8099 103lt 12v &#8211; Polyethylen-Abwasser-\/Abfalltank gem\u00e4\u00df ISO8099-Standards mit Macerator-Pumpe zur Entleerung. Vollst\u00e4ndige Ausstattung mit einem 10-Loch-Inspektionsdeckel, drei 1&#8243;1\/2<\/p>\n","protected":false},"featured_media":5947401,"comment_status":"open","ping_status":"closed","template":"","meta":[],"product_brand":[3140],"product_cat":[1362],"product_tag":[],"class_list":{"0":"post-739035","1":"product","2":"type-product","3":"status-publish","4":"has-post-thumbnail","6":"product_brand-matromarine-de","7":"product_cat-abwassertanks","9":"first","10":"instock","11":"shipping-taxable","12":"purchasable","13":"product-type-simple"},"_links":{"self":[{"href":"https:\/\/stoic-curie.212-227-153-4.plesk.page\/de\/wp-json\/wp\/v2\/product\/739035","targetHints":{"allow":["GET"]}}],"collection":[{"href":"https:\/\/stoic-curie.212-227-153-4.plesk.page\/de\/wp-json\/wp\/v2\/product"}],"about":[{"href":"https:\/\/stoic-curie.212-227-153-4.plesk.page\/de\/wp-json\/wp\/v2\/types\/product"}],"replies":[{"embeddable":true,"href":"https:\/\/stoic-curie.212-227-153-4.plesk.page\/de\/wp-json\/wp\/v2\/comments?post=739035"}],"version-history":[{"count":0,"href":"https:\/\/stoic-curie.212-227-153-4.plesk.page\/de\/wp-json\/wp\/v2\/product\/739035\/revisions"}],"wp:featuredmedia":[{"embeddable":true,"href":"https:\/\/stoic-curie.212-227-153-4.plesk.page\/de\/wp-json\/wp\/v2\/media\/5947401"}],"wp:attachment":[{"href":"https:\/\/stoic-curie.212-227-153-4.plesk.page\/de\/wp-json\/wp\/v2\/media?parent=739035"}],"wp:term":[{"taxonomy":"product_brand","embeddable":true,"href":"https:\/\/stoic-curie.212-227-153-4.plesk.page\/de\/wp-json\/wp\/v2\/product_brand?post=739035"},{"taxonomy":"product_cat","embeddable":true,"href":"https:\/\/stoic-curie.212-227-153-4.plesk.page\/de\/wp-json\/wp\/v2\/product_cat?post=739035"},{"taxonomy":"product_tag","embeddable":true,"href":"https:\/\/stoic-curie.212-227-153-4.plesk.page\/de\/wp-json\/wp\/v2\/product_tag?post=739035"}],"curies":[{"name":"wp","href":"https:\/\/api.w.org\/{rel}","templated":true}]}}