{"id":739036,"date":"2025-03-03T17:56:56","date_gmt":"2025-03-03T16:56:56","guid":{"rendered":"https:\/\/stoic-curie.212-227-153-4.plesk.page\/producto\/trim-lok-po-gummidichtung-3m-320-x-125-x-30mm-x-15-meter\/"},"modified":"2026-02-24T23:35:26","modified_gmt":"2026-02-24T23:35:26","slug":"trim-lok-po-gummidichtung-3m-320-x-125-x-30mm-x-15-meter","status":"publish","type":"product","link":"https:\/\/stoic-curie.212-227-153-4.plesk.page\/de\/product\/trim-lok-po-gummidichtung-3m-320-x-125-x-30mm-x-15-meter\/","title":{"rendered":"Trim-lok PO Gummidichtung 3M 32,0 x 12,5 x 3,0mm x 15 Meter"},"content":{"rendered":"<p>Trim-lok PO Gummidichtung 3M 32,0 x 12,5 x 3,0mm x 15 Meter &#8211; <\/p>\n<p>Wasserdichte Trim-Lok-Dichtung f\u00fcr T\u00fcren, Luken und Riegel. Komplett mit HT-Acrylkleber oder starkem 3M-Kleber, der speziell f\u00fcr Au\u00dfenanwendungen entwickelt wurde. Die Montage ist dank der erweiterten EPDM-Gummi-Struktur, die sich perfekt an die Form der Kante anpasst, ganz einfach. Verpackungseinheit: 15 Meter.<\/p>\n","protected":false},"excerpt":{"rendered":"<p>Trim-lok PO Gummidichtung 3M 32,0 x 12,5 x 3,0mm x 15 Meter &#8211; Wasserdichte Trim-Lok-Dichtung f\u00fcr T\u00fcren, Luken und Riegel.<\/p>\n","protected":false},"featured_media":5949057,"comment_status":"open","ping_status":"closed","template":"","meta":[],"product_brand":[3480],"product_cat":[1415],"product_tag":[],"class_list":{"0":"post-739036","1":"product","2":"type-product","3":"status-publish","4":"has-post-thumbnail","6":"product_brand-tessilmare-de","7":"product_cat-bootsluken","9":"first","10":"instock","11":"shipping-taxable","12":"purchasable","13":"product-type-simple"},"_links":{"self":[{"href":"https:\/\/stoic-curie.212-227-153-4.plesk.page\/de\/wp-json\/wp\/v2\/product\/739036","targetHints":{"allow":["GET"]}}],"collection":[{"href":"https:\/\/stoic-curie.212-227-153-4.plesk.page\/de\/wp-json\/wp\/v2\/product"}],"about":[{"href":"https:\/\/stoic-curie.212-227-153-4.plesk.page\/de\/wp-json\/wp\/v2\/types\/product"}],"replies":[{"embeddable":true,"href":"https:\/\/stoic-curie.212-227-153-4.plesk.page\/de\/wp-json\/wp\/v2\/comments?post=739036"}],"version-history":[{"count":0,"href":"https:\/\/stoic-curie.212-227-153-4.plesk.page\/de\/wp-json\/wp\/v2\/product\/739036\/revisions"}],"wp:featuredmedia":[{"embeddable":true,"href":"https:\/\/stoic-curie.212-227-153-4.plesk.page\/de\/wp-json\/wp\/v2\/media\/5949057"}],"wp:attachment":[{"href":"https:\/\/stoic-curie.212-227-153-4.plesk.page\/de\/wp-json\/wp\/v2\/media?parent=739036"}],"wp:term":[{"taxonomy":"product_brand","embeddable":true,"href":"https:\/\/stoic-curie.212-227-153-4.plesk.page\/de\/wp-json\/wp\/v2\/product_brand?post=739036"},{"taxonomy":"product_cat","embeddable":true,"href":"https:\/\/stoic-curie.212-227-153-4.plesk.page\/de\/wp-json\/wp\/v2\/product_cat?post=739036"},{"taxonomy":"product_tag","embeddable":true,"href":"https:\/\/stoic-curie.212-227-153-4.plesk.page\/de\/wp-json\/wp\/v2\/product_tag?post=739036"}],"curies":[{"name":"wp","href":"https:\/\/api.w.org\/{rel}","templated":true}]}}