{"id":739045,"date":"2025-03-03T17:56:58","date_gmt":"2025-03-03T16:56:58","guid":{"rendered":"https:\/\/stoic-curie.212-227-153-4.plesk.page\/producto\/propeller-fuer-yamaha-13-x-19-rh\/"},"modified":"2026-02-24T23:35:26","modified_gmt":"2026-02-24T23:35:26","slug":"propeller-fuer-yamaha-13-x-19-rh","status":"publish","type":"product","link":"https:\/\/stoic-curie.212-227-153-4.plesk.page\/de\/product\/propeller-fuer-yamaha-13-x-19-rh\/","title":{"rendered":"Propeller f\u00fcr Yamaha 13 x 19 RH"},"content":{"rendered":"<p>Propeller f\u00fcr Yamaha 13 x 19 RH &#8211; <\/p>\n<p>Alice Aluminium-Propeller f\u00fcr Yamaha-Au\u00dfenbordmotoren. Hergestellt aus einer Aluminium-Titan-Legierung aus der Luft- und Raumfahrt. 3D-Laserscanning f\u00fcr statische und dynamische Kontrolle. Robotergest\u00fctzte AkzoNobel-Pulverbeschichtung. Hohe Effizienz und reduzierte Verbrauchswerte dank perfekt gew\u00f6lbter Bl\u00e4tter. Das Montageset muss separat bestellt werden, falls notwendig, um Schrauben, Unterlegscheiben und Spacer zu ersetzen. F\u00fcr Yamaha-Au\u00dfenbordmotoren: 60F (2-Takt) [1992-2005] 70B (2-Takt) [1984>] F70A (4-Takt) [2010>] 75A\/C (2-Takt) [1994-1999] F80A\/B (4-Takt) [1999-2002] 85A (2-Takt) [1991-1997] 90A (2-Takt) [1984>] F100A\/D\/F (4-Takt) [1999-2002] 115B\/C (2-Takt) [1984>] F115A\/B (4-Takt) [2000>] 130A\/B (2-Takt) [1984-2003]<\/p>\n","protected":false},"excerpt":{"rendered":"<p>Propeller f\u00fcr Yamaha 13 x 19 RH &#8211; Alice Aluminium-Propeller f\u00fcr Yamaha-Au\u00dfenbordmotoren. Hergestellt aus einer Aluminium-Titan-Legierung aus der Luft- und<\/p>\n","protected":false},"featured_media":5949032,"comment_status":"open","ping_status":"closed","template":"","meta":[],"product_brand":[3390],"product_cat":[1544,1516],"product_tag":[],"class_list":{"0":"post-739045","1":"product","2":"type-product","3":"status-publish","4":"has-post-thumbnail","6":"product_brand-sierra-marine-de","7":"product_cat-marine-ersatzteile-fuer-yamaha","8":"product_cat-propeller-fuer-aussenbordmotoren","10":"first","11":"instock","12":"shipping-taxable","13":"purchasable","14":"product-type-simple"},"_links":{"self":[{"href":"https:\/\/stoic-curie.212-227-153-4.plesk.page\/de\/wp-json\/wp\/v2\/product\/739045","targetHints":{"allow":["GET"]}}],"collection":[{"href":"https:\/\/stoic-curie.212-227-153-4.plesk.page\/de\/wp-json\/wp\/v2\/product"}],"about":[{"href":"https:\/\/stoic-curie.212-227-153-4.plesk.page\/de\/wp-json\/wp\/v2\/types\/product"}],"replies":[{"embeddable":true,"href":"https:\/\/stoic-curie.212-227-153-4.plesk.page\/de\/wp-json\/wp\/v2\/comments?post=739045"}],"version-history":[{"count":0,"href":"https:\/\/stoic-curie.212-227-153-4.plesk.page\/de\/wp-json\/wp\/v2\/product\/739045\/revisions"}],"wp:featuredmedia":[{"embeddable":true,"href":"https:\/\/stoic-curie.212-227-153-4.plesk.page\/de\/wp-json\/wp\/v2\/media\/5949032"}],"wp:attachment":[{"href":"https:\/\/stoic-curie.212-227-153-4.plesk.page\/de\/wp-json\/wp\/v2\/media?parent=739045"}],"wp:term":[{"taxonomy":"product_brand","embeddable":true,"href":"https:\/\/stoic-curie.212-227-153-4.plesk.page\/de\/wp-json\/wp\/v2\/product_brand?post=739045"},{"taxonomy":"product_cat","embeddable":true,"href":"https:\/\/stoic-curie.212-227-153-4.plesk.page\/de\/wp-json\/wp\/v2\/product_cat?post=739045"},{"taxonomy":"product_tag","embeddable":true,"href":"https:\/\/stoic-curie.212-227-153-4.plesk.page\/de\/wp-json\/wp\/v2\/product_tag?post=739045"}],"curies":[{"name":"wp","href":"https:\/\/api.w.org\/{rel}","templated":true}]}}