{"id":739047,"date":"2025-03-03T17:56:58","date_gmt":"2025-03-03T16:56:58","guid":{"rendered":"https:\/\/stoic-curie.212-227-153-4.plesk.page\/producto\/hypsometer-nikon-coolshot-20\/"},"modified":"2026-02-24T23:35:26","modified_gmt":"2026-02-24T23:35:26","slug":"hypsometer-nikon-coolshot-20","status":"publish","type":"product","link":"https:\/\/stoic-curie.212-227-153-4.plesk.page\/de\/product\/hypsometer-nikon-coolshot-20\/","title":{"rendered":"Hypsometer Nikon coolshot 20"},"content":{"rendered":"<p>Hypsometer Nikon coolshot 20 &#8211; <\/p>\n<p>Graduierter Lasermessger\u00e4t zur Messung jeder Distanz, sogar von mehreren Objekten gleichzeitig. Wasserdicht, kompakt, robust und leicht, ist es ideal f\u00fcr nautische und sportliche Aktivit\u00e4ten. Messbereich: 5730 m. Hochwertiges Monokular mit Mehrfachbeschichtung f\u00fcr helle Bilder und R\u00fcckprojektion f\u00fcr ein klares Sichtfeld, selbst f\u00fcr Brillentr\u00e4ger.<\/p>\n","protected":false},"excerpt":{"rendered":"<p>Hypsometer Nikon coolshot 20 &#8211; Graduierter Lasermessger\u00e4t zur Messung jeder Distanz, sogar von mehreren Objekten gleichzeitig. Wasserdicht, kompakt, robust und<\/p>\n","protected":false},"featured_media":5949062,"comment_status":"open","ping_status":"closed","template":"","meta":[],"product_brand":[3195],"product_cat":[1492],"product_tag":[],"class_list":{"0":"post-739047","1":"product","2":"type-product","3":"status-publish","4":"has-post-thumbnail","6":"product_brand-nikon-marine-de","7":"product_cat-marina-fernglaeser","9":"first","10":"outofstock","11":"shipping-taxable","12":"purchasable","13":"product-type-simple"},"_links":{"self":[{"href":"https:\/\/stoic-curie.212-227-153-4.plesk.page\/de\/wp-json\/wp\/v2\/product\/739047","targetHints":{"allow":["GET"]}}],"collection":[{"href":"https:\/\/stoic-curie.212-227-153-4.plesk.page\/de\/wp-json\/wp\/v2\/product"}],"about":[{"href":"https:\/\/stoic-curie.212-227-153-4.plesk.page\/de\/wp-json\/wp\/v2\/types\/product"}],"replies":[{"embeddable":true,"href":"https:\/\/stoic-curie.212-227-153-4.plesk.page\/de\/wp-json\/wp\/v2\/comments?post=739047"}],"version-history":[{"count":0,"href":"https:\/\/stoic-curie.212-227-153-4.plesk.page\/de\/wp-json\/wp\/v2\/product\/739047\/revisions"}],"wp:featuredmedia":[{"embeddable":true,"href":"https:\/\/stoic-curie.212-227-153-4.plesk.page\/de\/wp-json\/wp\/v2\/media\/5949062"}],"wp:attachment":[{"href":"https:\/\/stoic-curie.212-227-153-4.plesk.page\/de\/wp-json\/wp\/v2\/media?parent=739047"}],"wp:term":[{"taxonomy":"product_brand","embeddable":true,"href":"https:\/\/stoic-curie.212-227-153-4.plesk.page\/de\/wp-json\/wp\/v2\/product_brand?post=739047"},{"taxonomy":"product_cat","embeddable":true,"href":"https:\/\/stoic-curie.212-227-153-4.plesk.page\/de\/wp-json\/wp\/v2\/product_cat?post=739047"},{"taxonomy":"product_tag","embeddable":true,"href":"https:\/\/stoic-curie.212-227-153-4.plesk.page\/de\/wp-json\/wp\/v2\/product_tag?post=739047"}],"curies":[{"name":"wp","href":"https:\/\/api.w.org\/{rel}","templated":true}]}}