{"id":739053,"date":"2025-03-03T17:57:00","date_gmt":"2025-03-03T16:57:00","guid":{"rendered":"https:\/\/stoic-curie.212-227-153-4.plesk.page\/producto\/aufblasbare-gangway-tiki-300-x-50-x-15-cm\/"},"modified":"2026-02-24T23:35:26","modified_gmt":"2026-02-24T23:35:26","slug":"aufblasbare-gangway-tiki-300-x-50-x-15-cm","status":"publish","type":"product","link":"https:\/\/stoic-curie.212-227-153-4.plesk.page\/de\/product\/aufblasbare-gangway-tiki-300-x-50-x-15-cm\/","title":{"rendered":"Aufblasbare Gangway Tiki 300 x 50 x 15 cm"},"content":{"rendered":"<p>Aufblasbare Gangway Tiki 300 x 50 x 15 cm &#8211; <\/p>\n<p style=\"color: rgb(34, 34, 34); font-family: Arial, Helvetica, sans-serif; font-size: small;\">Wir pr\u00e4sentieren das aufblasbare Sup Gangway: eine leichte, strapazierf\u00e4hige und vielseitige L\u00f6sung f\u00fcr den Bootszugang. Diese Gangway bietet hervorragende Stabilit\u00e4t, ohne dass Stifte ben\u00f6tigt werden, und verhindert, dass sie rutscht oder den Heckbereich Ihres Boots besch\u00e4digt. Sie erm\u00f6glicht einen sicheren Zugang f\u00fcr Menschen mit Behinderungen und f\u00fcr Tiere. Dar\u00fcber hinaus kann sie multifunktional eingesetzt werden \u2013 als Stand-Up-Paddleboard, Wasser-Matratze, seitliche Fender oder als Plattform f\u00fcr die Wartung des Rumpfes.<\/p>\n<p style=\"color: rgb(34, 34, 34); font-family: Arial, Helvetica, sans-serif; font-size: small;\">Hergestellt aus einem speziellen, mit PVC beschichteten Mehrschichtstoff mit einer verst\u00e4rkten inneren Struktur, ist diese Gangway sehr widerstandsf\u00e4hig gegen\u00fcber Abnutzung, UV-Strahlen und der maritimen Umgebung. Sie wird komplett mit St\u00fctzen, einem Handlaufseil, rostfreien Ringen, abnehmbaren Dockf\u00fc\u00dfen und einem Reparaturset geliefert. Die Gangway ben\u00f6tigt einen Inflationsdruck von 1000 mbar (15 psi) und l\u00e4sst sich schnell und einfach installieren.<\/p>\n<p style=\"color: rgb(34, 34, 34); font-family: Arial, Helvetica, sans-serif; font-size: small;\">Sie k\u00f6nnen diese Gangway in nur 5 Minuten mit einer Handpumpe oder einem Elektromotor aufbauen, was sie zur idealen Wahl f\u00fcr diejenigen macht, die einen schnellen und effizienten Zugang zu ihrem Boot suchen.<\/p>\n<p style=\"color: rgb(34, 34, 34); font-family: Arial, Helvetica, sans-serif; font-size: small;\">Kompakt und Praktisch<\/p>\n<p style=\"color: rgb(34, 34, 34); font-family: Arial, Helvetica, sans-serif; font-size: small;\">Im deflierten Zustand misst die Gangway nur 70 x 40 x 18 cm, was die Lagerung und den Transport vereinfacht. Dieses kompakte Design erm\u00f6glicht es Ihnen, den verf\u00fcgbaren Platz optimal auszunutzen.<\/p>\n<p style=\"color: rgb(34, 34, 34); font-family: Arial, Helvetica, sans-serif; font-size: small;\">Sicherheit und Flexibilit\u00e4t<\/p>\n<p style=\"color: rgb(34, 34, 34); font-family: Arial, Helvetica, sans-serif; font-size: small;\">F\u00fcr zus\u00e4tzliche Sicherheit verf\u00fcgt die Plattform bei den Modellen 250 und 300 \u00fcber ein Doppelkammersystem sowie einen Doppel-Martingale. Bestimmte Modelle beinhalten auch abnehmbare K\u00f6rperschutzvorrichtungen, sodass Sie die Gangway mit oder ohne diese zus\u00e4tzlichen Sicherheitsmerkmale verwenden k\u00f6nnen.<\/p>\n<p style=\"color: rgb(34, 34, 34); font-family: Arial, Helvetica, sans-serif; font-size: small;\">Schutz und Langlebigkeit<\/p>\n<p style=\"color: rgb(34, 34, 34); font-family: Arial, Helvetica, sans-serif; font-size: small;\">Ein abnehmbares Verschlei\u00dfpolster sch\u00fctzt die Dockverbindung und verhindert Besch\u00e4digungen des Aufblasbaren beim Kontakt mit dem Hafensteg.<\/p>\n<p style=\"color: rgb(34, 34, 34); font-family: Arial, Helvetica, sans-serif; font-size: small;\">W\u00e4hlen Sie die aufblasbare Gangway von Tiki Factory f\u00fcr eine robuste, sichere und einfach zu handhabende L\u00f6sung, die jeden Seerausflug in ein wahres Vergn\u00fcgen verwandelt. Schlie\u00dfen Sie sich der Bewegung f\u00fcr einfachen und sicheren Zugang mit Tiki Factory an!<\/p>\n<p style=\"color: rgb(34, 34, 34); font-family: Arial, Helvetica, sans-serif; font-size: small;\">Aufgeblasene Abmessungen: 300 x 60 x 15 cm<br \/>Deflierte Abmessungen: 70 x 40 x 18 cm<br \/>Gewicht: 11 kg<br \/>Inflationszeit: 5 Minuten<\/p>\n","protected":false},"excerpt":{"rendered":"<p>Aufblasbare Gangway Tiki 300 x 50 x 15 cm &#8211; Wir pr\u00e4sentieren das aufblasbare Sup Gangway: eine leichte, strapazierf\u00e4hige und<\/p>\n","protected":false},"featured_media":5946966,"comment_status":"open","ping_status":"closed","template":"","meta":[],"product_brand":[3205],"product_cat":[1325],"product_tag":[],"class_list":{"0":"post-739053","1":"product","2":"type-product","3":"status-publish","4":"has-post-thumbnail","6":"product_brand-nova-argonautica-de","7":"product_cat-gangways-festmachen-und-ankern","9":"first","10":"instock","11":"shipping-taxable","12":"purchasable","13":"product-type-simple"},"_links":{"self":[{"href":"https:\/\/stoic-curie.212-227-153-4.plesk.page\/de\/wp-json\/wp\/v2\/product\/739053","targetHints":{"allow":["GET"]}}],"collection":[{"href":"https:\/\/stoic-curie.212-227-153-4.plesk.page\/de\/wp-json\/wp\/v2\/product"}],"about":[{"href":"https:\/\/stoic-curie.212-227-153-4.plesk.page\/de\/wp-json\/wp\/v2\/types\/product"}],"replies":[{"embeddable":true,"href":"https:\/\/stoic-curie.212-227-153-4.plesk.page\/de\/wp-json\/wp\/v2\/comments?post=739053"}],"version-history":[{"count":0,"href":"https:\/\/stoic-curie.212-227-153-4.plesk.page\/de\/wp-json\/wp\/v2\/product\/739053\/revisions"}],"wp:featuredmedia":[{"embeddable":true,"href":"https:\/\/stoic-curie.212-227-153-4.plesk.page\/de\/wp-json\/wp\/v2\/media\/5946966"}],"wp:attachment":[{"href":"https:\/\/stoic-curie.212-227-153-4.plesk.page\/de\/wp-json\/wp\/v2\/media?parent=739053"}],"wp:term":[{"taxonomy":"product_brand","embeddable":true,"href":"https:\/\/stoic-curie.212-227-153-4.plesk.page\/de\/wp-json\/wp\/v2\/product_brand?post=739053"},{"taxonomy":"product_cat","embeddable":true,"href":"https:\/\/stoic-curie.212-227-153-4.plesk.page\/de\/wp-json\/wp\/v2\/product_cat?post=739053"},{"taxonomy":"product_tag","embeddable":true,"href":"https:\/\/stoic-curie.212-227-153-4.plesk.page\/de\/wp-json\/wp\/v2\/product_tag?post=739053"}],"curies":[{"name":"wp","href":"https:\/\/api.w.org\/{rel}","templated":true}]}}