{"id":739054,"date":"2025-03-03T17:57:00","date_gmt":"2025-03-03T16:57:00","guid":{"rendered":"https:\/\/stoic-curie.212-227-153-4.plesk.page\/producto\/gummidichtung-3m-125-x-3-mm-15-m\/"},"modified":"2026-02-24T23:35:26","modified_gmt":"2026-02-24T23:35:26","slug":"gummidichtung-3m-125-x-3-mm-15-m","status":"publish","type":"product","link":"https:\/\/stoic-curie.212-227-153-4.plesk.page\/de\/product\/gummidichtung-3m-125-x-3-mm-15-m\/","title":{"rendered":"Gummidichtung 3M 12,5 x 3 mm 15 m"},"content":{"rendered":"<p>Gummidichtung 3M 12,5 x 3 mm 15 m &#8211; <\/p>\n<p>Wasserdichter Trim-Lok-Dichtungsstreifen f\u00fcr T\u00fcren, Klappen und Riegel. Komplett mit HT-Acrylkleber oder starkem 3M-Kleber, der speziell f\u00fcr den Au\u00dfenbereich geeignet ist. Dank der erweiterten EPDM-Gummistruktur l\u00e4sst er sich einfach montieren und passt sich perfekt der Form der Kante an. Packung mit 15 Metern.<\/p>\n","protected":false},"excerpt":{"rendered":"<p>Gummidichtung 3M 12,5 x 3 mm 15 m &#8211; Wasserdichter Trim-Lok-Dichtungsstreifen f\u00fcr T\u00fcren, Klappen und Riegel. Komplett mit HT-Acrylkleber oder<\/p>\n","protected":false},"featured_media":5949069,"comment_status":"open","ping_status":"closed","template":"","meta":[],"product_brand":[3480],"product_cat":[1415],"product_tag":[],"class_list":{"0":"post-739054","1":"product","2":"type-product","3":"status-publish","4":"has-post-thumbnail","6":"product_brand-tessilmare-de","7":"product_cat-bootsluken","9":"first","10":"instock","11":"shipping-taxable","12":"purchasable","13":"product-type-simple"},"_links":{"self":[{"href":"https:\/\/stoic-curie.212-227-153-4.plesk.page\/de\/wp-json\/wp\/v2\/product\/739054","targetHints":{"allow":["GET"]}}],"collection":[{"href":"https:\/\/stoic-curie.212-227-153-4.plesk.page\/de\/wp-json\/wp\/v2\/product"}],"about":[{"href":"https:\/\/stoic-curie.212-227-153-4.plesk.page\/de\/wp-json\/wp\/v2\/types\/product"}],"replies":[{"embeddable":true,"href":"https:\/\/stoic-curie.212-227-153-4.plesk.page\/de\/wp-json\/wp\/v2\/comments?post=739054"}],"version-history":[{"count":0,"href":"https:\/\/stoic-curie.212-227-153-4.plesk.page\/de\/wp-json\/wp\/v2\/product\/739054\/revisions"}],"wp:featuredmedia":[{"embeddable":true,"href":"https:\/\/stoic-curie.212-227-153-4.plesk.page\/de\/wp-json\/wp\/v2\/media\/5949069"}],"wp:attachment":[{"href":"https:\/\/stoic-curie.212-227-153-4.plesk.page\/de\/wp-json\/wp\/v2\/media?parent=739054"}],"wp:term":[{"taxonomy":"product_brand","embeddable":true,"href":"https:\/\/stoic-curie.212-227-153-4.plesk.page\/de\/wp-json\/wp\/v2\/product_brand?post=739054"},{"taxonomy":"product_cat","embeddable":true,"href":"https:\/\/stoic-curie.212-227-153-4.plesk.page\/de\/wp-json\/wp\/v2\/product_cat?post=739054"},{"taxonomy":"product_tag","embeddable":true,"href":"https:\/\/stoic-curie.212-227-153-4.plesk.page\/de\/wp-json\/wp\/v2\/product_tag?post=739054"}],"curies":[{"name":"wp","href":"https:\/\/api.w.org\/{rel}","templated":true}]}}