{"id":739062,"date":"2025-03-03T17:57:03","date_gmt":"2025-03-03T16:57:03","guid":{"rendered":"https:\/\/stoic-curie.212-227-153-4.plesk.page\/producto\/johnson-aqua-void-ultima-combo-800gph-12v\/"},"modified":"2026-02-24T23:35:26","modified_gmt":"2026-02-24T23:35:26","slug":"johnson-aqua-void-ultima-combo-800gph-12v","status":"publish","type":"product","link":"https:\/\/stoic-curie.212-227-153-4.plesk.page\/de\/product\/johnson-aqua-void-ultima-combo-800gph-12v\/","title":{"rendered":"Johnson Aqua Void Ultima Combo 800GPH 12v"},"content":{"rendered":"<p>Johnson Aqua Void Ultima Combo 800GPH 12v &#8211; <\/p>\n<p>Hochwertige und langlebige Johnson Aqua Void automatische Tauchbilgepumpe mit abnehmbarem Basis und Kopf f\u00fcr eine einfache Reinigung. Ausgestattet mit einem Ultima-Elektronikschalter, der die Pumpe automatisch aktiviert und deaktiviert, wenn sich Wasser in der Bilge befindet. Mit wasserdichtem Dr\u00e4htedichtung, Ersatzsicherungen und Deutsch-Anschluss f\u00fcr eine schnelle Trennung vom Netz w\u00e4hrend der Wartung. Thermoformk\u00f6rper mit wassergek\u00fchltem, versiegeltem Motor und Edelstahlwelle. 3\/4 Zoll-Gewindeanschluss mit 20 mm geraden und knickbaren Schlauchanschl\u00fcssen einschlie\u00dflich Dichtung und R\u00fcckschlagventil. Pumpenma\u00dfe 75 x 168 x H120 mm.<\/p>\n","protected":false},"excerpt":{"rendered":"<p>Johnson Aqua Void Ultima Combo 800GPH 12v &#8211; Hochwertige und langlebige Johnson Aqua Void automatische Tauchbilgepumpe mit abnehmbarem Basis und<\/p>\n","protected":false},"featured_media":5948977,"comment_status":"open","ping_status":"closed","template":"","meta":[],"product_brand":[3045],"product_cat":[1372],"product_tag":[],"class_list":{"0":"post-739062","1":"product","2":"type-product","3":"status-publish","4":"has-post-thumbnail","6":"product_brand-johnson-marine-de","7":"product_cat-elektrische-bilgepumpen","9":"first","10":"instock","11":"shipping-taxable","12":"purchasable","13":"product-type-simple"},"_links":{"self":[{"href":"https:\/\/stoic-curie.212-227-153-4.plesk.page\/de\/wp-json\/wp\/v2\/product\/739062","targetHints":{"allow":["GET"]}}],"collection":[{"href":"https:\/\/stoic-curie.212-227-153-4.plesk.page\/de\/wp-json\/wp\/v2\/product"}],"about":[{"href":"https:\/\/stoic-curie.212-227-153-4.plesk.page\/de\/wp-json\/wp\/v2\/types\/product"}],"replies":[{"embeddable":true,"href":"https:\/\/stoic-curie.212-227-153-4.plesk.page\/de\/wp-json\/wp\/v2\/comments?post=739062"}],"version-history":[{"count":0,"href":"https:\/\/stoic-curie.212-227-153-4.plesk.page\/de\/wp-json\/wp\/v2\/product\/739062\/revisions"}],"wp:featuredmedia":[{"embeddable":true,"href":"https:\/\/stoic-curie.212-227-153-4.plesk.page\/de\/wp-json\/wp\/v2\/media\/5948977"}],"wp:attachment":[{"href":"https:\/\/stoic-curie.212-227-153-4.plesk.page\/de\/wp-json\/wp\/v2\/media?parent=739062"}],"wp:term":[{"taxonomy":"product_brand","embeddable":true,"href":"https:\/\/stoic-curie.212-227-153-4.plesk.page\/de\/wp-json\/wp\/v2\/product_brand?post=739062"},{"taxonomy":"product_cat","embeddable":true,"href":"https:\/\/stoic-curie.212-227-153-4.plesk.page\/de\/wp-json\/wp\/v2\/product_cat?post=739062"},{"taxonomy":"product_tag","embeddable":true,"href":"https:\/\/stoic-curie.212-227-153-4.plesk.page\/de\/wp-json\/wp\/v2\/product_tag?post=739062"}],"curies":[{"name":"wp","href":"https:\/\/api.w.org\/{rel}","templated":true}]}}