{"id":739064,"date":"2025-03-03T17:57:03","date_gmt":"2025-03-03T16:57:03","guid":{"rendered":"https:\/\/stoic-curie.212-227-153-4.plesk.page\/producto\/deckboden-farbe-teak-100-x-200-cm\/"},"modified":"2026-02-24T23:35:26","modified_gmt":"2026-02-24T23:35:26","slug":"deckboden-farbe-teak-100-x-200-cm","status":"publish","type":"product","link":"https:\/\/stoic-curie.212-227-153-4.plesk.page\/de\/product\/deckboden-farbe-teak-100-x-200-cm\/","title":{"rendered":"Deckboden Farbe Teak 100 x 200 cm"},"content":{"rendered":"<p>Deckboden Farbe Teak 100 x 200 cm &#8211; <\/p>\n<p>Deckbelag aus EVA-Schaumstoff mit geschlossenen Zellen, das geformt und auf den zu belegenden Teil geklebt wird. Ideal f\u00fcr Br\u00fccken, Cockpits, Flybridges, Gangway, Durchg\u00e4nge und Eing\u00e4nge. Es macht alle Gehfl\u00e4chen rutschfest und gibt dem Boot das Aussehen einer Teakholz-Bekleidung. Das zweilagige Schaummaterial mit einer Dicke von 6 mm garantiert das perfekte Gleichgewicht zwischen Komfort und Widerstandsf\u00e4higkeit. Es ist sehr einfach zu reinigen und absorbiert keine Flecken. Zum Einbau ist ein Polyurethan-Kleber mit niedriger Dichte erforderlich.<\/p>\n","protected":false},"excerpt":{"rendered":"<p>Deckboden Farbe Teak 100 x 200 cm &#8211; Deckbelag aus EVA-Schaumstoff mit geschlossenen Zellen, das geformt und auf den zu<\/p>\n","protected":false},"featured_media":5949083,"comment_status":"open","ping_status":"closed","template":"","meta":[],"product_brand":[3450],"product_cat":[1342],"product_tag":[],"class_list":{"0":"post-739064","1":"product","2":"type-product","3":"status-publish","4":"has-post-thumbnail","6":"product_brand-tbs-de","7":"product_cat-anti-rutsch-band-und-rutschfeste-boeden","9":"first","10":"instock","11":"shipping-taxable","12":"purchasable","13":"product-type-simple"},"_links":{"self":[{"href":"https:\/\/stoic-curie.212-227-153-4.plesk.page\/de\/wp-json\/wp\/v2\/product\/739064","targetHints":{"allow":["GET"]}}],"collection":[{"href":"https:\/\/stoic-curie.212-227-153-4.plesk.page\/de\/wp-json\/wp\/v2\/product"}],"about":[{"href":"https:\/\/stoic-curie.212-227-153-4.plesk.page\/de\/wp-json\/wp\/v2\/types\/product"}],"replies":[{"embeddable":true,"href":"https:\/\/stoic-curie.212-227-153-4.plesk.page\/de\/wp-json\/wp\/v2\/comments?post=739064"}],"version-history":[{"count":0,"href":"https:\/\/stoic-curie.212-227-153-4.plesk.page\/de\/wp-json\/wp\/v2\/product\/739064\/revisions"}],"wp:featuredmedia":[{"embeddable":true,"href":"https:\/\/stoic-curie.212-227-153-4.plesk.page\/de\/wp-json\/wp\/v2\/media\/5949083"}],"wp:attachment":[{"href":"https:\/\/stoic-curie.212-227-153-4.plesk.page\/de\/wp-json\/wp\/v2\/media?parent=739064"}],"wp:term":[{"taxonomy":"product_brand","embeddable":true,"href":"https:\/\/stoic-curie.212-227-153-4.plesk.page\/de\/wp-json\/wp\/v2\/product_brand?post=739064"},{"taxonomy":"product_cat","embeddable":true,"href":"https:\/\/stoic-curie.212-227-153-4.plesk.page\/de\/wp-json\/wp\/v2\/product_cat?post=739064"},{"taxonomy":"product_tag","embeddable":true,"href":"https:\/\/stoic-curie.212-227-153-4.plesk.page\/de\/wp-json\/wp\/v2\/product_tag?post=739064"}],"curies":[{"name":"wp","href":"https:\/\/api.w.org\/{rel}","templated":true}]}}