{"id":739065,"date":"2025-03-03T17:57:03","date_gmt":"2025-03-03T16:57:03","guid":{"rendered":"https:\/\/stoic-curie.212-227-153-4.plesk.page\/producto\/bodenfarbe-grau-100-x-200-cm\/"},"modified":"2026-02-24T23:35:26","modified_gmt":"2026-02-24T23:35:26","slug":"bodenfarbe-grau-100-x-200-cm","status":"publish","type":"product","link":"https:\/\/stoic-curie.212-227-153-4.plesk.page\/de\/product\/bodenfarbe-grau-100-x-200-cm\/","title":{"rendered":"Bodenfarbe Grau 100 x 200 cm"},"content":{"rendered":"<p>Bodenfarbe Grau 100 x 200 cm &#8211; <\/p>\n<p>Deckbelag aus geschlossenporigem EVA-Schaum, das geformt und auf das zu bedeckende Teil geklebt werden kann. Ideal f\u00fcr Br\u00fccken, Cockpits, Flybridges, Gangways, Durchg\u00e4nge und Eing\u00e4nge. Es macht alle Gehfl\u00e4chen rutschfest und erneuert das Boot, sodass es wie eine Teak-Oberfl\u00e4che aussieht. Das zweilagige Schaummaterial mit einer Dicke von 6 mm garantiert eine perfekte Balance zwischen Komfort und Widerstandsf\u00e4higkeit, es ist sehr leicht zu reinigen und nimmt keine Flecken auf. Zum Einbau ist ein Polyurethanleim mit niedriger Dichte erforderlich.<\/p>\n","protected":false},"excerpt":{"rendered":"<p>Bodenfarbe Grau 100 x 200 cm &#8211; Deckbelag aus geschlossenporigem EVA-Schaum, das geformt und auf das zu bedeckende Teil geklebt<\/p>\n","protected":false},"featured_media":5949096,"comment_status":"open","ping_status":"closed","template":"","meta":[],"product_brand":[3450],"product_cat":[1342],"product_tag":[],"class_list":{"0":"post-739065","1":"product","2":"type-product","3":"status-publish","4":"has-post-thumbnail","6":"product_brand-tbs-de","7":"product_cat-anti-rutsch-band-und-rutschfeste-boeden","9":"first","10":"instock","11":"shipping-taxable","12":"purchasable","13":"product-type-simple"},"_links":{"self":[{"href":"https:\/\/stoic-curie.212-227-153-4.plesk.page\/de\/wp-json\/wp\/v2\/product\/739065","targetHints":{"allow":["GET"]}}],"collection":[{"href":"https:\/\/stoic-curie.212-227-153-4.plesk.page\/de\/wp-json\/wp\/v2\/product"}],"about":[{"href":"https:\/\/stoic-curie.212-227-153-4.plesk.page\/de\/wp-json\/wp\/v2\/types\/product"}],"replies":[{"embeddable":true,"href":"https:\/\/stoic-curie.212-227-153-4.plesk.page\/de\/wp-json\/wp\/v2\/comments?post=739065"}],"version-history":[{"count":0,"href":"https:\/\/stoic-curie.212-227-153-4.plesk.page\/de\/wp-json\/wp\/v2\/product\/739065\/revisions"}],"wp:featuredmedia":[{"embeddable":true,"href":"https:\/\/stoic-curie.212-227-153-4.plesk.page\/de\/wp-json\/wp\/v2\/media\/5949096"}],"wp:attachment":[{"href":"https:\/\/stoic-curie.212-227-153-4.plesk.page\/de\/wp-json\/wp\/v2\/media?parent=739065"}],"wp:term":[{"taxonomy":"product_brand","embeddable":true,"href":"https:\/\/stoic-curie.212-227-153-4.plesk.page\/de\/wp-json\/wp\/v2\/product_brand?post=739065"},{"taxonomy":"product_cat","embeddable":true,"href":"https:\/\/stoic-curie.212-227-153-4.plesk.page\/de\/wp-json\/wp\/v2\/product_cat?post=739065"},{"taxonomy":"product_tag","embeddable":true,"href":"https:\/\/stoic-curie.212-227-153-4.plesk.page\/de\/wp-json\/wp\/v2\/product_tag?post=739065"}],"curies":[{"name":"wp","href":"https:\/\/api.w.org\/{rel}","templated":true}]}}