{"id":739118,"date":"2025-03-03T17:57:57","date_gmt":"2025-03-03T16:57:57","guid":{"rendered":"https:\/\/stoic-curie.212-227-153-4.plesk.page\/producto\/edelstahl-ultra-anker-5kg\/"},"modified":"2026-02-24T23:35:26","modified_gmt":"2026-02-24T23:35:26","slug":"edelstahl-ultra-anker-5kg","status":"publish","type":"product","link":"https:\/\/stoic-curie.212-227-153-4.plesk.page\/de\/product\/edelstahl-ultra-anker-5kg\/","title":{"rendered":"Edelstahl-Ultra-Anker 5kg"},"content":{"rendered":"<p>Edelstahl-Ultra-Anker 5kg &#8211; <\/p>\n<p style=\"color: rgb(34, 34, 34); font-family: Arial, Helvetica, sans-serif; font-size: small;\"><strong>ULTRA MARINE UA5-11 &#8211; 5 kg (11 lbs) 316 Edelstahlanker<\/strong><\/p>\n<p style=\"color: rgb(34, 34, 34); font-family: Arial, Helvetica, sans-serif; font-size: small;\">Der UA5-11 gilt als der beste Edelstahlanker weltweit und ist bekannt f\u00fcr seine au\u00dfergew\u00f6hnliche Griffigkeit und Haltekraft. Seine sorgf\u00e4ltig optimierte Gewichtsverteilung garantiert die ideale Positionierung und den perfekten Winkel f\u00fcr effektives Eindringen. Das konkave Design sorgt f\u00fcr einen festen Halt unter verschiedenen See- und Windbedingungen. Dar\u00fcber hinaus verhindert das innovative Hinterbaudesign, dass die Kette sich um den Schaft wickelt, was eine sichere und problemloses R\u00fcckholung des Ankers aus jeder Verwicklung erleichtert.<\/p>\n<p style=\"color: rgb(34, 34, 34); font-family: Arial, Helvetica, sans-serif; font-size: small;\">Die ULTRA-Anker-Serie verk\u00f6rpert die h\u00f6chsten Standards der Ankertechnologie und Handwerkskunst. Jeder Anker wird sorgf\u00e4ltig aus 316 Edelstahl handgefertigt und bis zur Perfektion poliert, was eine un\u00fcbertroffene Qualit\u00e4t gew\u00e4hrleistet. Der ULTRA-Anker ist so konzipiert, dass er mit allen Bootstypen kompatibel ist und sicher auf dem Bugrollen befestigt werden kann. Er eignet sich f\u00fcr Segelboote bis zu 17 Fu\u00df, Motorboote bis zu 19 Fu\u00df und Katamarane bis zu 15 Fu\u00df.<\/p>\n<p style=\"color: rgb(34, 34, 34); font-family: Arial, Helvetica, sans-serif; font-size: small;\">Der ULTRA-Anker hebt die Bedeutung einer effektiven Gewichtsverteilung und des Designs sowohl beim Setzen als auch beim Bergen Ihres Ankers hervor. Sollte ein ULTRA-Anker umgedreht werden, w\u00fcrde er automatisch in seine Angriffsposition zur\u00fcckkehren.<\/p>\n<p style=\"color: rgb(34, 34, 34); font-family: Arial, Helvetica, sans-serif; font-size: small;\">Diese bemerkenswerte Leistung ist auf die innovativen, patentierten Merkmale des Ankers zur\u00fcckzuf\u00fchren, die eine gebogene, bleif\u00fcllte Spitze f\u00fcr sofortiges Eindringen, einen hohlen Schaft f\u00fcr eine optimale Gewichtsverteilung, konkave Basisfl\u00e4chen f\u00fcr eine verbesserte Haltekraft und gro\u00dfe Seitenfl\u00fcgelplatten, die ein L\u00f6sen bei wechselnden Wind- oder Tidebedingungen verhindern, umfassen. Jeder Anker besitzt zudem eine flache Pivotfl\u00e4che an der Unterseite f\u00fcr eine m\u00fchelose R\u00fcckholung.<\/p>\n<p style=\"color: rgb(34, 34, 34); font-family: Arial, Helvetica, sans-serif; font-size: small;\">Die ULTRA-Anker-Serie bietet Gr\u00f6\u00dfen von 5 kg (11 lbs) bis 360 kg (800 lbs). Hergestellt aus hochwertigen Materialien in Europa von spezialisierten Ingenieuren, wird der ULTRA-Anker mit einer LEBENSLANGEN GARANTIE angeboten.<\/p>\n","protected":false},"excerpt":{"rendered":"<p>Edelstahl-Ultra-Anker 5kg &#8211; ULTRA MARINE UA5-11 &#8211; 5 kg (11 lbs) 316 Edelstahlanker Der UA5-11 gilt als der beste Edelstahlanker<\/p>\n","protected":false},"featured_media":5946951,"comment_status":"open","ping_status":"closed","template":"","meta":[],"product_brand":[3495],"product_cat":[1580],"product_tag":[],"class_list":{"0":"post-739118","1":"product","2":"type-product","3":"status-publish","4":"has-post-thumbnail","6":"product_brand-ultra-marine-de","7":"product_cat-anker-ultra","9":"first","10":"instock","11":"shipping-taxable","12":"purchasable","13":"product-type-simple"},"_links":{"self":[{"href":"https:\/\/stoic-curie.212-227-153-4.plesk.page\/de\/wp-json\/wp\/v2\/product\/739118","targetHints":{"allow":["GET"]}}],"collection":[{"href":"https:\/\/stoic-curie.212-227-153-4.plesk.page\/de\/wp-json\/wp\/v2\/product"}],"about":[{"href":"https:\/\/stoic-curie.212-227-153-4.plesk.page\/de\/wp-json\/wp\/v2\/types\/product"}],"replies":[{"embeddable":true,"href":"https:\/\/stoic-curie.212-227-153-4.plesk.page\/de\/wp-json\/wp\/v2\/comments?post=739118"}],"version-history":[{"count":0,"href":"https:\/\/stoic-curie.212-227-153-4.plesk.page\/de\/wp-json\/wp\/v2\/product\/739118\/revisions"}],"wp:featuredmedia":[{"embeddable":true,"href":"https:\/\/stoic-curie.212-227-153-4.plesk.page\/de\/wp-json\/wp\/v2\/media\/5946951"}],"wp:attachment":[{"href":"https:\/\/stoic-curie.212-227-153-4.plesk.page\/de\/wp-json\/wp\/v2\/media?parent=739118"}],"wp:term":[{"taxonomy":"product_brand","embeddable":true,"href":"https:\/\/stoic-curie.212-227-153-4.plesk.page\/de\/wp-json\/wp\/v2\/product_brand?post=739118"},{"taxonomy":"product_cat","embeddable":true,"href":"https:\/\/stoic-curie.212-227-153-4.plesk.page\/de\/wp-json\/wp\/v2\/product_cat?post=739118"},{"taxonomy":"product_tag","embeddable":true,"href":"https:\/\/stoic-curie.212-227-153-4.plesk.page\/de\/wp-json\/wp\/v2\/product_tag?post=739118"}],"curies":[{"name":"wp","href":"https:\/\/api.w.org\/{rel}","templated":true}]}}