{"id":739138,"date":"2025-03-03T17:58:40","date_gmt":"2025-03-03T16:58:40","guid":{"rendered":"https:\/\/stoic-curie.212-227-153-4.plesk.page\/producto\/vitrifrigo-d20a-weiss\/"},"modified":"2026-02-24T23:35:26","modified_gmt":"2026-02-24T23:35:26","slug":"vitrifrigo-d20a-weiss","status":"publish","type":"product","link":"https:\/\/stoic-curie.212-227-153-4.plesk.page\/de\/product\/vitrifrigo-d20a-weiss\/","title":{"rendered":"K\u00fchlschrank Vitrifrigo D20A Wei\u00df"},"content":{"rendered":"<p>K\u00fchlschrank Vitrifrigo D20A Wei\u00df &#8211; <\/p>\n<p style=\"color: rgb(34, 34, 34); font-family: Arial, Helvetica, sans-serif; font-size: small;\"><strong>All-in-One K\u00fchlschrank oder Gefrierschrank, D20A, Wei\u00df, Vitrifrigo<\/strong><\/p>\n<p style=\"color: rgb(34, 34, 34); font-family: Arial, Helvetica, sans-serif; font-size: small;\">Der kompakte Schubk\u00fchlschrank D20A bietet eine moderne L\u00f6sung f\u00fcr Ihre K\u00fchlbed\u00fcrfnisse. Dieses Vitrifrigo-Ger\u00e4t arbeitet mit einem externen Danfoss-K\u00fchlsystem, das bis zu 1,5 Meter entfernt positioniert werden kann, und verf\u00fcgt \u00fcber eine benutzerfreundliche Schubladen\u00f6ffnung. Mit dem digitalen Thermostat k\u00f6nnen Sie das Fach ganz einfach entweder als K\u00fchlschrank oder als Gefrierschrank auf die gew\u00fcnschte Temperatur einstellen.<\/p>\n<p style=\"color: rgb(34, 34, 34); font-family: Arial, Helvetica, sans-serif; font-size: small;\">Mit einem Gesamtnutzvolumen von 20 Litern und einem leichten Design von nur 15 kg ist der D20A speziell f\u00fcr den Einsatz in engen R\u00e4umen konzipiert.<\/p>\n<p style=\"color: rgb(34, 34, 34); font-family: Arial, Helvetica, sans-serif; font-size: small;\">Das digitale Thermostat erm\u00f6glicht es Ihnen, die Temperatureinstellungen zwischen +10 und -10 Grad zu \u00e4ndern. Dar\u00fcber hinaus verf\u00fcgt es \u00fcber eine spezielle &#8216;Nachtmodus&#8217;-Funktion, die Energie spart und das Ger\u00e4uschniveau erheblich senkt.<\/p>\n<p style=\"color: rgb(34, 34, 34); font-family: Arial, Helvetica, sans-serif; font-size: small;\">Die externe K\u00fchl Einheit erh\u00f6ht die Flexibilit\u00e4t und Anpassungsf\u00e4higkeit dieses Produkts. Der D20A ist in zwei Farbvarianten erh\u00e4ltlich: Wei\u00df und Schwarz.<\/p>\n<p style=\"color: rgb(34, 34, 34); font-family: Arial, Helvetica, sans-serif; font-size: small;\"><strong>Spezifikationen:<\/strong><\/p>\n<ul style=\"color: rgb(34, 34, 34); font-family: Arial, Helvetica, sans-serif; font-size: small;\">\n<li><strong>T\u00fcrfinish:<\/strong> ABS<\/li>\n<li><strong>Kapazit\u00e4t:<\/strong> 20 Liter<\/li>\n<li><strong>H\u00f6he:<\/strong> 250 mm<\/li>\n<li><strong>L\u00e4nge:<\/strong> 440 mm<\/li>\n<li><strong>Tiefe:<\/strong> 445 mm<\/li>\n<li><strong>Gewicht:<\/strong> 15 kg<\/li>\n<li><strong>Serie:<\/strong> Kompakt Schublade<\/li>\n<li><strong>Umkehrbare T\u00fcr:<\/strong> Nein<\/li>\n<li><strong>Thermostat:<\/strong> LED<\/li>\n<li><strong>K\u00fchltechnologie:<\/strong> Kompressor<\/li>\n<li><strong>K\u00fchlger\u00e4t:<\/strong> Intern<\/li>\n<li><strong>T\u00fcraufmachung:<\/strong> Schubladen\u00f6ffnung<\/li>\n<li><strong>Spannung:<\/strong> 12\/24 VDC<\/li>\n<\/ul>\n","protected":false},"excerpt":{"rendered":"<p>K\u00fchlschrank Vitrifrigo D20A Wei\u00df &#8211; All-in-One K\u00fchlschrank oder Gefrierschrank, D20A, Wei\u00df, Vitrifrigo Der kompakte Schubk\u00fchlschrank D20A bietet eine moderne L\u00f6sung<\/p>\n","protected":false},"featured_media":5949113,"comment_status":"open","ping_status":"closed","template":"","meta":[],"product_brand":[3525],"product_cat":[1464],"product_tag":[],"class_list":{"0":"post-739138","1":"product","2":"type-product","3":"status-publish","4":"has-post-thumbnail","6":"product_brand-vitrifrigo-de","7":"product_cat-kuehlschraenke-und-gefriertruhen","9":"first","10":"instock","11":"shipping-taxable","12":"purchasable","13":"product-type-simple"},"_links":{"self":[{"href":"https:\/\/stoic-curie.212-227-153-4.plesk.page\/de\/wp-json\/wp\/v2\/product\/739138","targetHints":{"allow":["GET"]}}],"collection":[{"href":"https:\/\/stoic-curie.212-227-153-4.plesk.page\/de\/wp-json\/wp\/v2\/product"}],"about":[{"href":"https:\/\/stoic-curie.212-227-153-4.plesk.page\/de\/wp-json\/wp\/v2\/types\/product"}],"replies":[{"embeddable":true,"href":"https:\/\/stoic-curie.212-227-153-4.plesk.page\/de\/wp-json\/wp\/v2\/comments?post=739138"}],"version-history":[{"count":0,"href":"https:\/\/stoic-curie.212-227-153-4.plesk.page\/de\/wp-json\/wp\/v2\/product\/739138\/revisions"}],"wp:featuredmedia":[{"embeddable":true,"href":"https:\/\/stoic-curie.212-227-153-4.plesk.page\/de\/wp-json\/wp\/v2\/media\/5949113"}],"wp:attachment":[{"href":"https:\/\/stoic-curie.212-227-153-4.plesk.page\/de\/wp-json\/wp\/v2\/media?parent=739138"}],"wp:term":[{"taxonomy":"product_brand","embeddable":true,"href":"https:\/\/stoic-curie.212-227-153-4.plesk.page\/de\/wp-json\/wp\/v2\/product_brand?post=739138"},{"taxonomy":"product_cat","embeddable":true,"href":"https:\/\/stoic-curie.212-227-153-4.plesk.page\/de\/wp-json\/wp\/v2\/product_cat?post=739138"},{"taxonomy":"product_tag","embeddable":true,"href":"https:\/\/stoic-curie.212-227-153-4.plesk.page\/de\/wp-json\/wp\/v2\/product_tag?post=739138"}],"curies":[{"name":"wp","href":"https:\/\/api.w.org\/{rel}","templated":true}]}}