{"id":739141,"date":"2025-03-03T17:58:40","date_gmt":"2025-03-03T16:58:40","guid":{"rendered":"https:\/\/stoic-curie.212-227-153-4.plesk.page\/producto\/vitrifrigo-d30a-schwarz\/"},"modified":"2026-02-24T23:35:26","modified_gmt":"2026-02-24T23:35:26","slug":"vitrifrigo-d30a-schwarz","status":"publish","type":"product","link":"https:\/\/stoic-curie.212-227-153-4.plesk.page\/de\/product\/vitrifrigo-d30a-schwarz\/","title":{"rendered":"Vitrifrigo D30A Schwarz"},"content":{"rendered":"<p>Vitrifrigo D30A Schwarz &#8211; <\/p>\n<p style=\"color: rgb(34, 34, 34); font-family: Arial, Helvetica, sans-serif; font-size: small;\"><strong>All-in-One K\u00fchlschrank oder Gefrierschrank, D30A, Schwarz, Vitrifrigo<\/strong><\/p>\n<p style=\"color: rgb(34, 34, 34); font-family: Arial, Helvetica, sans-serif; font-size: small;\">Der D30A kompakte Schubladenk\u00fchlschrank ist eine innovative L\u00f6sung f\u00fcr Ihre K\u00fchlbed\u00fcrfnisse. Dieser Vitrifrigo K\u00fchlschrank verf\u00fcgt \u00fcber eine externe Danfoss K\u00fchlungseinheit, die bis zu 1,5 Meter entfernt platziert werden kann, sowie eine praktische Schubladen\u00f6ffnung. Das digitale Thermostat-Panel erm\u00f6glicht es Ihnen, den Bereich entweder als K\u00fchlschrank oder als Gefrierfach auf Ihre bevorzugte Temperatur einzustellen.<\/p>\n<p style=\"color: rgb(34, 34, 34); font-family: Arial, Helvetica, sans-serif; font-size: small;\">Mit einem Gesamtvolumen von 30 Litern und einem Gewicht von nur 17 kg ist dieser K\u00fchlschrank f\u00fcr enge R\u00e4ume konzipiert.<\/p>\n<p style=\"color: rgb(34, 34, 34); font-family: Arial, Helvetica, sans-serif; font-size: small;\">Das digitale Thermostat erm\u00f6glicht nicht nur die Temperatureinstellung zwischen +10 und -10 Grad, sondern umfasst auch eine \u201eNachtmodus\u201c-Funktion. Dieser Modus hilft, Energie zu sparen und h\u00e4lt die Ger\u00e4uschpegel extrem niedrig.<\/p>\n<p style=\"color: rgb(34, 34, 34); font-family: Arial, Helvetica, sans-serif; font-size: small;\">Die externe K\u00fchlungseinheit des D30A sorgt f\u00fcr Flexibilit\u00e4t und Vielseitigkeit dieses Produkts. Er ist in zwei Farben erh\u00e4ltlich: Wei\u00df und Schwarz.<\/p>\n<p style=\"color: rgb(34, 34, 34); font-family: Arial, Helvetica, sans-serif; font-size: small;\"><strong>Spezifikationen:<\/strong><\/p>\n<ul style=\"color: rgb(34, 34, 34); font-family: Arial, Helvetica, sans-serif; font-size: small;\">\n<li><strong>T\u00fcrfinish:<\/strong> ABS<\/li>\n<li><strong>Kapazit\u00e4t:<\/strong> 30 Liter<\/li>\n<li><strong>H\u00f6he:<\/strong> 250 mm<\/li>\n<li><strong>L\u00e4nge:<\/strong> 440 mm<\/li>\n<li><strong>Tiefe:<\/strong> 585 mm<\/li>\n<li><strong>Gewicht:<\/strong> 17 kg<\/li>\n<li><strong>Serie:<\/strong> Kompakte Schublade<\/li>\n<li><strong>Umkehrbare T\u00fcr:<\/strong> Nein<\/li>\n<li><strong>Thermostat:<\/strong> LED<\/li>\n<li><strong>K\u00fchltechnologie:<\/strong> Kompressor<\/li>\n<li><strong>K\u00fchlungseinheit:<\/strong> Intern<\/li>\n<li><strong>T\u00fcr\u00f6ffnung:<\/strong> Schubladen\u00f6ffnung<\/li>\n<li><strong>Spannung:<\/strong> 12\/24 VDC<\/li>\n<\/ul>\n","protected":false},"excerpt":{"rendered":"<p>Vitrifrigo D30A Schwarz &#8211; All-in-One K\u00fchlschrank oder Gefrierschrank, D30A, Schwarz, Vitrifrigo Der D30A kompakte Schubladenk\u00fchlschrank ist eine innovative L\u00f6sung f\u00fcr<\/p>\n","protected":false},"featured_media":5949119,"comment_status":"open","ping_status":"closed","template":"","meta":[],"product_brand":[3525],"product_cat":[1464],"product_tag":[],"class_list":{"0":"post-739141","1":"product","2":"type-product","3":"status-publish","4":"has-post-thumbnail","6":"product_brand-vitrifrigo-de","7":"product_cat-kuehlschraenke-und-gefriertruhen","9":"first","10":"instock","11":"shipping-taxable","12":"purchasable","13":"product-type-simple"},"_links":{"self":[{"href":"https:\/\/stoic-curie.212-227-153-4.plesk.page\/de\/wp-json\/wp\/v2\/product\/739141","targetHints":{"allow":["GET"]}}],"collection":[{"href":"https:\/\/stoic-curie.212-227-153-4.plesk.page\/de\/wp-json\/wp\/v2\/product"}],"about":[{"href":"https:\/\/stoic-curie.212-227-153-4.plesk.page\/de\/wp-json\/wp\/v2\/types\/product"}],"replies":[{"embeddable":true,"href":"https:\/\/stoic-curie.212-227-153-4.plesk.page\/de\/wp-json\/wp\/v2\/comments?post=739141"}],"version-history":[{"count":0,"href":"https:\/\/stoic-curie.212-227-153-4.plesk.page\/de\/wp-json\/wp\/v2\/product\/739141\/revisions"}],"wp:featuredmedia":[{"embeddable":true,"href":"https:\/\/stoic-curie.212-227-153-4.plesk.page\/de\/wp-json\/wp\/v2\/media\/5949119"}],"wp:attachment":[{"href":"https:\/\/stoic-curie.212-227-153-4.plesk.page\/de\/wp-json\/wp\/v2\/media?parent=739141"}],"wp:term":[{"taxonomy":"product_brand","embeddable":true,"href":"https:\/\/stoic-curie.212-227-153-4.plesk.page\/de\/wp-json\/wp\/v2\/product_brand?post=739141"},{"taxonomy":"product_cat","embeddable":true,"href":"https:\/\/stoic-curie.212-227-153-4.plesk.page\/de\/wp-json\/wp\/v2\/product_cat?post=739141"},{"taxonomy":"product_tag","embeddable":true,"href":"https:\/\/stoic-curie.212-227-153-4.plesk.page\/de\/wp-json\/wp\/v2\/product_tag?post=739141"}],"curies":[{"name":"wp","href":"https:\/\/api.w.org\/{rel}","templated":true}]}}