{"id":739142,"date":"2025-03-03T17:58:41","date_gmt":"2025-03-03T16:58:41","guid":{"rendered":"https:\/\/stoic-curie.212-227-153-4.plesk.page\/producto\/vitrifrigo-c62dwi\/"},"modified":"2026-02-24T23:35:26","modified_gmt":"2026-02-24T23:35:26","slug":"vitrifrigo-c62dwi","status":"publish","type":"product","link":"https:\/\/stoic-curie.212-227-153-4.plesk.page\/de\/product\/vitrifrigo-c62dwi\/","title":{"rendered":"K\u00fchlschrank-Gefrierschrank Vitrifrigo C62DWi"},"content":{"rendered":"<p>K\u00fchlschrank-Gefrierschrank Vitrifrigo C62DWi &#8211; <\/p>\n<p style=\"color: rgb(34, 34, 34); font-family: Arial, Helvetica, sans-serif; font-size: small;\">Wir pr\u00e4sentieren den C62DWi CHR HP K\u00fchlschrank-Gefrierschrank in Grau von Vitrifrigo. Dieser Schubladen-K\u00fchlschrank arbeitet mit einer 12\/24V internen Danfoss-K\u00fchleinheit und verf\u00fcgt \u00fcber eine Schublade, die zur Bel\u00fcftung w\u00e4hrend der Nichtbenutzung positioniert werden kann. Er ist mit einer LED-Beleuchtung und einem mechanischen Thermostat f\u00fcr eine einfache Bedienung ausgestattet.<\/p>\n<p style=\"color: rgb(34, 34, 34); font-family: Arial, Helvetica, sans-serif; font-size: small;\">Der C62DWi CHR HP aus der Chromelock-Serie bietet eine Gesamtkapazit\u00e4t von 62 Litern, einschlie\u00dflich eines 4,5-Liter optionalen Gefrierfachs. Die interne K\u00fchleinheit ist darauf ausgelegt, die Effizienz auf kleinstem Raum zu maximieren.<\/p>\n<p style=\"color: rgb(34, 34, 34); font-family: Arial, Helvetica, sans-serif; font-size: small;\">Dieses Modell verf\u00fcgt \u00fcber die CHR HP (Hochleistungs-)Version, die den NextGen R600a Kompressor umfasst. Dieser innovative Kompressor ist speziell f\u00fcr die mobile K\u00fchlung konzipiert und verwendet das nat\u00fcrliche Gas R600a, das hohe Leistung mit geringer Umweltbelastung und hervorragender Energieeffizienz bietet. Dar\u00fcber hinaus reduziert der NextGen-Kompressor das Gesamtgewicht des K\u00fchlschrank-Gefrierschrankes, wodurch er 3 kg leichter ist als herk\u00f6mmliche Modelle. Modelle mit diesem Kompressor k\u00f6nnen Sie an dem HP-Code erkennen.<\/p>\n<p style=\"color: rgb(34, 34, 34); font-family: Arial, Helvetica, sans-serif; font-size: small;\">Das Design des C62DWi CHR HP legt Wert auf Praktikabilit\u00e4t und Sicherheit. Die Schublade, die mit einem grauen Panel und einem Schnappverschluss ausgestattet ist, wurde entwickelt, um ungewollte \u00d6ffnungen zu verhindern und somit zus\u00e4tzliche Zuverl\u00e4ssigkeit zu gew\u00e4hrleisten. Ein bemerkenswertes Merkmal ist das integrierte &#8220;Ventilationsposition&#8221;-System im Griff, das es erm\u00f6glicht, die T\u00fcr w\u00e4hrend der Nichtbenutzung teilweise offen zu lassen. Diese Funktion hilft, Schimmel und unangenehme Ger\u00fcche zu vermeiden und verbessert die Lebensmittelhaltung.<\/p>\n<p style=\"color: rgb(34, 34, 34); font-family: Arial, Helvetica, sans-serif; font-size: small;\">Spezifikationen:<\/p>\n<ul style=\"color: rgb(34, 34, 34); font-family: Arial, Helvetica, sans-serif; font-size: small;\">\n<li>Kapazit\u00e4t: 62 Liter<\/li>\n<li>H\u00f6he: 530 mm<\/li>\n<li>L\u00e4nge: 450 mm<\/li>\n<li>Tiefe: 543 mm<\/li>\n<li>Gewicht: 16,5 kg<\/li>\n<li>Serie: Chromelock<\/li>\n<li>Umkehrbare T\u00fcr: Nein<\/li>\n<li>Thermostat: Mechanisch<\/li>\n<li>K\u00fchltechnologie: Kompressor<\/li>\n<li>K\u00fchleinheit: Extern<\/li>\n<li>T\u00fcr\u00f6ffnung: Schubladen\u00f6ffnung<\/li>\n<li>Spannung: 12\/24 VDC<\/li>\n<\/ul>\n<p style=\"color: rgb(34, 34, 34); font-family: Arial, Helvetica, sans-serif; font-size: small;\">Dieser K\u00fchlschrank-Gefrierschrank ist eine ausgezeichnete Wahl f\u00fcr diejenigen, die Effizienz und Zuverl\u00e4ssigkeit in ihren mobilen K\u00fchl-L\u00f6sungen suchen.<\/p>\n","protected":false},"excerpt":{"rendered":"<p>K\u00fchlschrank-Gefrierschrank Vitrifrigo C62DWi &#8211; Wir pr\u00e4sentieren den C62DWi CHR HP K\u00fchlschrank-Gefrierschrank in Grau von Vitrifrigo. Dieser Schubladen-K\u00fchlschrank arbeitet mit einer<\/p>\n","protected":false},"featured_media":5949120,"comment_status":"open","ping_status":"closed","template":"","meta":[],"product_brand":[3525],"product_cat":[1464],"product_tag":[],"class_list":{"0":"post-739142","1":"product","2":"type-product","3":"status-publish","4":"has-post-thumbnail","6":"product_brand-vitrifrigo-de","7":"product_cat-kuehlschraenke-und-gefriertruhen","9":"first","10":"instock","11":"shipping-taxable","12":"purchasable","13":"product-type-simple"},"_links":{"self":[{"href":"https:\/\/stoic-curie.212-227-153-4.plesk.page\/de\/wp-json\/wp\/v2\/product\/739142","targetHints":{"allow":["GET"]}}],"collection":[{"href":"https:\/\/stoic-curie.212-227-153-4.plesk.page\/de\/wp-json\/wp\/v2\/product"}],"about":[{"href":"https:\/\/stoic-curie.212-227-153-4.plesk.page\/de\/wp-json\/wp\/v2\/types\/product"}],"replies":[{"embeddable":true,"href":"https:\/\/stoic-curie.212-227-153-4.plesk.page\/de\/wp-json\/wp\/v2\/comments?post=739142"}],"version-history":[{"count":0,"href":"https:\/\/stoic-curie.212-227-153-4.plesk.page\/de\/wp-json\/wp\/v2\/product\/739142\/revisions"}],"wp:featuredmedia":[{"embeddable":true,"href":"https:\/\/stoic-curie.212-227-153-4.plesk.page\/de\/wp-json\/wp\/v2\/media\/5949120"}],"wp:attachment":[{"href":"https:\/\/stoic-curie.212-227-153-4.plesk.page\/de\/wp-json\/wp\/v2\/media?parent=739142"}],"wp:term":[{"taxonomy":"product_brand","embeddable":true,"href":"https:\/\/stoic-curie.212-227-153-4.plesk.page\/de\/wp-json\/wp\/v2\/product_brand?post=739142"},{"taxonomy":"product_cat","embeddable":true,"href":"https:\/\/stoic-curie.212-227-153-4.plesk.page\/de\/wp-json\/wp\/v2\/product_cat?post=739142"},{"taxonomy":"product_tag","embeddable":true,"href":"https:\/\/stoic-curie.212-227-153-4.plesk.page\/de\/wp-json\/wp\/v2\/product_tag?post=739142"}],"curies":[{"name":"wp","href":"https:\/\/api.w.org\/{rel}","templated":true}]}}