{"id":739143,"date":"2025-03-03T17:58:41","date_gmt":"2025-03-03T16:58:41","guid":{"rendered":"https:\/\/stoic-curie.212-227-153-4.plesk.page\/producto\/vitrifrigo-c51ix\/"},"modified":"2026-02-24T23:35:26","modified_gmt":"2026-02-24T23:35:26","slug":"vitrifrigo-c51ix","status":"publish","type":"product","link":"https:\/\/stoic-curie.212-227-153-4.plesk.page\/de\/product\/vitrifrigo-c51ix\/","title":{"rendered":"K\u00fchlschrank-Gefrierkombination Vitrifrigo C51iX"},"content":{"rendered":"<p>K\u00fchlschrank-Gefrierkombination Vitrifrigo C51iX &#8211; <\/p>\n<p style=\"color: rgb(34, 34, 34); font-family: Arial, Helvetica, sans-serif; font-size: small;\">Wir pr\u00e4sentieren den Vitrifrigo C51iX OCX2 K\u00fchlschrank-Gefrierschrank, der aus rostfreiem Stahl gefertigt ist. Dieses Modell bietet ein langlebiges Geh\u00e4use aus Edelstahl und ist mit einer 12\/24V internen Danfoss-K\u00fchlungseinheit ausgestattet. Au\u00dferdem verf\u00fcgt es \u00fcber eine umkehrbare T\u00fcr, die zur Bel\u00fcftung w\u00e4hrend Nichtgebrauchs eingestellt werden kann. Der K\u00fchlschrank-Gefrierschrank ist mit einem LED-Licht, einem mechanischen Thermostat und einem Schiebemechanismus f\u00fcr eine einfache Installation ausgestattet, egal ob eingebaut oder b\u00fcndig mit der T\u00fcr.<\/p>\n<p style=\"color: rgb(34, 34, 34); font-family: Arial, Helvetica, sans-serif; font-size: small;\">Der C51iX OCX2 aus der OCX2-Serie ist eine ausgezeichnete Wahl mit einem Gesamtvolumen von 51 Litern, einschlie\u00dflich eines 3,6-Liter-Gefrierfachs. Die K\u00fchl Einheit befindet sich bequem im Inneren des Ger\u00e4ts.<\/p>\n<p style=\"color: rgb(34, 34, 34); font-family: Arial, Helvetica, sans-serif; font-size: small;\">Eine der herausragenden Eigenschaften ist der Schnappverschluss der T\u00fcr, der ungewolltes \u00d6ffnen verhindert. Dar\u00fcber hinaus verf\u00fcgt der T\u00fcrgriff \u00fcber eine Funktion zur &#8220;Bel\u00fcftungsposition&#8221;, die eine teilweise \u00d6ffnung w\u00e4hrend der Inaktivit\u00e4t erm\u00f6glicht. Dies hilft, unangenehme Ger\u00fcche und Schimmelbildung im Inneren zu vermeiden.<\/p>\n<p style=\"color: rgb(34, 34, 34); font-family: Arial, Helvetica, sans-serif; font-size: small;\"><strong>Technische Daten:<\/strong><\/p>\n<ul style=\"color: rgb(34, 34, 34); font-family: Arial, Helvetica, sans-serif; font-size: small;\">\n<li><strong>T\u00fcrfinish:<\/strong> Edelstahl<\/li>\n<li><strong>Kapazit\u00e4t:<\/strong> 51 Liter<\/li>\n<li><strong>H\u00f6he:<\/strong> 545 mm<\/li>\n<li><strong>L\u00e4nge:<\/strong> 443 mm<\/li>\n<li><strong>Tiefe:<\/strong> 515 mm<\/li>\n<li><strong>Serie:<\/strong> OCX2<\/li>\n<li><strong>Umkehrbare T\u00fcr:<\/strong> Ja<\/li>\n<li><strong>Thermostat:<\/strong> Mechanisch<\/li>\n<li><strong>K\u00fchltechnologie:<\/strong> Kompressor<\/li>\n<li><strong>K\u00fchlungseinheit:<\/strong> Intern<\/li>\n<li><strong>T\u00fcr\u00f6ffnung:<\/strong> Einzelt\u00fcr<\/li>\n<li><strong>Spannung:<\/strong> 12\/24 VDC<\/li>\n<\/ul>\n<p style=\"color: rgb(34, 34, 34); font-family: Arial, Helvetica, sans-serif; font-size: small;\">Dieser K\u00fchlschrank-Gefrierschrank kombiniert Funktionalit\u00e4t und Stil und ist eine hervorragende Erg\u00e4nzung f\u00fcr Ihr Boot oder Ihren Au\u00dfenbereich.<\/p>\n","protected":false},"excerpt":{"rendered":"<p>K\u00fchlschrank-Gefrierkombination Vitrifrigo C51iX &#8211; Wir pr\u00e4sentieren den Vitrifrigo C51iX OCX2 K\u00fchlschrank-Gefrierschrank, der aus rostfreiem Stahl gefertigt ist. Dieses Modell bietet<\/p>\n","protected":false},"featured_media":5949126,"comment_status":"open","ping_status":"closed","template":"","meta":[],"product_brand":[3525],"product_cat":[1464],"product_tag":[],"class_list":{"0":"post-739143","1":"product","2":"type-product","3":"status-publish","4":"has-post-thumbnail","6":"product_brand-vitrifrigo-de","7":"product_cat-kuehlschraenke-und-gefriertruhen","9":"first","10":"instock","11":"shipping-taxable","12":"purchasable","13":"product-type-simple"},"_links":{"self":[{"href":"https:\/\/stoic-curie.212-227-153-4.plesk.page\/de\/wp-json\/wp\/v2\/product\/739143","targetHints":{"allow":["GET"]}}],"collection":[{"href":"https:\/\/stoic-curie.212-227-153-4.plesk.page\/de\/wp-json\/wp\/v2\/product"}],"about":[{"href":"https:\/\/stoic-curie.212-227-153-4.plesk.page\/de\/wp-json\/wp\/v2\/types\/product"}],"replies":[{"embeddable":true,"href":"https:\/\/stoic-curie.212-227-153-4.plesk.page\/de\/wp-json\/wp\/v2\/comments?post=739143"}],"version-history":[{"count":0,"href":"https:\/\/stoic-curie.212-227-153-4.plesk.page\/de\/wp-json\/wp\/v2\/product\/739143\/revisions"}],"wp:featuredmedia":[{"embeddable":true,"href":"https:\/\/stoic-curie.212-227-153-4.plesk.page\/de\/wp-json\/wp\/v2\/media\/5949126"}],"wp:attachment":[{"href":"https:\/\/stoic-curie.212-227-153-4.plesk.page\/de\/wp-json\/wp\/v2\/media?parent=739143"}],"wp:term":[{"taxonomy":"product_brand","embeddable":true,"href":"https:\/\/stoic-curie.212-227-153-4.plesk.page\/de\/wp-json\/wp\/v2\/product_brand?post=739143"},{"taxonomy":"product_cat","embeddable":true,"href":"https:\/\/stoic-curie.212-227-153-4.plesk.page\/de\/wp-json\/wp\/v2\/product_cat?post=739143"},{"taxonomy":"product_tag","embeddable":true,"href":"https:\/\/stoic-curie.212-227-153-4.plesk.page\/de\/wp-json\/wp\/v2\/product_tag?post=739143"}],"curies":[{"name":"wp","href":"https:\/\/api.w.org\/{rel}","templated":true}]}}